{"id":3585,"date":"2025-06-17T23:29:39","date_gmt":"2025-06-17T20:29:39","guid":{"rendered":"https:\/\/aromour.lt\/nosacijumi-precu-atgriesanai\/"},"modified":"2025-11-19T16:37:09","modified_gmt":"2025-11-19T13:37:09","slug":"nosacijumi-precu-atgriesanai","status":"publish","type":"page","link":"https:\/\/aromour.lt\/lv\/nosacijumi-precu-atgriesanai\/","title":{"rendered":"Nosac\u012bjumi pre\u010du atgrie\u0161anai"},"content":{"rendered":"\t\t<div data-elementor-type=\"wp-page\" data-elementor-id=\"3585\" class=\"elementor elementor-3585 elementor-14\" data-elementor-post-type=\"page\">\n\t\t\t\t<div class=\"wd-negative-gap elementor-element elementor-element-109fefd6 e-flex e-con-boxed e-con e-parent\" data-id=\"109fefd6\" data-element_type=\"container\" data-e-type=\"container\">\n\t\t\t\t\t<div class=\"e-con-inner\">\n\t\t\t\t<div class=\"elementor-element elementor-element-1d92a55b color-scheme-inherit text-left elementor-widget elementor-widget-text-editor\" data-id=\"1d92a55b\" data-element_type=\"widget\" data-e-type=\"widget\" data-widget_type=\"text-editor.default\">\n\t\t\t\t<div class=\"elementor-widget-container\">\n\t\t\t\t\t\t\t\t\t<h2>Nosac\u012bjumi pre\u010du atgrie\u0161anai<\/h2>\n\n<p>\nSaska\u0146\u0101 ar <strong>Lietuvas Republikas Ministru kabineta 2001. gada 11. j\u016bnija l\u0113mumu Nr. 697<\/strong> &#8220;Par mazumtirdzniec\u012bbas noteikumu apstiprin\u0101\u0161anu&#8221; <strong>(17.2 punkts)<\/strong>, parf\u012bmu, kosm\u0113tikas un tualetes piederumu preces <strong>(Kombin\u0113to nomenklat\u016bras kodi 3303\u20133307)<\/strong> <strong>nav atgrie\u017eamas<\/strong>, iz\u0146emot gad\u012bjumus, kad precei ir ra\u017eo\u0161anas defekti vai t\u0101 ir r\u016bpn\u012bcas boj\u0101ta.\n<\/p>\n\n<p>\n\u0160\u0101d\u0101 gad\u012bjum\u0101 klientam pied\u0101v\u0101jam:\n<ul>\n  <li>Aizst\u0101t preci ar identisku, ja t\u0101 ir noliktav\u0101;<\/li>\n  <li>VAI atmaks\u0101t samaks\u0101to naudas summu <strong>14 darba dienu<\/strong> laik\u0101 no atgrie\u0161anas apstiprin\u0101\u0161anas br\u012b\u017ea.<\/li>\n<\/ul>\n<\/p>\n\n<h3>K\u0101rt\u012bba nekvalitat\u012bvu pre\u010du atgrie\u0161anai:<\/h3>\n<ul>\n  <li>Atgrie\u017eamajai precei j\u0101b\u016bt <strong>ori\u0123in\u0101laj\u0101, neskartaj\u0101 iepakojum\u0101<\/strong>, ar visiem piederumiem un dokumentiem.<\/li>\n  <li>Precei j\u0101b\u016bt pien\u0101c\u012bgi iepakotai, lai t\u0101 b\u016btu aizsarg\u0101ta transport\u0113\u0161anas laik\u0101.<\/li>\n  <li><strong>Nepareizi iepakot\u0101s vai bez ori\u0123in\u0101l\u0101 iepakojuma<\/strong> preces var netikt pie\u0146emtas atgrie\u0161anai.<\/li>\n<\/ul>\n\n<h3>Pieg\u0101des izdevumi:<\/h3>\n<p>\nJa atgrie\u0161anas iemesls ir <strong>ra\u017eo\u0161anas defekts vai r\u016bpn\u012bcas boj\u0101jums<\/strong>, m\u0113s sedzam jaun\u0101s, aizvietojo\u0161\u0101s preces pieg\u0101des izdevumus.\n<br><br>\n<strong>S\u0101kotn\u0113j\u0101s s\u016bt\u012bjuma (pas\u016bt\u012bjuma) pieg\u0101des izmaksas netiek kompens\u0113tas<\/strong>, iz\u0146emot gad\u012bjumus, kad visa s\u016bt\u012bjuma saturs bija nekvalitat\u012bvs vai neatbilda pas\u016bt\u012bjuma nosac\u012bjumiem.\n<\/p>\n\n<h3>Sazi\u0146a par atgrie\u0161anu:<\/h3>\n<p>\nPirms veicat preces atgrie\u0161anu, l\u016bdzu, sazinieties ar mums pa e-pastu: <a href=\"mailto:info@aromour.lt\">info@aromour.lt<\/a>\n<\/p>\t\t\t\t\t\t\t\t<\/div>\n\t\t\t\t<\/div>\n\t\t\t\t\t<\/div>\n\t\t\t\t<\/div>\n\t\t\t\t<\/div>\n\t\t","protected":false},"excerpt":{"rendered":"<p>Nosac\u012bjumi pre\u010du atgrie\u0161anai Saska\u0146\u0101 ar Lietuvas Republikas Ministru kabineta 2001. gada 11. j\u016bnija l\u0113mumu Nr. 697 &#8220;Par mazumtirdzniec\u012bbas noteikumu apstiprin\u0101\u0161anu&#8221;<\/p>\n","protected":false},"author":1,"featured_media":0,"parent":0,"menu_order":0,"comment_status":"closed","ping_status":"closed","template":"","meta":{"footnotes":""},"class_list":["post-3585","page","type-page","status-publish","hentry"],"_links":{"self":[{"href":"https:\/\/aromour.lt\/lv\/wp-json\/wp\/v2\/pages\/3585","targetHints":{"allow":["GET"]}}],"collection":[{"href":"https:\/\/aromour.lt\/lv\/wp-json\/wp\/v2\/pages"}],"about":[{"href":"https:\/\/aromour.lt\/lv\/wp-json\/wp\/v2\/types\/page"}],"author":[{"embeddable":true,"href":"https:\/\/aromour.lt\/lv\/wp-json\/wp\/v2\/users\/1"}],"replies":[{"embeddable":true,"href":"https:\/\/aromour.lt\/lv\/wp-json\/wp\/v2\/comments?post=3585"}],"version-history":[{"count":0,"href":"https:\/\/aromour.lt\/lv\/wp-json\/wp\/v2\/pages\/3585\/revisions"}],"wp:attachment":[{"href":"https:\/\/aromour.lt\/lv\/wp-json\/wp\/v2\/media?parent=3585"}],"curies":[{"name":"wp","href":"https:\/\/api.w.org\/{rel}","templated":true}]}}