{"id":3588,"date":"2025-06-28T17:44:45","date_gmt":"2025-06-28T14:44:45","guid":{"rendered":"https:\/\/aromour.lt\/par-mums\/"},"modified":"2025-11-19T16:37:09","modified_gmt":"2025-11-19T13:37:09","slug":"par-mums","status":"publish","type":"page","link":"https:\/\/aromour.lt\/lv\/par-mums\/","title":{"rendered":"Par mums"},"content":{"rendered":"\t\t<div data-elementor-type=\"wp-page\" data-elementor-id=\"3588\" class=\"elementor elementor-3588 elementor-1490\" data-elementor-post-type=\"page\">\n\t\t\t\t<div class=\"elementor-element elementor-element-3611276a e-con-full e-flex e-con e-parent\" data-id=\"3611276a\" data-element_type=\"container\" data-e-type=\"container\">\n\t\t<div class=\"wd-negative-gap elementor-element elementor-element-e21ec08 e-grid e-con-boxed e-con e-child\" data-id=\"e21ec08\" data-element_type=\"container\" data-e-type=\"container\">\n\t\t\t\t\t<div class=\"e-con-inner\">\n\t\t\t\t<div class=\"elementor-element elementor-element-38edb2d elementor-widget elementor-widget-wd_text_block\" data-id=\"38edb2d\" data-element_type=\"widget\" data-e-type=\"widget\" data-widget_type=\"wd_text_block.default\">\n\t\t\t\t<div class=\"elementor-widget-container\">\n\t\t\t\t\t\t\t<div class=\"wd-text-block reset-last-child text-left\">\n\t\t\t\n\t\t\t<div class=\"wp-block-columns\"><\/p>\n<div class=\"wp-block-column is-layout-flow wp-block-column-is-layout-flow\" style=\"flex-basis: 50%;\"><\/p>\n<p><a href=\"https:\/\/aromour.lt\/lv\/\"><strong>Aromour.lt<\/strong><\/a> \u2013 jauna, m\u016bsdien\u012bga smar\u017eu veikals, kas rad\u012bta, lai grezni arom\u0101ti b\u016btu pieejami ikvienam. M\u016bsu interneta veikals rad\u0101s no idejas, ka arom\u0101ts nav tikai aksesu\u0101rs, bet ar\u012b person\u012bbas da\u013ca, kas \u013cauj ikdien\u0101 justies \u012bpa\u0161i. M\u0113s v\u0113lamies, lai katrs atrastu savu iecien\u012bto arom\u0101tu, kas iedvesmo, dod pa\u0161p\u0101rliecin\u0101t\u012bbu un priec\u0113, bet cena nek\u013c\u016bst par \u0161\u0137\u0113rsli.<\/p>\n<\/div>\n<\/div>\n<p><\/p>\n<p>Esam paman\u012bju\u0161i, ka daudzi cilv\u0113ki sap\u0146o par grezn\u0101m smar\u017e\u0101m, ta\u010du to cena bie\u017ei k\u013c\u016bst par \u0161\u0137\u0113rsli. Lai main\u012btu \u0161o situ\u0101ciju, rad\u012bj\u0101m aromour.lt \u2013 vietu, kur katrs var atrast arom\u0101tu, kas atspogu\u013co vi\u0146a person\u012bbu un stilu, neaizt\u0113r\u0113jot vair\u0101k k\u0101 vajadz\u012bgs.<\/p>\n<p><\/p>\n<div class=\"wp-block-columns are-vertically-aligned-center is-layout-flex wp-container-core-columns-is-layout-9d6595d7 wp-block-columns-is-layout-flex\"><\/p>\n<div class=\"wp-block-column is-vertically-aligned-center is-layout-flow wp-block-column-is-layout-flow\" style=\"flex-basis: 50%;\"><\/p>\n<h2 class=\"wp-block-heading\"><strong>M\u016bsu ideja un iedvesma<\/strong><\/h2>\n<p><\/p>\n<p>M\u016bsu sortiment\u0101 atrad\u012bsiet smar\u017eas, kas p\u0113c arom\u0101ta un notur\u012bbas l\u012bdzin\u0101s pasaul\u0113 slaven\u0101kajiem arom\u0101tiem. Katra smar\u017ea ir r\u016bp\u012bgi atlas\u012bta, lai atbilstu J\u016bsu kvalit\u0101tes standartiem un sniegtu ilgsto\u0161u baud\u012bjumu. Nav svar\u012bgi, vai mekl\u0113jat ikdienas arom\u0101tu vai \u012bpa\u0161as reizes smar\u017eu - aromour.lt atrad\u012bsiet pla\u0161u izv\u0113li gan sieviet\u0113m, gan v\u012brie\u0161iem.<\/p>\n<p><\/p>\n<h2 class=\"wp-block-heading\"><strong>M\u016bsu v\u0113rt\u012bbas un misija<\/strong><\/h2>\n<p><\/p>\n<div class=\"wp-block-columns is-layout-flex wp-container-core-columns-is-layout-9d6595d7 wp-block-columns-is-layout-flex\"><\/p>\n<div class=\"wp-block-column is-layout-flow wp-block-column-is-layout-flow\" style=\"flex-basis: 100%;\"><\/p>\n<ul class=\"wp-block-list\"><\/p>\n<li><strong>Pieejam\u012bba:<\/strong> Ticam, ka grezn\u0101m smar\u017e\u0101m j\u0101b\u016bt pieejam\u0101m visiem, t\u0101p\u0113c pied\u0101v\u0101jam augstas kvalit\u0101tes smar\u017eas draudz\u012bg\u0101 cen\u0101.<\/li>\n<p><\/p>\n<li><strong>Kvalit\u0101te<\/strong>: nodro\u0161in\u0101m, ka katrs arom\u0101ts atbilst J\u016bsu gaid\u0101m.<\/li>\n<p><\/p>\n<li><strong>Klientu apr\u016bpe<\/strong>: M\u016bsu klienti ir svar\u012bg\u0101kais priorit\u0101te. Vienm\u0113r esam gatavi pal\u012bdz\u0113t izv\u0113l\u0113ties piem\u0113rot\u0101ko arom\u0101tu, atbild\u0113t uz jaut\u0101jumiem un nodro\u0161in\u0101t pat\u012bkamu iepirk\u0161anos. Cen\u0161amies, lai katra viz\u012bte aromour.lt b\u016btu raita un pat\u012bkama.<\/li>\n<p><\/p>\n<li><strong>Inovat\u012bvi risin\u0101jumi:<\/strong> M\u0113s past\u0101v\u012bgi atjaunin\u0101m sortimentu, mekl\u0113jam jaunas smar\u017eas un sekojam pasaules arom\u0101tu tendenc\u0113m, lai pied\u0101v\u0101tu tikai lab\u0101ko.<\/li>\n<p><\/ul>\n<p><\/p>\n<h2 class=\"wp-block-heading\"><strong>K\u0101p\u0113c izv\u0113l\u0113ties m\u016bs?<\/strong><\/h2>\n<p><\/p>\n<p>Aromour.lt nav tikai smar\u017eu veikals internet\u0101. Tas ir cilv\u0113ku kopiena, kas nov\u0113rt\u0113 kvalit\u0101ti, stilu un v\u0113las baud\u012bt grezn\u012bbu ikdien\u0101. M\u016bsu m\u0113r\u0137is ir pal\u012bdz\u0113t Jums atrast arom\u0101tu, kas k\u013c\u016bs par J\u016bsu viz\u012btkarti, pavada svar\u012bg\u0101kajos dz\u012bves br\u012b\u017eos un sniedz pa\u0161p\u0101rliecin\u0101t\u012bbu.<\/p>\n<p><\/p>\n<p>M\u0113s ticam, ka katrs cilv\u0113ks ir unik\u0101ls, t\u0101p\u0113c arom\u0101tam j\u0101atspogu\u013co J\u016bsu person\u012bba un noska\u0146a. Nav svar\u012bgi, vai mekl\u0113jat smalku, svaigu arom\u0101tu vai intens\u012bvu, izteiksm\u012bgu smar\u017eu - m\u016bsu smar\u017eu veikal\u0101 atrad\u012bsiet pla\u0161u izv\u0113li katram gaumes.<\/p>\n<p><\/div>\n<p><\/div>\n<p><\/div>\n<p><\/p>\n<div class=\"wp-block-column is-vertically-aligned-center is-layout-flow wp-block-column-is-layout-flow\" style=\"flex-basis: 50%;\"><\/div>\n<p><\/div>\n<p><\/p>\n<h2 class=\"wp-block-heading\"><strong>Aicin\u0101m kop\u0101 atkl\u0101t arom\u0101tu pasauli<\/strong><\/h2>\n<p><\/p>\n<p>Aromour.lt ir aicin\u0101jums atkl\u0101t jaunus arom\u0101tus, eksperiment\u0113t, main\u012bties un priec\u0101ties par katru dienu. M\u016bsu komanda past\u0101v\u012bgi interes\u0113jas par jaunumiem un tendenc\u0113m arom\u0101tu pasaul\u0113, t\u0101p\u0113c varam pied\u0101v\u0101t tikai to lab\u0101ko un aktu\u0101l\u0101ko. Katrs klients mums ir \u012bpa\u0161s, t\u0101p\u0113c cen\u0161amies rad\u012bt izcilu iepirk\u0161an\u0101s pieredzi - s\u0101kot no \u0113rtas mekl\u0113\u0161anas l\u012bdz \u0101trai pieg\u0101dei un profesion\u0101lai konsult\u0101cijai.<\/p>\n<p><\/p>\n\n\t\t\t\t\t<\/div>\n\t\t\t\t\t\t<\/div>\n\t\t\t\t<\/div>\n\t\t\t\t<div class=\"elementor-element elementor-element-6ea31d6 elementor-widget elementor-widget-image\" data-id=\"6ea31d6\" data-element_type=\"widget\" data-e-type=\"widget\" data-widget_type=\"image.default\">\n\t\t\t\t<div class=\"elementor-widget-container\">\n\t\t\t\t\t\t\t\t\t\t\t\t\t\t\t<img decoding=\"async\" width=\"1435\" height=\"2560\" src=\"https:\/\/aromour.lt\/wp-content\/uploads\/2025\/07\/logo-1-scaled.webp\" class=\"attachment-full size-full wp-image-3590\" alt=\"\" srcset=\"https:\/\/aromour.lt\/wp-content\/uploads\/2025\/07\/logo-1-scaled.webp 1435w, https:\/\/aromour.lt\/wp-content\/uploads\/2025\/07\/logo-1-scaled-150x268.webp 150w, https:\/\/aromour.lt\/wp-content\/uploads\/2025\/07\/logo-1-scaled-700x1249.webp 700w, https:\/\/aromour.lt\/wp-content\/uploads\/2025\/07\/logo-1-168x300.webp 168w, https:\/\/aromour.lt\/wp-content\/uploads\/2025\/07\/logo-1-574x1024.webp 574w, https:\/\/aromour.lt\/wp-content\/uploads\/2025\/07\/logo-1-768x1370.webp 768w, https:\/\/aromour.lt\/wp-content\/uploads\/2025\/07\/logo-1-861x1536.webp 861w, https:\/\/aromour.lt\/wp-content\/uploads\/2025\/07\/logo-1-1148x2048.webp 1148w\" sizes=\"(max-width: 1435px) 100vw, 1435px\" \/>\t\t\t\t\t\t\t\t\t\t\t\t\t\t\t<\/div>\n\t\t\t\t<\/div>\n\t\t\t\t\t<\/div>\n\t\t\t\t<\/div>\n\t\t\t\t<\/div>\n\t\t\t\t<\/div>\n\t\t","protected":false},"excerpt":{"rendered":"<p>Aromour.lt \u2013 jauna, m\u016bsdien\u012bga smar\u017eu veikals, kas rad\u012bta, lai grezni arom\u0101ti b\u016btu pieejami ikvienam. M\u016bsu interneta veikals rad\u0101s no idejas,<\/p>\n","protected":false},"author":1,"featured_media":0,"parent":0,"menu_order":0,"comment_status":"closed","ping_status":"closed","template":"","meta":{"footnotes":""},"class_list":["post-3588","page","type-page","status-publish","hentry"],"_links":{"self":[{"href":"https:\/\/aromour.lt\/lv\/wp-json\/wp\/v2\/pages\/3588","targetHints":{"allow":["GET"]}}],"collection":[{"href":"https:\/\/aromour.lt\/lv\/wp-json\/wp\/v2\/pages"}],"about":[{"href":"https:\/\/aromour.lt\/lv\/wp-json\/wp\/v2\/types\/page"}],"author":[{"embeddable":true,"href":"https:\/\/aromour.lt\/lv\/wp-json\/wp\/v2\/users\/1"}],"replies":[{"embeddable":true,"href":"https:\/\/aromour.lt\/lv\/wp-json\/wp\/v2\/comments?post=3588"}],"version-history":[{"count":0,"href":"https:\/\/aromour.lt\/lv\/wp-json\/wp\/v2\/pages\/3588\/revisions"}],"wp:attachment":[{"href":"https:\/\/aromour.lt\/lv\/wp-json\/wp\/v2\/media?parent=3588"}],"curies":[{"name":"wp","href":"https:\/\/api.w.org\/{rel}","templated":true}]}}