{"id":3594,"date":"2025-06-27T21:07:39","date_gmt":"2025-06-27T18:07:39","guid":{"rendered":"https:\/\/aromour.lt\/piegade\/"},"modified":"2025-12-07T18:00:41","modified_gmt":"2025-12-07T15:00:41","slug":"piegade","status":"publish","type":"page","link":"https:\/\/aromour.lt\/lv\/piegade\/","title":{"rendered":"Pieg\u0101de"},"content":{"rendered":"\t\t<div data-elementor-type=\"wp-page\" data-elementor-id=\"3594\" class=\"elementor elementor-3594 elementor-1438\" data-elementor-post-type=\"page\">\n\t\t\t\t<div class=\"wd-negative-gap elementor-element elementor-element-790af15d e-flex e-con-boxed e-con e-parent\" data-id=\"790af15d\" data-element_type=\"container\" data-e-type=\"container\">\n\t\t\t\t\t<div class=\"e-con-inner\">\n\t\t\t\t<div class=\"elementor-element elementor-element-1ddd4454 color-scheme-inherit text-left elementor-widget elementor-widget-text-editor\" data-id=\"1ddd4454\" data-element_type=\"widget\" data-e-type=\"widget\" data-widget_type=\"text-editor.default\">\n\t\t\t\t<div class=\"elementor-widget-container\">\n\t\t\t\t\t\t\t\t\tPas\u016bt\u012bt\u0101s preces m\u016bsu interneta veikal\u0101 \u0101tri un dro\u0161i pieg\u0101d\u0101jam vis\u0101 Lietuv\u0101 (iz\u0146emot Kur\u0161u k\u0101pas), Latvij\u0101 un Igaunij\u0101. M\u0113s sadarbojamies ar uzticam\u0101m pieg\u0101des firm\u0101m \u2013 <strong>LP Express \/ Unisend <\/strong>un <strong>DPD<\/strong>, t\u0101p\u0113c varat izv\u0113l\u0113ties sev \u0113rt\u0101ko pieg\u0101des veidu.\n\n<strong>Pieg\u0101des cenas un termi\u0146i:<\/strong>\n<table class=\"has-fixed-layout\">\n<tbody>\n<tr>\n<td><strong>Pieg\u0101des veids<\/strong><\/td>\n<td><strong>Cena no<\/strong><\/td>\n<td><strong>Pieg\u0101des termi\u0146\u0161<\/strong><\/td>\n<\/tr>\n<tr>\n<td>LP Express pakom\u0101ti <img decoding=\"async\" style=\"width: 70px;\" src=\"https:\/\/aromour.lt\/wp-content\/uploads\/2025\/06\/lpxpress_logo_www.webp\" alt=\"LP Express logo\" \/><\/td>\n<td>\u20ac2.99<\/td>\n<td>1-2 darba dienas<\/td>\n<\/tr>\n<tr>\n<td>LP Express kurjeri <img decoding=\"async\" style=\"width: 70px;\" src=\"https:\/\/aromour.lt\/wp-content\/uploads\/2025\/06\/lpxpress_logo_www.webp\" alt=\"LP Express logo\" \/><\/td>\n<td>\u20ac4.99<\/td>\n<td>1-2 darba dienas<\/td>\n<\/tr>\n<tr>\n<td>DPD Pick up pakom\u0101ti <img decoding=\"async\" style=\"width: 100px;\" src=\"https:\/\/aromour.lt\/wp-content\/uploads\/2025\/06\/dpd-pickup-logo_480x480.avif\" alt=\"DPD Pickup logo\" \/><\/td>\n<td>\u20ac2.99<\/td>\n<td>1-2 darba dienas<\/td>\n<\/tr>\n<tr>\n<td>DPD kurjers <img decoding=\"async\" style=\"width: 50px;\" src=\"https:\/\/aromour.lt\/wp-content\/uploads\/2025\/06\/DPD_logo_2015.svg.png\" alt=\"DPD logo\" \/><\/td>\n<td>\u20ac4.99<\/td>\n<td>1-2 darba dienas<\/td>\n<\/tr>\n<tr>\n<td>Unisend \/ DPD <b>\ud83c\uddea\ud83c\uddea \ud83c\uddf1\ud83c\uddfb<\/b><\/td>\n<td>\u20ac3.49<\/td>\n<td>1-3 darba dienas<\/td>\n<\/tr>\n<tr>\n<td>Pre\u010du sa\u0146em\u0161ana kl\u0101tien\u0113 Kau\u0146\u0101 un Marijampol\u0113<\/td>\n<td><span style=\"color: #4fb84f;\">\u20ac0.00<\/span><\/td>\n<td>Tikai p\u0113c iepriek\u0161\u0113jas vieno\u0161an\u0101s<\/td>\n<\/tr>\n<\/tbody>\n<\/table>\n<ul>\n \t<li>Pas\u016bt\u012bjumi visbie\u017e\u0101k tiek nos\u016bt\u012bti 1 darba dienas laik\u0101 no apmaksas sa\u0146em\u0161anas.<\/li>\n \t<li>Pieg\u0101des cena un termi\u0146\u0161 var atkar\u012bgs no s\u016bt\u012bjuma lieluma, svara un pieg\u0101des firmu noslodzes.<\/li>\n \t<li>Par s\u016bt\u012bjuma nos\u016bt\u012b\u0161anu un izseko\u0161anas numuru inform\u0113sim pa e-pastu.<\/li>\n \t<li><em><span style=\"color: #38d400;\"><strong>Vietn\u0113 periodiski tiek piem\u0113rotas akcijas, kas \u013cauj sa\u0146emt da\u017eus pieg\u0101des veidus bez maksas.<\/strong><\/span><\/em><\/li>\n<\/ul>\n\n<hr \/>\n\n<strong>Ja Jums ir jaut\u0101jumi par s\u016bt\u012bjumu pieg\u0101di vai v\u0113laties p\u0101rrun\u0101t individu\u0101lus pieg\u0101des nosac\u012bjumus, sazinieties ar mums e-past\u0101 <a href=\"mailto:info@aromour.lt\">info@aromour.lt<\/a>.<\/strong>\t\t\t\t\t\t\t\t<\/div>\n\t\t\t\t<\/div>\n\t\t\t\t\t<\/div>\n\t\t\t\t<\/div>\n\t\t\t\t<\/div>\n\t\t","protected":false},"excerpt":{"rendered":"<p>Pas\u016bt\u012bt\u0101s preces m\u016bsu interneta veikal\u0101 \u0101tri un dro\u0161i pieg\u0101d\u0101jam vis\u0101 Lietuv\u0101 (iz\u0146emot Kur\u0161u k\u0101pas), Latvij\u0101 un Igaunij\u0101. M\u0113s sadarbojamies ar<\/p>\n","protected":false},"author":1,"featured_media":0,"parent":0,"menu_order":0,"comment_status":"closed","ping_status":"closed","template":"","meta":{"footnotes":""},"class_list":["post-3594","page","type-page","status-publish","hentry"],"_links":{"self":[{"href":"https:\/\/aromour.lt\/lv\/wp-json\/wp\/v2\/pages\/3594","targetHints":{"allow":["GET"]}}],"collection":[{"href":"https:\/\/aromour.lt\/lv\/wp-json\/wp\/v2\/pages"}],"about":[{"href":"https:\/\/aromour.lt\/lv\/wp-json\/wp\/v2\/types\/page"}],"author":[{"embeddable":true,"href":"https:\/\/aromour.lt\/lv\/wp-json\/wp\/v2\/users\/1"}],"replies":[{"embeddable":true,"href":"https:\/\/aromour.lt\/lv\/wp-json\/wp\/v2\/comments?post=3594"}],"version-history":[{"count":0,"href":"https:\/\/aromour.lt\/lv\/wp-json\/wp\/v2\/pages\/3594\/revisions"}],"wp:attachment":[{"href":"https:\/\/aromour.lt\/lv\/wp-json\/wp\/v2\/media?parent=3594"}],"curies":[{"name":"wp","href":"https:\/\/api.w.org\/{rel}","templated":true}]}}