{"id":3601,"date":"2025-06-27T20:35:56","date_gmt":"2025-06-27T17:35:56","guid":{"rendered":"https:\/\/aromour.lt\/kontakti\/"},"modified":"2025-12-07T18:02:30","modified_gmt":"2025-12-07T15:02:30","slug":"kontakti","status":"publish","type":"page","link":"https:\/\/aromour.lt\/lv\/kontakti\/","title":{"rendered":"Kontakti"},"content":{"rendered":"\t\t<div data-elementor-type=\"wp-page\" data-elementor-id=\"3601\" class=\"elementor elementor-3601 elementor-1424\" data-elementor-post-type=\"page\">\n\t\t\t\t<div class=\"wd-negative-gap elementor-element elementor-element-3e9467c3 e-flex e-con-boxed e-con e-parent\" data-id=\"3e9467c3\" data-element_type=\"container\" data-e-type=\"container\">\n\t\t\t\t\t<div class=\"e-con-inner\">\n\t\t\t\t<div class=\"elementor-element elementor-element-566f9cf4 color-scheme-inherit text-left elementor-widget elementor-widget-text-editor\" data-id=\"566f9cf4\" data-element_type=\"widget\" data-e-type=\"widget\" data-widget_type=\"text-editor.default\">\n\t\t\t\t<div class=\"elementor-widget-container\">\n\t\t\t\t\t\t\t\t\t<h3 data-start=\"316\" data-end=\"349\">\ud83e\udd0d <strong data-start=\"323\" data-end=\"349\">Sazinieties ar Aromour<\/strong><\/h3><p data-start=\"351\" data-end=\"476\">Vai jums ir jaut\u0101jumi par arom\u0101tiem, pas\u016bt\u012bjumu vai pieg\u0101di?<br data-start=\"403\" data-end=\"406\" \/><strong data-start=\"406\" data-end=\"476\">M\u0113s esam gatavi pal\u012bdz\u0113t jums izv\u0113l\u0113ties arom\u0101tu, kas run\u0101s j\u016bsu viet\u0101.<\/strong><\/p><hr data-start=\"478\" data-end=\"481\" \/><h2 style=\"font-size: 22px; margin-bottom: 10px;\">\ud83d\udcde \u0100tra sazi\u0146a<\/h2><p><strong>E-pasts:<\/strong> <a style=\"color: #a74b6f; text-decoration: none;\" href=\"mailto:info@aromour.lt\">info@aromour.lt<\/a><\/p><p><strong>T\u0101lrunis (LT\/EN):<\/strong> <a style=\"color: #a74b6f; text-decoration: none;\" href=\"tel:+37065430310\">+370\u00a0654\u00a030310<\/a><\/p><p><strong>M\u0101jaslapa:<\/strong> <a style=\"color: #a74b6f; text-decoration: none;\" href=\"https:\/\/aromour.lt\/lv\/\" target=\"_blank\" rel=\"noopener\">www.aromour.lt\/lv<\/a><\/p><hr style=\"border: none; border-top: 1px solid #eee; margin: 20px 0;\" \/><h2 style=\"font-size: 22px; margin-bottom: 10px;\">\ud83c\udfe2 Uz\u0146\u0113muma rekviz\u012bti<\/h2><p><strong>MB Rubintas<\/strong><\/p><p>Uz\u0146\u0113muma kods: 305673014<\/p><p>PVN kods: LT100013643016<\/p><p>Adrese: Vairo iela 8, LT-68137 Marijampole<\/p><hr style=\"border: none; border-top: 1px solid #eee; margin: 20px 0;\" \/><h2 style=\"font-size: 22px; margin-bottom: 10px;\">\ud83d\ude9a Pieg\u0101de un sa\u0146em\u0161ana<\/h2><p>Pieg\u0101de Lietuv\u0101, Latvij\u0101, Igaunij\u0101 1-3 darba dienu laik\u0101.<\/p><hr style=\"border: none; border-top: 1px solid #eee; margin: 20px 0;\" \/><h2 style=\"font-size: 22px; margin-bottom: 10px;\">\ud83d\udcbc Vairumtirdzniec\u012bbas pas\u016bt\u012bjumi<\/h2><p>Vai jums ir veikals vai interneta veikals? Pied\u0101v\u0101jam arom\u0101tu pieg\u0101di vairumam un biznesa d\u0101van\u0101m.<\/p><p>Rakstiet mums <a style=\"color: #a74b6f; text-decoration: none;\" href=\"mailto:info@aromour.lt\">info@aromour.lt<\/a>.<\/p>\t\t\t\t\t\t\t\t<\/div>\n\t\t\t\t<\/div>\n\t\t\t\t\t<\/div>\n\t\t\t\t<\/div>\n\t\t\t\t<\/div>\n\t\t","protected":false},"excerpt":{"rendered":"<p>\ud83e\udd0d Sazinieties ar Aromour Vai jums ir jaut\u0101jumi par arom\u0101tiem, pas\u016bt\u012bjumu vai pieg\u0101di?M\u0113s esam gatavi pal\u012bdz\u0113t jums izv\u0113l\u0113ties arom\u0101tu, kas<\/p>\n","protected":false},"author":1,"featured_media":0,"parent":0,"menu_order":0,"comment_status":"closed","ping_status":"closed","template":"","meta":{"footnotes":""},"class_list":["post-3601","page","type-page","status-publish","hentry"],"_links":{"self":[{"href":"https:\/\/aromour.lt\/lv\/wp-json\/wp\/v2\/pages\/3601","targetHints":{"allow":["GET"]}}],"collection":[{"href":"https:\/\/aromour.lt\/lv\/wp-json\/wp\/v2\/pages"}],"about":[{"href":"https:\/\/aromour.lt\/lv\/wp-json\/wp\/v2\/types\/page"}],"author":[{"embeddable":true,"href":"https:\/\/aromour.lt\/lv\/wp-json\/wp\/v2\/users\/1"}],"replies":[{"embeddable":true,"href":"https:\/\/aromour.lt\/lv\/wp-json\/wp\/v2\/comments?post=3601"}],"version-history":[{"count":0,"href":"https:\/\/aromour.lt\/lv\/wp-json\/wp\/v2\/pages\/3601\/revisions"}],"wp:attachment":[{"href":"https:\/\/aromour.lt\/lv\/wp-json\/wp\/v2\/media?parent=3601"}],"curies":[{"name":"wp","href":"https:\/\/api.w.org\/{rel}","templated":true}]}}