{"id":3622,"date":"2025-06-17T23:02:51","date_gmt":"2025-06-17T20:02:51","guid":{"rendered":"https:\/\/aromour.lt\/pirksanas-un-pardosanas-noteikumi\/"},"modified":"2025-11-19T16:39:04","modified_gmt":"2025-11-19T13:39:04","slug":"pirksanas-un-pardosanas-noteikumi","status":"publish","type":"page","link":"https:\/\/aromour.lt\/lv\/pirksanas-un-pardosanas-noteikumi\/","title":{"rendered":"Pirk\u0161anas un p\u0101rdo\u0161anas noteikumi"},"content":{"rendered":"\t\t<div data-elementor-type=\"wp-page\" data-elementor-id=\"3622\" class=\"elementor elementor-3622 elementor-936\" data-elementor-post-type=\"page\">\n\t\t\t\t<div class=\"wd-negative-gap elementor-element elementor-element-1c4b31ac e-flex e-con-boxed e-con e-parent\" data-id=\"1c4b31ac\" data-element_type=\"container\" data-e-type=\"container\">\n\t\t\t\t\t<div class=\"e-con-inner\">\n\t\t\t\t<div class=\"elementor-element elementor-element-588f052e color-scheme-inherit text-left elementor-widget elementor-widget-text-editor\" data-id=\"588f052e\" data-element_type=\"widget\" data-e-type=\"widget\" data-widget_type=\"text-editor.default\">\n\t\t\t\t<div class=\"elementor-widget-container\">\n\t\t\t\t\t\t\t\t\t<h2>1. Visp\u0101r\u012bgie noteikumi<\/h2>\n<p><\/p>\n<p>\u0160ie noteikumi regul\u0113 MB Rubintas, re\u0123istr\u0101cijas numurs 305673014, re\u0123istr\u0101cijas adrese: Vairo iela 8, Marijampole, Lietuva (turpm\u0101k \u2013 \u201eP\u0101rdev\u0113js\u201c), p\u0101rvald\u012bt\u0101s interneta veikala www.aromour.lt (turpm\u0101k \u2013 \u201eM\u0101jaslapa\u201c) izmanto\u0161anu, pre\u010du pirk\u0161anu un p\u0101rdo\u0161anu. Izmantojot m\u0101jaslapu, J\u016bs apliecin\u0101t, ka esat iepazinies ar \u0161iem noteikumiem un ap\u0146emsieties tos iev\u0113rot.<\/p>\n<p><\/p>\n<hr>\n<p><\/p>\n<h2>2. Pirk\u0161anas-p\u0101rdo\u0161anas l\u012bguma nosl\u0113g\u0161ana<\/h2>\n<p><\/p>\n<p>2.1. Pirk\u0161anas-p\u0101rdo\u0161anas l\u012bgums starp Jums (turpm\u0101k \u2013 \u201ePirc\u0113js\u201c) un P\u0101rdev\u0113ju tiek uzskat\u012bts par nosl\u0113gtu no br\u012b\u017ea, kad M\u0101jaslap\u0101 izveidojat pre\u010du grozu, nor\u0101d\u0101t pieg\u0101des adresi, izv\u0113laties apmaksas veidu un nospie\u017eat pogu \u201eApstiprin\u0101t pas\u016bt\u012bjumu\u201c.<\/p>\n<p><\/p>\n<p>2.2. Katrs Pirc\u0113ja un P\u0101rdev\u0113ja nosl\u0113gtais l\u012bgums tiek saglab\u0101ts M\u0101jaslapas datu b\u0101z\u0113.<\/p>\n<p><\/p>\n<hr>\n<p><\/p>\n<h2>3. Pirc\u0113ja ties\u012bbas un pien\u0101kumi<\/h2>\n<p><\/p>\n<p>3.1. Pirc\u0113jam ir ties\u012bbas pirkt preces M\u0101jaslap\u0101, iev\u0113rojot \u0161os noteikumus.<\/p>\n<p><\/p>\n<p>3.2. Pirc\u0113js ap\u0146emas sniegt pareizu inform\u0101ciju, kas nepiecie\u0161ama pas\u016bt\u012bjuma izpildei.<\/p>\n<p><\/p>\n<p>3.3. Pirc\u0113js ap\u0146emas nep\u0101rs\u016bt\u012bt savus piesl\u0113g\u0161an\u0101s datus tre\u0161aj\u0101m person\u0101m.<\/p>\n<p><\/p>\n<p>3.4. Pirc\u0113jam j\u0101apmaks\u0101 pas\u016bt\u012bt\u0101s preces un j\u0101pie\u0146em t\u0101s saska\u0146\u0101 ar \u0161ajos noteikumos noteikto k\u0101rt\u012bbu.<\/p>\n<p><\/p>\n<hr>\n<p><\/p>\n<h2>4. P\u0101rdev\u0113ja ties\u012bbas un pien\u0101kumi<\/h2>\n<p><\/p>\n<p>4.1. P\u0101rdev\u0113js ap\u0146emas nodro\u0161in\u0101t visas iesp\u0113jas Pirc\u0113jam pien\u0101c\u012bgi izmantot M\u0101jaslapas sniegtos pakalpojumus.<\/p>\n<p><\/p>\n<p>4.2. P\u0101rdev\u0113jam ir ties\u012bbas bez iepriek\u0161\u0113ja br\u012bdin\u0101juma pagaid\u0101m vai past\u0101v\u012bgi p\u0101rtraukt M\u0101jaslapas darb\u012bbu vai main\u012bt t\u0101s funkcionalit\u0101ti.<\/p>\n<p><\/p>\n<p>4.3. P\u0101rdev\u0113jam ir ties\u012bbas anul\u0113t Pirc\u0113ja pas\u016bt\u012bjumu, ja Pirc\u0113js neiev\u0113ro \u0161os noteikumus vai cen\u0161as kait\u0113t M\u0101jaslapas darbam vai dro\u0161\u012bbai.<\/p>\n<p><\/p>\n<hr>\n<p><\/p>\n<h2>5. Pre\u010du cenas, apmaksas k\u0101rt\u012bba un termi\u0146i<\/h2>\n<p><\/p>\n<p>5.1. Pre\u010du cenas M\u0101jaslap\u0101 tiek nor\u0101d\u012btas eiro, ieskaitot PVN.<\/p>\n<p>5.2.&nbsp;<span style=\"font-size: 16px;\">Pirc\u0113js dro\u0161i nor\u0113\u0137in\u0101s par prec\u0113m, izv\u0113loties vienu no \u0161iem M\u0101jaslap\u0101 pied\u0101v\u0101tajiem maks\u0101\u0161anas veidiem:<\/span><\/p>\n<ul data-start=\"498\" data-end=\"799\">\n<li data-start=\"498\" data-end=\"578\">\n<p data-start=\"500\" data-end=\"578\">maks\u0101jums ar karti (Visa, MasterCard) caur Revolut Payments sist\u0113m\u0101m,<\/p>\n<\/li>\n<li data-start=\"579\" data-end=\"674\">\n<p data-start=\"581\" data-end=\"674\">elektroniskaj\u0101m maks\u0101jumu makiem (Google Pay, Apple Pay) caur Revolut Payments,<\/p>\n<\/li>\n<li data-start=\"675\" data-end=\"727\">\n<p data-start=\"677\" data-end=\"727\">elektroniskaj\u0101m bankas sist\u0113m\u0101m caur Klix,<\/p>\n<\/li>\n<li data-start=\"728\" data-end=\"799\">\n<p data-start=\"730\" data-end=\"799\">rokas bankas p\u0101rvedumu saska\u0146\u0101 ar pas\u016bt\u012bjuma apstiprin\u0101\u0161anas log\u0101 nor\u0101d\u012btajiem rekviz\u012btiem.<\/p>\n<\/li>\n<\/ul>\n<p>5.3. Pas\u016bt\u012bjums tiek s\u0101kts izpild\u012bt tikai p\u0113c pilnas apmaksas sa\u0146em\u0161anas.<\/p>\n<p>5.4. Apstiprin\u0101jums par veiksm\u012bgu pirkumu un apmaksu tiek nos\u016bt\u012bts Pirc\u0113jam uz elektronisko pastu nekav\u0113joties p\u0113c veiksm\u012bgas apmaksas.<\/p>\n<p>5.5<strong>.<\/strong> Pirc\u0113js, nor\u0113\u0137inoties par prec\u0113m ar karti vai elektronisk\u0101m maks\u0101\u0161anas ier\u012bc\u0113m vai makiem (ieskaitot Revolut Payments), apliecina, ka ir iepazinies ar pas\u016bt\u012bjuma noteikumiem un sniedz prec\u012bzu inform\u0101ciju. Uzs\u0101kot nepamatotu maks\u0101juma atgrie\u0161anu (\u201echargeback\u201c), Pirc\u0113js var b\u016bt atbild\u012bgs par ar to saist\u012btaj\u0101m administrat\u012bvaj\u0101m izmaks\u0101m. P\u0101rdev\u0113js patur ties\u012bbas sniegt visus nepiecie\u0161amos pier\u0101d\u012bjumus maks\u0101jumu pakalpojumu sniedz\u0113jam, lai aizst\u0101v\u0113tu dar\u012bjuma likum\u012bbu.<\/p>\n<p><\/p>\n<hr>\n<p><\/p>\n<h2>6. Pre\u010du pieg\u0101de<\/h2>\n<p><\/p>\n<p>6.1. Preces tiek pieg\u0101d\u0101tas Pirc\u0113ja nor\u0101d\u012btaj\u0101 adres\u0113 M\u0101jaslap\u0101 nor\u0101d\u012btaj\u0101 termi\u0146\u0101.<\/p>\n<p>6.2. Pieejamie pieg\u0101des veidi: ar kurjeru, uz pakom\u0101tu vai sa\u0146em\u0161ana nor\u0101d\u012btaj\u0101 punkt\u0101 (ja \u0161\u0101da iesp\u0113ja taj\u0101 laik\u0101 ir iesp\u0113jama). Detaliz\u0113t\u0101ka un jaun\u0101k\u0101 pieg\u0101des inform\u0101cija, tostarp cenas, veidi un termi\u0146i, ir pieejama <a href=\"https:\/\/aromour.lt\/lv\/piegade\/\"><em><strong>pre\u010du pieg\u0101des sada\u013c\u0101<\/strong><\/em>.<\/a><\/p>\n<p>6.3. Pieg\u0101des termi\u0146i parasti ir no 1 l\u012bdz 3 darba dien\u0101m Lietuv\u0101, ja M\u0101jaslap\u0101 nav nor\u0101d\u012bts cit\u0101di.<\/p>\n<p>6.4. Pieg\u0101des maksa ir fiks\u0113ta, nor\u0101d\u012bta pas\u016bt\u012bjuma br\u012bd\u012b un atkar\u012bga no izv\u0113l\u0113t\u0101 pieg\u0101des veida. \u012apa\u0161u akciju laik\u0101 atlas\u012btajiem s\u016bt\u012b\u0161anas un sa\u0146em\u0161anas veidiem var b\u016bt \u012bpa\u0161i (atlaides; bezmaksas) pieg\u0101des tarifi, kas b\u016bs nor\u0101d\u012bti Groz\u0101 un Apmaksas logos.<\/p>\n<p>6.5. P\u0101rdev\u0113js neatbild par pre\u010du nepieg\u0101di vai kav\u0113\u0161anos, ja tas noticis Pirc\u0113ja vainas d\u0113\u013c vai no P\u0101rdev\u0113ja neatkar\u012bgiem apst\u0101k\u013ciem.<\/p>\n<p><\/p>\n<hr>\n<p><\/p>\n<h2>7. Pre\u010du atgrie\u0161ana un mai\u0146a<\/h2>\n<p><\/p>\n<p>7.1. Saska\u0146\u0101 ar Lietuvas Republikas V\u0113l\u0113\u0161anas vald\u012bbas 2001. gada 11. j\u016bnija r\u012bkojuma Nr. 697 \u201ePar mazumtirdzniec\u012bbas noteikumu apstiprin\u0101\u0161anu\u201c 17.2 punktu, parfim\u0113rijas, kosm\u0113tikas un tualetes preces (kodi saska\u0146\u0101 ar Kombin\u0113to nomenklat\u016bru \u2013 3303\u20133307) ir <strong>neatgrie\u017eamas preces<\/strong>.<\/p>\n<p>7.2. Ja prece neietilpst neatgrie\u017eamo pre\u010du sarakst\u0101, Pirc\u0113jam ir ties\u012bbas atteikties no l\u012bguma un atcelt dar\u012bjumu 14 kalend\u0101ro dienu laik\u0101 no pre\u010du pieg\u0101des dienas.<\/p>\n<p>7.3. Lai izmantotu atgrie\u0161anas ties\u012bbas, Pirc\u0113jam j\u0101inform\u0113 P\u0101rdev\u0113js pa e-pastu <a href=\"mailto:info@aromour.lt\">info@aromour.lt<\/a> un, sa\u0146emot apstiprin\u0101jumu, j\u0101atgrie\u017e prece ne v\u0113l\u0101k k\u0101 7 kalend\u0101ro dienu laik\u0101, uz adresi: Vairo iela 8, Marijampole, Lietuva (ja nav nor\u0101d\u012bts cit\u0101di).<\/p>\n<p>7.4. Pirc\u0113js sedz tie\u0161\u0101s atgrie\u0161anas izmaksas, ja vien P\u0101rdev\u0113js skaidri nepiekrit\u012bs t\u0101s segt.<\/p>\n<p>7.5. P\u0101rdev\u0113js ap\u0146emas atmaks\u0101t Pirc\u0113jam par prec\u0113m samaks\u0101to naudu 14 kalend\u0101ro dienu laik\u0101 no pre\u010du atgrie\u0161anas, izmantojot to pa\u0161u maks\u0101\u0161anas l\u012bdzekli, ko Pirc\u0113js izmantoja dar\u012bjuma veik\u0161anai.<\/p>\n<p>7.6. Atgrie\u017eamajai precei j\u0101b\u016bt nelietotai, saglab\u0101jot t\u0101s izskatu (nesabojota iepakojuma, neizjauktas eti\u0137etes, aizsargpl\u0113ves utt.) un j\u0101b\u016bt atgrieztai kop\u0101 ar visu ori\u0123in\u0101lo iepakojumu un visiem pievienotajiem neizmantotajiem piederumiem (d\u0101van\u0101m, paraugiem utt.), ja t\u0101di bija.<\/p>\n<p>7.7. Ja prece tiek atgriezta neori\u0123in\u0101l\u0101 vai boj\u0101t\u0101 iepakojum\u0101, bez visiem oblig\u0101tajiem piederumiem, d\u0101van\u0101m, t\u0101 ir lietota vai cit\u0101di zaud\u0113jusi izskatu, P\u0101rdev\u0113jam ir ties\u012bbas atteikties pie\u0146emt preci vai samazin\u0101t atmaks\u0101jamo summu proporcion\u0101li preces v\u0113rt\u012bbas samazin\u0101jumam.<\/p>\n<p>7.8. Pirms pie\u0146em\u0161anas atgrie\u0161anai, P\u0101rdev\u0113jam ir ties\u012bbas nov\u0113rt\u0113t preces st\u0101vokli un pie\u0146emt l\u0113mumu par naudas atmaksu tikai p\u0113c \u0161\u012b nov\u0113rt\u0113juma veik\u0161anas.<\/p>\n<p>7.9. Pirc\u0113js ir atbild\u012bgs par atgrie\u017eam\u0101s preces pien\u0101c\u012bgu iesai\u0146o\u0161anu, lai nodro\u0161in\u0101tu t\u0101s dro\u0161\u012bbu transport\u0113\u0161anas laik\u0101.<\/p>\n<p><\/p>\n<hr>\n<p><\/p>\n<h2>8. Personas datu aizsardz\u012bba<\/h2>\n<p><\/p>\n<p>8.1. Pirc\u0113ja personas dati tiek apstr\u0101d\u0101ti saska\u0146\u0101 ar M\u0101jaslap\u0101 public\u0113to <em><strong><a href=\"https:\/\/aromour.lt\/lv\/privatuma-politika\/\" data-type=\"page\" data-id=\"918\">Priv\u0101tuma politiku.<\/a><\/strong><\/em><\/p>\n<p><\/p>\n<hr>\n<p><\/p>\n<h2>9. Intelektu\u0101l\u0101 \u012bpa\u0161uma ties\u012bbas<\/h2>\n<p><\/p>\n<p>9.1. Visa M\u0101jaslap\u0101 eso\u0161\u0101 inform\u0101cija, dizains, teksti, fotogr\u0101fijas un cita materi\u0101la ir P\u0101rdev\u0113ja vai t\u0101 partneru \u012bpa\u0161ums un ir aizsarg\u0101ta ar likumiem.<\/p>\n<p><\/p>\n<p>9.2. Aizliegts bez rakstiska P\u0101rdev\u0113ja piekri\u0161anas kop\u0113t, izplat\u012bt vai cit\u0101di izmantot M\u0101jaslapas saturu.<\/p>\n<p><\/p>\n<hr>\n<p><\/p>\n<h2>10. Atbild\u012bba<\/h2>\n<p><\/p>\n<p>10.1. Pirc\u0113js ir atbild\u012bgs par sniegt\u0101s inform\u0101cijas pareiz\u012bbu un t\u0101s dro\u0161\u012bbu.<\/p>\n<p><\/p>\n<p>10.2. P\u0101rdev\u0113js neatbild par zaud\u0113jumiem, kas radu\u0161ies nepareizas M\u0101jaslapas izmanto\u0161anas vai tre\u0161o personu darb\u012bbu d\u0113\u013c.<\/p>\n<p><\/p>\n<hr>\n<p><\/p>\n<h2>11. Str\u012bdu risin\u0101\u0161anas nosac\u012bjumi<\/h2>\n<p><\/p>\n<p>11.1. Visi str\u012bdi, kas rodas starp Pirc\u0113ju un P\u0101rdev\u0113ju, tiek risin\u0101ti sarunu ce\u013c\u0101, pa e-pastu <a href=\"mailto:info@aromour.lt\">info@aromour.lt<\/a>.<\/p>\n<p>11.2. 14 kalend\u0101ro dienu laik\u0101 p\u0113c pras\u012bbas sa\u0146em\u0161anas, ja P\u0101rdev\u0113js neatsaucas uz Pirc\u0113ja pras\u012bbu vai nepili apmierina to, lietot\u0101js var v\u0113rsties pie pat\u0113r\u0113t\u0101ju str\u012bdu ne\u0161\u0137irdo\u0161as iest\u0101des, t.i., Pat\u0113r\u0113t\u0101ju ties\u012bbu aizsardz\u012bbas dienesta (Vilniaus iela 25, 01402 Vi\u013c\u0146a, e-pasts <a href=\"mailto:tarnyba@vvtat.lt\">tarnyba@vvtat.lt<\/a>, t\u0101lrunis 052626751, interneta vietne <em><strong><a href=\"https:\/\/vvtat.lt\" target=\"_blank\" rel=\"noopener\">www.vvtat.lt<\/a><\/strong><\/em>), vai t\u0101s teritori\u0101laj\u0101m noda\u013c\u0101m apri\u0146\u0137os.<\/p>\n<hr>\n<p><\/p>\n<h2>12. Nosl\u0113guma noteikumi<\/h2>\n<p>12.1. P\u0101rdev\u0113jam ir ties\u012bbas jebkur\u0101 laik\u0101 main\u012bt \u0161os noteikumus. Atjaunotie noteikumi tiek public\u0113ti M\u0101jaslap\u0101 un st\u0101jas sp\u0113k\u0101 no to public\u0113\u0161anas br\u012b\u017ea<\/p>\n<p><\/p>\n<p><\/p>\t\t\t\t\t\t\t\t<\/div>\n\t\t\t\t<\/div>\n\t\t\t\t\t<\/div>\n\t\t\t\t<\/div>\n\t\t\t\t<\/div>\n\t\t","protected":false},"excerpt":{"rendered":"<p>1. Visp\u0101r\u012bgie noteikumi \u0160ie noteikumi regul\u0113 MB Rubintas, re\u0123istr\u0101cijas numurs 305673014, re\u0123istr\u0101cijas adrese: Vairo iela 8, Marijampole, Lietuva (turpm\u0101k \u2013<\/p>\n","protected":false},"author":1,"featured_media":0,"parent":0,"menu_order":0,"comment_status":"closed","ping_status":"closed","template":"","meta":{"footnotes":""},"class_list":["post-3622","page","type-page","status-publish","hentry"],"_links":{"self":[{"href":"https:\/\/aromour.lt\/lv\/wp-json\/wp\/v2\/pages\/3622","targetHints":{"allow":["GET"]}}],"collection":[{"href":"https:\/\/aromour.lt\/lv\/wp-json\/wp\/v2\/pages"}],"about":[{"href":"https:\/\/aromour.lt\/lv\/wp-json\/wp\/v2\/types\/page"}],"author":[{"embeddable":true,"href":"https:\/\/aromour.lt\/lv\/wp-json\/wp\/v2\/users\/1"}],"replies":[{"embeddable":true,"href":"https:\/\/aromour.lt\/lv\/wp-json\/wp\/v2\/comments?post=3622"}],"version-history":[{"count":0,"href":"https:\/\/aromour.lt\/lv\/wp-json\/wp\/v2\/pages\/3622\/revisions"}],"wp:attachment":[{"href":"https:\/\/aromour.lt\/lv\/wp-json\/wp\/v2\/media?parent=3622"}],"curies":[{"name":"wp","href":"https:\/\/api.w.org\/{rel}","templated":true}]}}