{"id":3303,"date":"2024-10-25T11:07:10","date_gmt":"2024-10-25T08:07:10","guid":{"rendered":"https:\/\/aromour.lt\/produktas\/fragrance-world-barakkat-rouge-540-edp-100-ml\/"},"modified":"2025-11-15T01:23:27","modified_gmt":"2025-11-14T22:23:27","slug":"fragrance-world-barakkat-rouge-540-edp-100-ml","status":"publish","type":"product","link":"https:\/\/aromour.lt\/lv\/produktas\/fragrance-world-barakkat-rouge-540-edp-100-ml\/","title":{"rendered":"Fragrance World Barakkat Rouge 540 EDP 100 ml"},"content":{"rendered":"<p><strong>Barakkat Rouge 540<\/strong> ir arom\u0101ts, kas liks jums aizmirst par ikdienu un iejusties harmonij\u0101 ar sevi. Unik\u0101l\u0101 kompoz\u012bcija valdzina ar smalku jasm\u012bna un safr\u0101na kombin\u0101ciju, kas apvienota ar siltu dzintara un egles sve\u0137u arom\u0101tu. Pamatnots ir maigs baltais ciedrs un bag\u0101t\u012bga ambra, kas rada luksusa un ekskluzivit\u0101tes saj\u016btu.<\/p>\n<p>\u0160is arom\u0101ts ir lieliski piem\u0113rots tiem, kas mekl\u0113 spilgtu, ilgnotur\u012bgu un papildino\u0161u smar\u017eu. Tas ir viens no Fragrance World vispopul\u0101r\u0101kajiem un vislab\u0101k p\u0101rdotajiem arom\u0101tiem, kas nov\u0113rt\u0113ts par savu kvalit\u0101ti un tuv\u012bbu ori\u0123in\u0101lam.<\/p>\n","protected":false},"excerpt":{"rendered":"<p>Barakkat Rouge 540 ir arom\u0101ts, kas liks jums aizmirst par ikdienu un iejusties harmonij\u0101 ar sevi. Unik\u0101l\u0101 kompoz\u012bcija valdzina ar<\/p>\n","protected":false},"featured_media":3306,"comment_status":"open","ping_status":"closed","template":"","meta":[],"product_brand":[52],"product_cat":[196,197,215,198,199,200,206,207,203,204,205,208,209,210,211,212,213,214,216,201,202,217],"product_tag":[],"class_list":{"0":"post-3303","1":"product","2":"type-product","3":"status-publish","4":"has-post-thumbnail","6":"product_brand-fragrance-world","7":"product_cat-ambros-smarzas","8":"product_cat-barakkat-smarzas","9":"product_cat-biznesa-smarzas","10":"product_cat-eau-de-parfum-edp","11":"product_cat-edp-smarzas-sievietem","12":"product_cat-fragrance-world","13":"product_cat-greznas-smarzas","14":"product_cat-greznas-smarzas-sievietem","15":"product_cat-ikdienas-parfimi","16":"product_cat-koksnes-aromati","17":"product_cat-pavasara-parfimi","18":"product_cat-romantiskas-smarzas","19":"product_cat-rudens-smarzas","20":"product_cat-saldas-smarzas","21":"product_cat-top-10-parfimu","22":"product_cat-unisex-parfimi","23":"product_cat-vakara-parfimi","24":"product_cat-vasaras-smarzas","25":"product_cat-visas-smarzas","26":"product_cat-ziedu-aromati","27":"product_cat-ziedu-aromati-sievietem","28":"product_cat-ziemas-smarzas","30":"first","31":"instock","32":"sale","33":"taxable","34":"shipping-taxable","35":"purchasable","36":"product-type-variable","37":"has-default-attributes"},"_links":{"self":[{"href":"https:\/\/aromour.lt\/lv\/wp-json\/wp\/v2\/product\/3303","targetHints":{"allow":["GET"]}}],"collection":[{"href":"https:\/\/aromour.lt\/lv\/wp-json\/wp\/v2\/product"}],"about":[{"href":"https:\/\/aromour.lt\/lv\/wp-json\/wp\/v2\/types\/product"}],"replies":[{"embeddable":true,"href":"https:\/\/aromour.lt\/lv\/wp-json\/wp\/v2\/comments?post=3303"}],"version-history":[{"count":0,"href":"https:\/\/aromour.lt\/lv\/wp-json\/wp\/v2\/product\/3303\/revisions"}],"wp:featuredmedia":[{"embeddable":true,"href":"https:\/\/aromour.lt\/lv\/wp-json\/wp\/v2\/media\/3306"}],"wp:attachment":[{"href":"https:\/\/aromour.lt\/lv\/wp-json\/wp\/v2\/media?parent=3303"}],"wp:term":[{"taxonomy":"product_brand","embeddable":true,"href":"https:\/\/aromour.lt\/lv\/wp-json\/wp\/v2\/product_brand?post=3303"},{"taxonomy":"product_cat","embeddable":true,"href":"https:\/\/aromour.lt\/lv\/wp-json\/wp\/v2\/product_cat?post=3303"},{"taxonomy":"product_tag","embeddable":true,"href":"https:\/\/aromour.lt\/lv\/wp-json\/wp\/v2\/product_tag?post=3303"}],"curies":[{"name":"wp","href":"https:\/\/api.w.org\/{rel}","templated":true}]}}