{"id":3312,"date":"2024-10-25T11:07:10","date_gmt":"2024-10-25T08:07:10","guid":{"rendered":"https:\/\/aromour.lt\/produktas\/fragrance-world-cocktail-intense-edp-100-ml\/"},"modified":"2024-10-25T11:07:10","modified_gmt":"2024-10-25T08:07:10","slug":"fragrance-world-cocktail-intense-edp-100-ml","status":"publish","type":"product","link":"https:\/\/aromour.lt\/lv\/produktas\/fragrance-world-cocktail-intense-edp-100-ml\/","title":{"rendered":"Fragrance World Cocktail Intense EDP 100 ml"},"content":{"rendered":"<p><strong>Fragrance World Cocktail Intense<\/strong> \u2013 izteiksm\u012bgs, bag\u0101ts arom\u0101ts tiem, kas m\u012bl intens\u012bvas, siltas un gard\u0113\u017eu smar\u017eas. \u0160ai smar\u017eai ir izteikts konjaka akcentu, kas pie\u0161\u0137ir ekskluzivit\u0101ti un siltuma saj\u016btu, un arom\u0101ts lieliski der v\u0113s\u0101kam laikam vai vakaram, kad v\u0113lies izcelties un atst\u0101t neaizmirstamu iespaidu.<\/p>\n<p><strong>Fragrance World Cocktail Intense<\/strong> piem\u0113rots gan v\u012brie\u0161iem, gan sieviet\u0113m (uniseks), \u012bpa\u0161i tiem, kas mekl\u0113 gard\u0113\u017eu, siltu un m\u0101j\u012bgu arom\u0101tu \u2013 lieliska izv\u0113le rudenim vai ziemai. Arom\u0101ta notis visbie\u017e\u0101k raksturo k\u0101 saldas ar koka, kan\u0113\u013ca un ruma nians\u0113m.<\/p>\n","protected":false},"excerpt":{"rendered":"<p>Fragrance World Cocktail Intense \u2013 izteiksm\u012bgs, bag\u0101ts arom\u0101ts tiem, kas m\u012bl intens\u012bvas, siltas un gard\u0113\u017eu smar\u017eas. \u0160ai smar\u017eai ir izteikts<\/p>\n","protected":false},"featured_media":3313,"comment_status":"open","ping_status":"closed","template":"","meta":[],"product_brand":[52],"product_cat":[198,199,220,200,225,226,203,221,204,222,223,224,209,210,212,213,227,228,216,217],"product_tag":[],"class_list":{"0":"post-3312","1":"product","2":"type-product","3":"status-publish","4":"has-post-thumbnail","6":"product_brand-fragrance-world","7":"product_cat-eau-de-parfum-edp","8":"product_cat-edp-smarzas-sievietem","9":"product_cat-edp-smarzas-viriesiem","10":"product_cat-fragrance-world","11":"product_cat-garsvielu-smarzas","12":"product_cat-garsvielu-smarzas-viriesiem","13":"product_cat-ikdienas-parfimi","14":"product_cat-koka-smarzas-viriesiem","15":"product_cat-koksnes-aromati","16":"product_cat-muskusa-smarzas","17":"product_cat-oud-smarzas","18":"product_cat-popularakie","19":"product_cat-rudens-smarzas","20":"product_cat-saldas-smarzas","21":"product_cat-unisex-parfimi","22":"product_cat-vakara-parfimi","23":"product_cat-vakara-smarzas-viriesiem","24":"product_cat-vaniljas-smarzas","25":"product_cat-visas-smarzas","26":"product_cat-ziemas-smarzas","28":"first","29":"instock","30":"sale","31":"taxable","32":"shipping-taxable","33":"purchasable","34":"product-type-variable","35":"has-default-attributes"},"_links":{"self":[{"href":"https:\/\/aromour.lt\/lv\/wp-json\/wp\/v2\/product\/3312","targetHints":{"allow":["GET"]}}],"collection":[{"href":"https:\/\/aromour.lt\/lv\/wp-json\/wp\/v2\/product"}],"about":[{"href":"https:\/\/aromour.lt\/lv\/wp-json\/wp\/v2\/types\/product"}],"replies":[{"embeddable":true,"href":"https:\/\/aromour.lt\/lv\/wp-json\/wp\/v2\/comments?post=3312"}],"version-history":[{"count":0,"href":"https:\/\/aromour.lt\/lv\/wp-json\/wp\/v2\/product\/3312\/revisions"}],"wp:featuredmedia":[{"embeddable":true,"href":"https:\/\/aromour.lt\/lv\/wp-json\/wp\/v2\/media\/3313"}],"wp:attachment":[{"href":"https:\/\/aromour.lt\/lv\/wp-json\/wp\/v2\/media?parent=3312"}],"wp:term":[{"taxonomy":"product_brand","embeddable":true,"href":"https:\/\/aromour.lt\/lv\/wp-json\/wp\/v2\/product_brand?post=3312"},{"taxonomy":"product_cat","embeddable":true,"href":"https:\/\/aromour.lt\/lv\/wp-json\/wp\/v2\/product_cat?post=3312"},{"taxonomy":"product_tag","embeddable":true,"href":"https:\/\/aromour.lt\/lv\/wp-json\/wp\/v2\/product_tag?post=3312"}],"curies":[{"name":"wp","href":"https:\/\/api.w.org\/{rel}","templated":true}]}}