{"id":3317,"date":"2024-10-25T11:07:10","date_gmt":"2024-10-25T08:07:10","guid":{"rendered":"https:\/\/aromour.lt\/produktas\/fragrance-world-change-de-canal-eau-fresh-edp-100-ml\/"},"modified":"2025-11-15T01:32:58","modified_gmt":"2025-11-14T22:32:58","slug":"fragrance-world-change-de-canal-eau-fresh-edp-100-ml","status":"publish","type":"product","link":"https:\/\/aromour.lt\/lv\/produktas\/fragrance-world-change-de-canal-eau-fresh-edp-100-ml\/","title":{"rendered":"Fragrance World Change De Canal Eau Fresh EDP 100 ml"},"content":{"rendered":"<p><strong>Fragrance World Change De Canal Eau Fresh<\/strong> \u2013 elegants un m\u016bsdien\u012bgs arom\u0101ts sieviet\u0113m, kuras nov\u0113rt\u0113 dz\u012bv\u012bgumu, ener\u0123iju un smalku grezn\u012bbu. \u0160is arom\u0101ts izce\u013cas ar svaigu, dzirksto\u0161u raksturu, kas lieliski piem\u0113rots gan ikdienai, gan \u012bpa\u0161iem notikumiem, kad v\u0113las izcelt savu individualit\u0101ti un stilu.<\/p>\n<p>Arom\u0101ts atver durvis citrusaug\u013cu svaigumam, ko papildina smalkas ziedu notis un maig\u0101s koka nianses, pie\u0161\u0137irot smar\u017eai rafin\u0113t\u012bbu un ilgm\u016b\u017e\u012bbu. Arom\u0101ts atst\u0101j siltu, aksel\u0113jo\u0161u palieku, kas smalki ap\u0146em un paliek uz \u0101das visu dienu.<\/p>\n<p><strong>Fragrance World Change De Canal<\/strong> <strong>Eau Fresh<\/strong> \u2013 lieliska izv\u0113le mekl\u0113t\u0101j\u0101m izteiksm\u012bga, bet univers\u0101la arom\u0101ta, kas piem\u0113rots gan dienai, gan vakaram. \u0160is arom\u0101ts uzsver sievi\u0161\u0137\u012bbu, eleganci un m\u016bsdien\u012bgu skaistuma uztveri.<\/p>\n","protected":false},"excerpt":{"rendered":"<p>Fragrance World Change De Canal Eau Fresh \u2013 elegants un m\u016bsdien\u012bgs arom\u0101ts sieviet\u0113m, kuras nov\u0113rt\u0113 dz\u012bv\u012bgumu, ener\u0123iju un smalku grezn\u012bbu.<\/p>\n","protected":false},"featured_media":3318,"comment_status":"open","ping_status":"closed","template":"","meta":[],"product_brand":[52],"product_cat":[229,232,198,199,200,230,231,214,216,201],"product_tag":[],"class_list":{"0":"post-3317","1":"product","2":"type-product","3":"status-publish","4":"has-post-thumbnail","6":"product_brand-fragrance-world","7":"product_cat-atsvaidzinosi-aromati","8":"product_cat-auglu-aromati","9":"product_cat-eau-de-parfum-edp","10":"product_cat-edp-smarzas-sievietem","11":"product_cat-fragrance-world","12":"product_cat-ikdienas-smarzas-sievietem","13":"product_cat-smarzas-sievietem","14":"product_cat-vasaras-smarzas","15":"product_cat-visas-smarzas","16":"product_cat-ziedu-aromati","18":"first","19":"instock","20":"sale","21":"taxable","22":"shipping-taxable","23":"purchasable","24":"product-type-variable","25":"has-default-attributes"},"_links":{"self":[{"href":"https:\/\/aromour.lt\/lv\/wp-json\/wp\/v2\/product\/3317","targetHints":{"allow":["GET"]}}],"collection":[{"href":"https:\/\/aromour.lt\/lv\/wp-json\/wp\/v2\/product"}],"about":[{"href":"https:\/\/aromour.lt\/lv\/wp-json\/wp\/v2\/types\/product"}],"replies":[{"embeddable":true,"href":"https:\/\/aromour.lt\/lv\/wp-json\/wp\/v2\/comments?post=3317"}],"version-history":[{"count":0,"href":"https:\/\/aromour.lt\/lv\/wp-json\/wp\/v2\/product\/3317\/revisions"}],"wp:featuredmedia":[{"embeddable":true,"href":"https:\/\/aromour.lt\/lv\/wp-json\/wp\/v2\/media\/3318"}],"wp:attachment":[{"href":"https:\/\/aromour.lt\/lv\/wp-json\/wp\/v2\/media?parent=3317"}],"wp:term":[{"taxonomy":"product_brand","embeddable":true,"href":"https:\/\/aromour.lt\/lv\/wp-json\/wp\/v2\/product_brand?post=3317"},{"taxonomy":"product_cat","embeddable":true,"href":"https:\/\/aromour.lt\/lv\/wp-json\/wp\/v2\/product_cat?post=3317"},{"taxonomy":"product_tag","embeddable":true,"href":"https:\/\/aromour.lt\/lv\/wp-json\/wp\/v2\/product_tag?post=3317"}],"curies":[{"name":"wp","href":"https:\/\/api.w.org\/{rel}","templated":true}]}}