{"id":3343,"date":"2024-10-25T11:07:10","date_gmt":"2024-10-25T08:07:10","guid":{"rendered":"https:\/\/aromour.lt\/produktas\/fragrance-world-des-tentations-edp-100-ml\/"},"modified":"2024-10-25T11:07:10","modified_gmt":"2024-10-25T08:07:10","slug":"fragrance-world-des-tentations-edp-100-ml","status":"publish","type":"product","link":"https:\/\/aromour.lt\/lv\/produktas\/fragrance-world-des-tentations-edp-100-ml\/","title":{"rendered":"Fragrance World Des Tentations EDP 100 ml"},"content":{"rendered":"<p><strong>Fragrance World Des Tentations<\/strong> \u2013 unik\u0101ls, ener\u0123ijas un izsmalcin\u0101t\u012bbas pilns arom\u0101ts m\u016bsdien\u012bgam v\u012brietim, kur\u0161 nov\u0113rt\u0113 svaigumu, eleganci un izteiksm\u012bgu raksturu. \u0160is arom\u0101ts ir iedvesmots no slaven\u0101 Versace Eros arom\u0101ta, t\u0101p\u0113c tas izce\u013cas ar izteiksm\u012bgu citrusaug\u013cu, svaigas za\u013cuma un siltu koka akordu kombin\u0101ciju, kas lieliski piem\u0113rots gan ikdienai, gan \u012bpa\u0161iem gad\u012bjumiem.<\/p>\n<p>Arom\u0101ts atver durvis uz svaigu un dzirksto\u0161u pasauli, kur\u0101 domin\u0113 citrusaug\u013cu, piparm\u0113tru un \u0101bolu akordi. Sird\u012b atveras silti un smalki tonkas pupi\u0146u, ambroks\u0101na un ziedu nianses, kas pie\u0161\u0137ir arom\u0101tam dzi\u013cumu un maigumu. Pamat\u0101 ir vani\u013cas, vetiverijas, ozolkoka s\u016bnu un ciedra notis, kas nodro\u0161ina ilgsto\u0161u, siltu un j\u016bt\u012bgu arom\u0101ta m\u0101koni.<\/p>\n<p><strong>Fragrance World Des Tentations<\/strong> ir lieliska izv\u0113le v\u012brie\u0161iem, kuri mekl\u0113 univers\u0101lu, bet izsmalcin\u0101tu arom\u0101tu, kas izceltu individualit\u0101ti un sniegtu pa\u0161p\u0101rliecin\u0101t\u012bbu. \u0160is arom\u0101ts bie\u017ei tiek raksturots k\u0101 svaigs, ener\u0123ij\u0101s uzl\u0101d\u0113jo\u0161s un ilgsto\u0161s, t\u0101p\u0113c tas lieliski piem\u0113rots gan dienai, gan vakaram.<\/p>\n","protected":false},"excerpt":{"rendered":"<p>Fragrance World Des Tentations \u2013 unik\u0101ls, ener\u0123ijas un izsmalcin\u0101t\u012bbas pilns arom\u0101ts m\u016bsdien\u012bgam v\u012brietim, kur\u0161 nov\u0113rt\u0113 svaigumu, eleganci un izteiksm\u012bgu raksturu.<\/p>\n","protected":false},"featured_media":3344,"comment_status":"open","ping_status":"closed","template":"","meta":[],"product_brand":[52],"product_cat":[232,198,220,200,233,205,208,209,213,214,216,201,217],"product_tag":[],"class_list":{"0":"post-3343","1":"product","2":"type-product","3":"status-publish","4":"has-post-thumbnail","6":"product_brand-fragrance-world","7":"product_cat-auglu-aromati","8":"product_cat-eau-de-parfum-edp","9":"product_cat-edp-smarzas-viriesiem","10":"product_cat-fragrance-world","11":"product_cat-ikdienas-smarzas-viriesiem","12":"product_cat-pavasara-parfimi","13":"product_cat-romantiskas-smarzas","14":"product_cat-rudens-smarzas","15":"product_cat-vakara-parfimi","16":"product_cat-vasaras-smarzas","17":"product_cat-visas-smarzas","18":"product_cat-ziedu-aromati","19":"product_cat-ziemas-smarzas","21":"first","22":"instock","23":"sale","24":"taxable","25":"shipping-taxable","26":"purchasable","27":"product-type-variable","28":"has-default-attributes"},"_links":{"self":[{"href":"https:\/\/aromour.lt\/lv\/wp-json\/wp\/v2\/product\/3343","targetHints":{"allow":["GET"]}}],"collection":[{"href":"https:\/\/aromour.lt\/lv\/wp-json\/wp\/v2\/product"}],"about":[{"href":"https:\/\/aromour.lt\/lv\/wp-json\/wp\/v2\/types\/product"}],"replies":[{"embeddable":true,"href":"https:\/\/aromour.lt\/lv\/wp-json\/wp\/v2\/comments?post=3343"}],"version-history":[{"count":0,"href":"https:\/\/aromour.lt\/lv\/wp-json\/wp\/v2\/product\/3343\/revisions"}],"wp:featuredmedia":[{"embeddable":true,"href":"https:\/\/aromour.lt\/lv\/wp-json\/wp\/v2\/media\/3344"}],"wp:attachment":[{"href":"https:\/\/aromour.lt\/lv\/wp-json\/wp\/v2\/media?parent=3343"}],"wp:term":[{"taxonomy":"product_brand","embeddable":true,"href":"https:\/\/aromour.lt\/lv\/wp-json\/wp\/v2\/product_brand?post=3343"},{"taxonomy":"product_cat","embeddable":true,"href":"https:\/\/aromour.lt\/lv\/wp-json\/wp\/v2\/product_cat?post=3343"},{"taxonomy":"product_tag","embeddable":true,"href":"https:\/\/aromour.lt\/lv\/wp-json\/wp\/v2\/product_tag?post=3343"}],"curies":[{"name":"wp","href":"https:\/\/api.w.org\/{rel}","templated":true}]}}