{"id":3348,"date":"2024-10-25T11:07:10","date_gmt":"2024-10-25T08:07:10","guid":{"rendered":"https:\/\/aromour.lt\/produktas\/fragrance-world-aqua-de-classic-profumo-edp-80-ml\/"},"modified":"2025-11-15T19:14:06","modified_gmt":"2025-11-15T16:14:06","slug":"fragrance-world-aqua-de-classic-profumo-edp-80-ml","status":"publish","type":"product","link":"https:\/\/aromour.lt\/lv\/produktas\/fragrance-world-aqua-de-classic-profumo-edp-80-ml\/","title":{"rendered":"Fragrance World Aqua De Classic Profumo EDP 80 ml"},"content":{"rendered":"<p><strong>Fragrance World Aqua De Classic Profumo<\/strong> \u2013 svaigs, klasisks un ener\u0123isks arom\u0101ts, rad\u012bts tiem, kas nov\u0113rt\u0113 t\u012br\u012bbas, svaiguma un elegances saj\u016btu ikdien\u0101 vai \u012bpa\u0161os gad\u012bjumos. \u0160\u012b smar\u017ea izce\u013cas ar m\u016bsdien\u012bgu, bet nemirst\u012bgu raksturu, kas smalki iet\u0113rpj un atst\u0101j ilgi notur\u012bgu iespaidu.<\/p>\n<p>Arom\u0101ts lieliski piem\u0113rots gan v\u012brie\u0161iem, gan sieviet\u0113m (unisex), mekl\u0113jot univers\u0101lu, svaigu un ener\u0123isku smar\u017eu, kas uzsv\u0113rtu individualit\u0101ti un rad\u012btu pa\u0161p\u0101rliecin\u0101t\u012bbu. Pateicoties svaigumam un t\u012br\u012bbai, \u0161\u012b smar\u017ea ir \u012bpa\u0161i iecien\u012bta siltaj\u0101 gada laik\u0101, ta\u010du lieliski piem\u0113rota ar\u012b ikdienas lieto\u0161anai visu gadu.<\/p>\n","protected":false},"excerpt":{"rendered":"<p>Fragrance World Aqua De Classic Profumo \u2013 svaigs, klasisks un ener\u0123isks arom\u0101ts, rad\u012bts tiem, kas nov\u0113rt\u0113 t\u012br\u012bbas, svaiguma un elegances<\/p>\n","protected":false},"featured_media":3349,"comment_status":"open","ping_status":"closed","template":"","meta":[],"product_brand":[52],"product_cat":[229,215,198,220,200,233,234,204,224,214,216],"product_tag":[],"class_list":{"0":"post-3348","1":"product","2":"type-product","3":"status-publish","4":"has-post-thumbnail","6":"product_brand-fragrance-world","7":"product_cat-atsvaidzinosi-aromati","8":"product_cat-biznesa-smarzas","9":"product_cat-eau-de-parfum-edp","10":"product_cat-edp-smarzas-viriesiem","11":"product_cat-fragrance-world","12":"product_cat-ikdienas-smarzas-viriesiem","13":"product_cat-jaunakas-smarzas","14":"product_cat-koksnes-aromati","15":"product_cat-popularakie","16":"product_cat-vasaras-smarzas","17":"product_cat-visas-smarzas","19":"first","20":"instock","21":"sale","22":"taxable","23":"shipping-taxable","24":"purchasable","25":"product-type-variable","26":"has-default-attributes"},"_links":{"self":[{"href":"https:\/\/aromour.lt\/lv\/wp-json\/wp\/v2\/product\/3348","targetHints":{"allow":["GET"]}}],"collection":[{"href":"https:\/\/aromour.lt\/lv\/wp-json\/wp\/v2\/product"}],"about":[{"href":"https:\/\/aromour.lt\/lv\/wp-json\/wp\/v2\/types\/product"}],"replies":[{"embeddable":true,"href":"https:\/\/aromour.lt\/lv\/wp-json\/wp\/v2\/comments?post=3348"}],"version-history":[{"count":0,"href":"https:\/\/aromour.lt\/lv\/wp-json\/wp\/v2\/product\/3348\/revisions"}],"wp:featuredmedia":[{"embeddable":true,"href":"https:\/\/aromour.lt\/lv\/wp-json\/wp\/v2\/media\/3349"}],"wp:attachment":[{"href":"https:\/\/aromour.lt\/lv\/wp-json\/wp\/v2\/media?parent=3348"}],"wp:term":[{"taxonomy":"product_brand","embeddable":true,"href":"https:\/\/aromour.lt\/lv\/wp-json\/wp\/v2\/product_brand?post=3348"},{"taxonomy":"product_cat","embeddable":true,"href":"https:\/\/aromour.lt\/lv\/wp-json\/wp\/v2\/product_cat?post=3348"},{"taxonomy":"product_tag","embeddable":true,"href":"https:\/\/aromour.lt\/lv\/wp-json\/wp\/v2\/product_tag?post=3348"}],"curies":[{"name":"wp","href":"https:\/\/api.w.org\/{rel}","templated":true}]}}