{"id":3353,"date":"2024-10-25T11:07:10","date_gmt":"2024-10-25T08:07:10","guid":{"rendered":"https:\/\/aromour.lt\/produktas\/fragrance-world-glorious-oud-royal-blanc-edp-80ml\/"},"modified":"2024-10-25T11:07:10","modified_gmt":"2024-10-25T08:07:10","slug":"fragrance-world-glorious-oud-royal-blanc-edp-80ml","status":"publish","type":"product","link":"https:\/\/aromour.lt\/lv\/produktas\/fragrance-world-glorious-oud-royal-blanc-edp-80ml\/","title":{"rendered":"Fragrance World Glorious Oud Royal Blanc EDP 80ml"},"content":{"rendered":"<p><strong>Fragrance World Glorious Oud Royal Blanc<\/strong> \u2013 izcils unisex arom\u0101ts, iedvesmots no slaven\u0101 Initio Musk Therapy smar\u017eas, kas apvieno eleganci, svaigumu un smalku saldumu harmonisk\u0101 kompoz\u012bcij\u0101. \u0160is arom\u0101ts izce\u013cas ar maigu, pienainu un samtainu raksturu, kas maigi ietver un sniedz siltuma un mier\u012bguma saj\u016btu.<\/p>\n<p>Arom\u0101ts lieliski piem\u0113rots gan sieviet\u0113m, gan v\u012brie\u0161iem, kuri mekl\u0113 gai\u0161u, svaigu un nedaudz saldenu smar\u017eu, kas piem\u0113rota gan ikdienai, gan \u012bpa\u0161iem gad\u012bjumiem. Glorious Oud Royal Blanc bie\u017ei raksturo k\u0101 siltu, maigu un j\u016bt\u012bgu ar vieglu citrusaug\u013cu un muskusa akcentu, kas pak\u0101peniski p\u0101rv\u0113r\u0161as smalk\u0101, kr\u0113m\u012bg\u0101 un svaig\u0101 aug\u013cu kokteil\u012b.<\/p>\n<p>\u0160is arom\u0101ts ir ilgm\u016b\u017e\u012bgs un ar sp\u0113c\u012bgu, bet neb\u0113d\u012bgu vilni \u2013 daudzi lietot\u0101ji slav\u0113 t\u0101 notur\u012bbu un l\u012bdz\u012bbu ori\u0123in\u0101lam. Pudel\u012bte izce\u013cas ar minim\u0101listisku dizainu, kas uzsver smar\u017eas t\u012br\u012bbu un eleganci.<\/p>\n","protected":false},"excerpt":{"rendered":"<p>Fragrance World Glorious Oud Royal Blanc \u2013 izcils unisex arom\u0101ts, iedvesmots no slaven\u0101 Initio Musk Therapy smar\u017eas, kas apvieno eleganci,<\/p>\n","protected":false},"featured_media":3354,"comment_status":"open","ping_status":"closed","template":"","meta":[],"product_brand":[52],"product_cat":[236,198,199,220,200,225,226,206,207,235,204,223,224,209,211,212,213,227,216,217],"product_tag":[],"class_list":{"0":"post-3353","1":"product","2":"type-product","3":"status-publish","4":"has-post-thumbnail","6":"product_brand-fragrance-world","7":"product_cat-austrumu-aromati","8":"product_cat-eau-de-parfum-edp","9":"product_cat-edp-smarzas-sievietem","10":"product_cat-edp-smarzas-viriesiem","11":"product_cat-fragrance-world","12":"product_cat-garsvielu-smarzas","13":"product_cat-garsvielu-smarzas-viriesiem","14":"product_cat-greznas-smarzas","15":"product_cat-greznas-smarzas-sievietem","16":"product_cat-izcili-smarzas-viriesiem","17":"product_cat-koksnes-aromati","18":"product_cat-oud-smarzas","19":"product_cat-popularakie","20":"product_cat-rudens-smarzas","21":"product_cat-top-10-parfimu","22":"product_cat-unisex-parfimi","23":"product_cat-vakara-parfimi","24":"product_cat-vakara-smarzas-viriesiem","25":"product_cat-visas-smarzas","26":"product_cat-ziemas-smarzas","28":"first","29":"instock","30":"sale","31":"taxable","32":"shipping-taxable","33":"purchasable","34":"product-type-variable","35":"has-default-attributes"},"_links":{"self":[{"href":"https:\/\/aromour.lt\/lv\/wp-json\/wp\/v2\/product\/3353","targetHints":{"allow":["GET"]}}],"collection":[{"href":"https:\/\/aromour.lt\/lv\/wp-json\/wp\/v2\/product"}],"about":[{"href":"https:\/\/aromour.lt\/lv\/wp-json\/wp\/v2\/types\/product"}],"replies":[{"embeddable":true,"href":"https:\/\/aromour.lt\/lv\/wp-json\/wp\/v2\/comments?post=3353"}],"version-history":[{"count":0,"href":"https:\/\/aromour.lt\/lv\/wp-json\/wp\/v2\/product\/3353\/revisions"}],"wp:featuredmedia":[{"embeddable":true,"href":"https:\/\/aromour.lt\/lv\/wp-json\/wp\/v2\/media\/3354"}],"wp:attachment":[{"href":"https:\/\/aromour.lt\/lv\/wp-json\/wp\/v2\/media?parent=3353"}],"wp:term":[{"taxonomy":"product_brand","embeddable":true,"href":"https:\/\/aromour.lt\/lv\/wp-json\/wp\/v2\/product_brand?post=3353"},{"taxonomy":"product_cat","embeddable":true,"href":"https:\/\/aromour.lt\/lv\/wp-json\/wp\/v2\/product_cat?post=3353"},{"taxonomy":"product_tag","embeddable":true,"href":"https:\/\/aromour.lt\/lv\/wp-json\/wp\/v2\/product_tag?post=3353"}],"curies":[{"name":"wp","href":"https:\/\/api.w.org\/{rel}","templated":true}]}}