{"id":3372,"date":"2024-10-25T11:07:10","date_gmt":"2024-10-25T08:07:10","guid":{"rendered":"https:\/\/aromour.lt\/produktas\/fragrance-world-barakkat-aqua-aevum-edp-100-ml\/"},"modified":"2025-11-18T00:15:15","modified_gmt":"2025-11-17T21:15:15","slug":"fragrance-world-barakkat-aqua-aevum-edp-100-ml","status":"publish","type":"product","link":"https:\/\/aromour.lt\/lv\/produktas\/fragrance-world-barakkat-aqua-aevum-edp-100-ml\/","title":{"rendered":"Fragrance World Barakkat Aqua Aevum EDP 100 ml"},"content":{"rendered":"<p><strong>Fragrance World Barakkat Aqua Aevum<\/strong> \u2013 atsvaidzino\u0161s, ener\u0123iju sniedzo\u0161s unisex arom\u0101ts tiem, kas nov\u0113rt\u0113 citrusaug\u013cu svaigumu, grezn\u012bbu un m\u016bsdien\u012bgu eleganci ikdien\u0101 vai \u012bpa\u0161os br\u012b\u017eos. \u0160\u012b smar\u017ea izce\u013cas ar spilgtu, vasar\u012bgu raksturu, kas maigi iet\u0113rpj un atst\u0101j ilgi notur\u012bgu, svaigu iespaidu uz \u0101das.<\/p>\n<p>Arom\u0101ts atver durvis uz citrusaug\u013cu un gar\u0161vielu pasauli, kur\u0101 j\u016btams citronu, mandar\u012bnu, bergamotes un kardamona svaigums, papildin\u0101ts ar maig\u0101m kan\u0113\u013ca un piparu nians\u0113m. Sird\u012b atkl\u0101jas smalki ziedu to\u0146i, kas pie\u0161\u0137ir smar\u017eai maigumu un eleganci, bet pamatni veido siltas, zemes koksnes un vetiverijas notis, kas nodro\u0161ina ilgi notur\u012bgu, m\u0101j\u012bgu mirdzumu.<\/p>\n<p><strong>Fragrance World Barakkat Aqua Aevum<\/strong> \u2013 lieliska izv\u0113le gan v\u012brie\u0161iem, gan sieviet\u0113m, kas mekl\u0113 univers\u0101lu, svaigu un ener\u0123isku arom\u0101tu, kas uzsv\u0113rtu individualit\u0101ti un sniegtu pa\u0161p\u0101rliecin\u0101t\u012bbu. Pateicoties t\u0101 svaigumam un t\u012br\u012bbai, \u0161\u012b smar\u017ea \u012bpa\u0161i iecien\u012bta siltajos gada laikos, bet lieliski der\u0113s ar\u012b ikdienas lieto\u0161anai visu gadu.<\/p>\n","protected":false},"excerpt":{"rendered":"<p>Fragrance World Barakkat Aqua Aevum \u2013 atsvaidzino\u0161s, ener\u0123iju sniedzo\u0161s unisex arom\u0101ts tiem, kas nov\u0113rt\u0113 citrusaug\u013cu svaigumu, grezn\u012bbu un m\u016bsdien\u012bgu eleganci<\/p>\n","protected":false},"featured_media":3373,"comment_status":"open","ping_status":"closed","template":"","meta":[],"product_brand":[52],"product_cat":[229,197,237,198,199,220,200,203,234,204,212,214,216],"product_tag":[],"class_list":{"0":"post-3372","1":"product","2":"type-product","3":"status-publish","4":"has-post-thumbnail","6":"product_brand-fragrance-world","7":"product_cat-atsvaidzinosi-aromati","8":"product_cat-barakkat-smarzas","9":"product_cat-citrusu-smarzas","10":"product_cat-eau-de-parfum-edp","11":"product_cat-edp-smarzas-sievietem","12":"product_cat-edp-smarzas-viriesiem","13":"product_cat-fragrance-world","14":"product_cat-ikdienas-parfimi","15":"product_cat-jaunakas-smarzas","16":"product_cat-koksnes-aromati","17":"product_cat-unisex-parfimi","18":"product_cat-vasaras-smarzas","19":"product_cat-visas-smarzas","21":"first","22":"instock","23":"sale","24":"taxable","25":"shipping-taxable","26":"purchasable","27":"product-type-variable","28":"has-default-attributes"},"_links":{"self":[{"href":"https:\/\/aromour.lt\/lv\/wp-json\/wp\/v2\/product\/3372","targetHints":{"allow":["GET"]}}],"collection":[{"href":"https:\/\/aromour.lt\/lv\/wp-json\/wp\/v2\/product"}],"about":[{"href":"https:\/\/aromour.lt\/lv\/wp-json\/wp\/v2\/types\/product"}],"replies":[{"embeddable":true,"href":"https:\/\/aromour.lt\/lv\/wp-json\/wp\/v2\/comments?post=3372"}],"version-history":[{"count":0,"href":"https:\/\/aromour.lt\/lv\/wp-json\/wp\/v2\/product\/3372\/revisions"}],"wp:featuredmedia":[{"embeddable":true,"href":"https:\/\/aromour.lt\/lv\/wp-json\/wp\/v2\/media\/3373"}],"wp:attachment":[{"href":"https:\/\/aromour.lt\/lv\/wp-json\/wp\/v2\/media?parent=3372"}],"wp:term":[{"taxonomy":"product_brand","embeddable":true,"href":"https:\/\/aromour.lt\/lv\/wp-json\/wp\/v2\/product_brand?post=3372"},{"taxonomy":"product_cat","embeddable":true,"href":"https:\/\/aromour.lt\/lv\/wp-json\/wp\/v2\/product_cat?post=3372"},{"taxonomy":"product_tag","embeddable":true,"href":"https:\/\/aromour.lt\/lv\/wp-json\/wp\/v2\/product_tag?post=3372"}],"curies":[{"name":"wp","href":"https:\/\/api.w.org\/{rel}","templated":true}]}}