{"id":3377,"date":"2024-10-25T11:07:10","date_gmt":"2024-10-25T08:07:10","guid":{"rendered":"https:\/\/aromour.lt\/produktas\/fragrance-world-barakkat-aqua-stellar-edp-100-ml\/"},"modified":"2024-10-25T11:07:10","modified_gmt":"2024-10-25T08:07:10","slug":"fragrance-world-barakkat-aqua-stellar-edp-100-ml","status":"publish","type":"product","link":"https:\/\/aromour.lt\/lv\/produktas\/fragrance-world-barakkat-aqua-stellar-edp-100-ml\/","title":{"rendered":"Fragrance World Barakkat Aqua Stellar EDP 100 ml"},"content":{"rendered":"<p><strong>Fragrance World Barakkat Aqua Stellar<\/strong> \u2013 atsvaidzino\u0161s, m\u016bsdien\u012bgs unisex arom\u0101ts, rad\u012bts tiem, kas nov\u0113rt\u0113 citrusaug\u013cu svaigumu, za\u013c\u0101s notis un smalku ziedu maigumu ikdien\u0101 vai \u012bpa\u0161os gad\u012bjumos. \u0160is arom\u0101ts izce\u013cas ar aug\u013cu un citrusaug\u013cu akordu kombin\u0101ciju, kas smalki p\u0101riet svaig\u0101, za\u013c\u0101 un nedaudz p\u016bder\u012bg\u0101 rakstur\u0101, atst\u0101jot ilgsto\u0161u, t\u012bru iespaidu uz \u0101das.<\/p>\n<p><strong>Fragrance World Barakkat Aqua Stellar<\/strong> \u2013 lieliska izv\u0113le gan v\u012brie\u0161iem, gan sieviet\u0113m, kas mekl\u0113 univers\u0101lu, atsvaidzino\u0161u un ener\u0123isku arom\u0101tu, kas uzsv\u0113rtu individualit\u0101ti un dotu pa\u0161p\u0101rliecin\u0101t\u012bbu. Pateicoties svaigumam un t\u012br\u012bbai, \u0161is arom\u0101ts \u012bpa\u0161i iecien\u012bts siltaj\u0101 gada laik\u0101, bet labi piem\u0113rots ar\u012b ikdienas lieto\u0161anai visu gadu.<\/p>\n","protected":false},"excerpt":{"rendered":"<p>Fragrance World Barakkat Aqua Stellar \u2013 atsvaidzino\u0161s, m\u016bsdien\u012bgs unisex arom\u0101ts, rad\u012bts tiem, kas nov\u0113rt\u0113 citrusaug\u013cu svaigumu, za\u013c\u0101s notis un smalku<\/p>\n","protected":false},"featured_media":3378,"comment_status":"open","ping_status":"closed","template":"","meta":[],"product_brand":[52],"product_cat":[229,197,237,198,199,220,200,203,234,204,212,214,216],"product_tag":[],"class_list":{"0":"post-3377","1":"product","2":"type-product","3":"status-publish","4":"has-post-thumbnail","6":"product_brand-fragrance-world","7":"product_cat-atsvaidzinosi-aromati","8":"product_cat-barakkat-smarzas","9":"product_cat-citrusu-smarzas","10":"product_cat-eau-de-parfum-edp","11":"product_cat-edp-smarzas-sievietem","12":"product_cat-edp-smarzas-viriesiem","13":"product_cat-fragrance-world","14":"product_cat-ikdienas-parfimi","15":"product_cat-jaunakas-smarzas","16":"product_cat-koksnes-aromati","17":"product_cat-unisex-parfimi","18":"product_cat-vasaras-smarzas","19":"product_cat-visas-smarzas","21":"first","22":"instock","23":"sale","24":"taxable","25":"shipping-taxable","26":"purchasable","27":"product-type-variable","28":"has-default-attributes"},"_links":{"self":[{"href":"https:\/\/aromour.lt\/lv\/wp-json\/wp\/v2\/product\/3377","targetHints":{"allow":["GET"]}}],"collection":[{"href":"https:\/\/aromour.lt\/lv\/wp-json\/wp\/v2\/product"}],"about":[{"href":"https:\/\/aromour.lt\/lv\/wp-json\/wp\/v2\/types\/product"}],"replies":[{"embeddable":true,"href":"https:\/\/aromour.lt\/lv\/wp-json\/wp\/v2\/comments?post=3377"}],"version-history":[{"count":0,"href":"https:\/\/aromour.lt\/lv\/wp-json\/wp\/v2\/product\/3377\/revisions"}],"wp:featuredmedia":[{"embeddable":true,"href":"https:\/\/aromour.lt\/lv\/wp-json\/wp\/v2\/media\/3378"}],"wp:attachment":[{"href":"https:\/\/aromour.lt\/lv\/wp-json\/wp\/v2\/media?parent=3377"}],"wp:term":[{"taxonomy":"product_brand","embeddable":true,"href":"https:\/\/aromour.lt\/lv\/wp-json\/wp\/v2\/product_brand?post=3377"},{"taxonomy":"product_cat","embeddable":true,"href":"https:\/\/aromour.lt\/lv\/wp-json\/wp\/v2\/product_cat?post=3377"},{"taxonomy":"product_tag","embeddable":true,"href":"https:\/\/aromour.lt\/lv\/wp-json\/wp\/v2\/product_tag?post=3377"}],"curies":[{"name":"wp","href":"https:\/\/api.w.org\/{rel}","templated":true}]}}