{"id":3382,"date":"2024-10-25T11:07:10","date_gmt":"2024-10-25T08:07:10","guid":{"rendered":"https:\/\/aromour.lt\/produktas\/fragrance-world-intro-greatness-oud-edp-80-ml\/"},"modified":"2024-10-25T11:07:10","modified_gmt":"2024-10-25T08:07:10","slug":"fragrance-world-intro-greatness-oud-edp-80-ml","status":"publish","type":"product","link":"https:\/\/aromour.lt\/lv\/produktas\/fragrance-world-intro-greatness-oud-edp-80-ml\/","title":{"rendered":"Fragrance World Intro Greatness Oud EDP 80 ml"},"content":{"rendered":"<p><strong>Fragrance World Intro Greatness Oud<\/strong> \u2013 tas ir izcils unisex arom\u0101ts tiem, kas nov\u0113rt\u0113 grezn\u012bbu, nosl\u0113pumain\u012bbu un izcili raksturu ikdien\u0101 vai \u012bpa\u0161os br\u012b\u017eos. \u0160is arom\u0101ts izce\u013cas ar bag\u0101t\u012bgu, siltu un j\u016bt\u012bgu iespaidu, kas smalki ap\u0146em un atst\u0101j ilgsto\u0161u arom\u0101ta m\u0101koni, sniedzot p\u0101rliec\u012bbu un rafin\u0113t\u012bbas saj\u016btu.<\/p>\n<p>Intro Greatness Oud lieliski piem\u0113rots gan v\u012brie\u0161iem, gan sieviet\u0113m, kuri v\u0113las izcelt savu individualit\u0101ti un stilu. Pateicoties t\u0101 univers\u0101lajam raksturam un notur\u012bbai, \u0161o arom\u0101tu bie\u017ei izv\u0113las vakaram vai \u012bpa\u0161iem gad\u012bjumiem, ta\u010du tas piem\u0113rots ar\u012b ikdienas lieto\u0161anai, kad v\u0113las izcelties. Arom\u0101ts apskau\u017e grezn\u012bbas, dzi\u013cuma un nosl\u0113pumain\u012bbas saj\u016btu, kas aktiviz\u0113 izt\u0113li un neatst\u0101j nevienu vienaldz\u012bgu.<\/p>\n","protected":false},"excerpt":{"rendered":"<p>Fragrance World Intro Greatness Oud \u2013 tas ir izcils unisex arom\u0101ts tiem, kas nov\u0113rt\u0113 grezn\u012bbu, nosl\u0113pumain\u012bbu un izcili raksturu ikdien\u0101<\/p>\n","protected":false},"featured_media":3383,"comment_status":"open","ping_status":"closed","template":"","meta":[],"product_brand":[52],"product_cat":[236,198,199,220,200,225,226,206,235,204,223,212,213,227,216,217],"product_tag":[],"class_list":{"0":"post-3382","1":"product","2":"type-product","3":"status-publish","4":"has-post-thumbnail","6":"product_brand-fragrance-world","7":"product_cat-austrumu-aromati","8":"product_cat-eau-de-parfum-edp","9":"product_cat-edp-smarzas-sievietem","10":"product_cat-edp-smarzas-viriesiem","11":"product_cat-fragrance-world","12":"product_cat-garsvielu-smarzas","13":"product_cat-garsvielu-smarzas-viriesiem","14":"product_cat-greznas-smarzas","15":"product_cat-izcili-smarzas-viriesiem","16":"product_cat-koksnes-aromati","17":"product_cat-oud-smarzas","18":"product_cat-unisex-parfimi","19":"product_cat-vakara-parfimi","20":"product_cat-vakara-smarzas-viriesiem","21":"product_cat-visas-smarzas","22":"product_cat-ziemas-smarzas","24":"first","25":"instock","26":"sale","27":"taxable","28":"shipping-taxable","29":"purchasable","30":"product-type-variable","31":"has-default-attributes"},"_links":{"self":[{"href":"https:\/\/aromour.lt\/lv\/wp-json\/wp\/v2\/product\/3382","targetHints":{"allow":["GET"]}}],"collection":[{"href":"https:\/\/aromour.lt\/lv\/wp-json\/wp\/v2\/product"}],"about":[{"href":"https:\/\/aromour.lt\/lv\/wp-json\/wp\/v2\/types\/product"}],"replies":[{"embeddable":true,"href":"https:\/\/aromour.lt\/lv\/wp-json\/wp\/v2\/comments?post=3382"}],"version-history":[{"count":0,"href":"https:\/\/aromour.lt\/lv\/wp-json\/wp\/v2\/product\/3382\/revisions"}],"wp:featuredmedia":[{"embeddable":true,"href":"https:\/\/aromour.lt\/lv\/wp-json\/wp\/v2\/media\/3383"}],"wp:attachment":[{"href":"https:\/\/aromour.lt\/lv\/wp-json\/wp\/v2\/media?parent=3382"}],"wp:term":[{"taxonomy":"product_brand","embeddable":true,"href":"https:\/\/aromour.lt\/lv\/wp-json\/wp\/v2\/product_brand?post=3382"},{"taxonomy":"product_cat","embeddable":true,"href":"https:\/\/aromour.lt\/lv\/wp-json\/wp\/v2\/product_cat?post=3382"},{"taxonomy":"product_tag","embeddable":true,"href":"https:\/\/aromour.lt\/lv\/wp-json\/wp\/v2\/product_tag?post=3382"}],"curies":[{"name":"wp","href":"https:\/\/api.w.org\/{rel}","templated":true}]}}