{"id":3387,"date":"2024-10-25T11:07:10","date_gmt":"2024-10-25T08:07:10","guid":{"rendered":"https:\/\/aromour.lt\/produktas\/fragrance-world-classy-chic-girl-edp-90-ml\/"},"modified":"2024-10-25T11:07:10","modified_gmt":"2024-10-25T08:07:10","slug":"fragrance-world-classy-chic-girl-edp-90-ml","status":"publish","type":"product","link":"https:\/\/aromour.lt\/lv\/produktas\/fragrance-world-classy-chic-girl-edp-90-ml\/","title":{"rendered":"Fragrance World Classy Chic Girl EDP 90 ml"},"content":{"rendered":"<p><strong>Fragrance World Classy Chic Girll<\/strong> \u2013 tas ir izcils, m\u016bsdien\u012bgas meitenes arom\u0101ts, rad\u012bts, lai izceltu eleganci, pa\u0161p\u0101rliecin\u0101t\u012bbu un \u0161armu ikdien\u0101 vai \u012bpa\u0161os gad\u012bjumos. \u0160\u012b smar\u017ea ir iedvesmota no slaven\u0101 \u201eGood Girl\u201d arom\u0101ta un izce\u013cas ar savu divpus\u0113j\u012bbu \u2013 taj\u0101 apvienojas gan maigums, gan drosme, smalkums un nosl\u0113pumain\u012bba.<\/p>\n<p>Arom\u0101ts atver durvis uz svaigu un ener\u0123isku pasauli, kas p\u0101rv\u0113r\u0161as juteklisk\u0101, ziedu un gurm\u0101na nobeigum\u0101, smalki aptverot un atst\u0101jot ilgsto\u0161u iespaidu. Smar\u017ea lieliski piem\u0113rota sieviet\u0113m, kas v\u0113las izcelt savu individualit\u0101ti, stilu un izcil\u012bbu \u2013 gan dienai, gan vakaram.<\/p>\n<p>Pudele izce\u013cas ar elegantu, augstpap\u0113\u017eu formas dizainu, kas k\u013c\u016bst par \u012bstu stila akcentu un lieliski der d\u0101vanai. Arom\u0101ts bie\u017ei tiek raksturots k\u0101 ilgnotur\u012bgs, sp\u0113c\u012bgi j\u016btams un sa\u0146em daudz komplimentu.<\/p>\n","protected":false},"excerpt":{"rendered":"<p>Fragrance World Classy Chic Girll \u2013 tas ir izcils, m\u016bsdien\u012bgas meitenes arom\u0101ts, rad\u012bts, lai izceltu eleganci, pa\u0161p\u0101rliecin\u0101t\u012bbu un \u0161armu ikdien\u0101<\/p>\n","protected":false},"featured_media":3388,"comment_status":"open","ping_status":"closed","template":"","meta":[],"product_brand":[52],"product_cat":[232,198,199,200,207,230,205,224,208,210,231,238,214,216,201,202],"product_tag":[],"class_list":{"0":"post-3387","1":"product","2":"type-product","3":"status-publish","4":"has-post-thumbnail","6":"product_brand-fragrance-world","7":"product_cat-auglu-aromati","8":"product_cat-eau-de-parfum-edp","9":"product_cat-edp-smarzas-sievietem","10":"product_cat-fragrance-world","11":"product_cat-greznas-smarzas-sievietem","12":"product_cat-ikdienas-smarzas-sievietem","13":"product_cat-pavasara-parfimi","14":"product_cat-popularakie","15":"product_cat-romantiskas-smarzas","16":"product_cat-saldas-smarzas","17":"product_cat-smarzas-sievietem","18":"product_cat-vakara-smarzas-sievietem","19":"product_cat-vasaras-smarzas","20":"product_cat-visas-smarzas","21":"product_cat-ziedu-aromati","22":"product_cat-ziedu-aromati-sievietem","24":"first","25":"instock","26":"sale","27":"taxable","28":"shipping-taxable","29":"purchasable","30":"product-type-variable","31":"has-default-attributes"},"_links":{"self":[{"href":"https:\/\/aromour.lt\/lv\/wp-json\/wp\/v2\/product\/3387","targetHints":{"allow":["GET"]}}],"collection":[{"href":"https:\/\/aromour.lt\/lv\/wp-json\/wp\/v2\/product"}],"about":[{"href":"https:\/\/aromour.lt\/lv\/wp-json\/wp\/v2\/types\/product"}],"replies":[{"embeddable":true,"href":"https:\/\/aromour.lt\/lv\/wp-json\/wp\/v2\/comments?post=3387"}],"version-history":[{"count":0,"href":"https:\/\/aromour.lt\/lv\/wp-json\/wp\/v2\/product\/3387\/revisions"}],"wp:featuredmedia":[{"embeddable":true,"href":"https:\/\/aromour.lt\/lv\/wp-json\/wp\/v2\/media\/3388"}],"wp:attachment":[{"href":"https:\/\/aromour.lt\/lv\/wp-json\/wp\/v2\/media?parent=3387"}],"wp:term":[{"taxonomy":"product_brand","embeddable":true,"href":"https:\/\/aromour.lt\/lv\/wp-json\/wp\/v2\/product_brand?post=3387"},{"taxonomy":"product_cat","embeddable":true,"href":"https:\/\/aromour.lt\/lv\/wp-json\/wp\/v2\/product_cat?post=3387"},{"taxonomy":"product_tag","embeddable":true,"href":"https:\/\/aromour.lt\/lv\/wp-json\/wp\/v2\/product_tag?post=3387"}],"curies":[{"name":"wp","href":"https:\/\/api.w.org\/{rel}","templated":true}]}}