{"id":3392,"date":"2024-10-25T11:07:10","date_gmt":"2024-10-25T08:07:10","guid":{"rendered":"https:\/\/aromour.lt\/produktas\/fragrance-world-canale-de-blue-edp-100-ml\/"},"modified":"2024-10-25T11:07:10","modified_gmt":"2024-10-25T08:07:10","slug":"fragrance-world-canale-de-blue-edp-100-ml","status":"publish","type":"product","link":"https:\/\/aromour.lt\/lv\/produktas\/fragrance-world-canale-de-blue-edp-100-ml\/","title":{"rendered":"Fragrance World Canale De Blue EDP 100 ml"},"content":{"rendered":"<p><strong>Fragrance World Canale De Blue<\/strong> \u2013 atsvaidzino\u0161s, m\u016bsdien\u012bgs unisex arom\u0101ts, rad\u012bts tiem, kas nov\u0113rt\u0113 br\u012bv\u012bbu, ener\u0123iju un smalku eleganci ikdien\u0101 vai \u012bpa\u0161os br\u012b\u017eos. \u0160is arom\u0101ts iedvesmots no le\u0123end\u0101r\u0101 \u201eBleu de Chanel\u201c arom\u0101ta, t\u0101p\u0113c izce\u013cas ar citrusaug\u013cu, gar\u0161vielu un koka to\u0146u kombin\u0101ciju, kas maigi aptver un atst\u0101j ilgi notur\u012bgu, atsvaidzino\u0161u iespaidu uz \u0101das.<\/p>\n<p>Arom\u0101ts lieliski piem\u0113rots gan v\u012brie\u0161iem, gan sieviet\u0113m, kas v\u0113las uzsv\u0113rt savu individualit\u0101ti un m\u016bsdien\u012bgo stilu. Pateicoties t\u0101 daudzpus\u012bbai un svaigumam, \u0161is arom\u0101ts \u012bpa\u0161i iecien\u012bts silto gadalaiku laik\u0101, bet piem\u0113rots ar\u012b ikdienas lieto\u0161anai visu gadu. Canale De Blue izpau\u017e ener\u0123ijas, t\u012br\u012bbas un modernit\u0101tes saj\u016btu, kas sniedz p\u0101rliec\u012bbu un izcil\u012bbu.<\/p>\n","protected":false},"excerpt":{"rendered":"<p>Fragrance World Canale De Blue \u2013 atsvaidzino\u0161s, m\u016bsdien\u012bgs unisex arom\u0101ts, rad\u012bts tiem, kas nov\u0113rt\u0113 br\u012bv\u012bbu, ener\u0123iju un smalku eleganci ikdien\u0101<\/p>\n","protected":false},"featured_media":3393,"comment_status":"open","ping_status":"closed","template":"","meta":[],"product_brand":[52],"product_cat":[229,215,237,198,220,200,233,204,239,214,216],"product_tag":[],"class_list":{"0":"post-3392","1":"product","2":"type-product","3":"status-publish","4":"has-post-thumbnail","6":"product_brand-fragrance-world","7":"product_cat-atsvaidzinosi-aromati","8":"product_cat-biznesa-smarzas","9":"product_cat-citrusu-smarzas","10":"product_cat-eau-de-parfum-edp","11":"product_cat-edp-smarzas-viriesiem","12":"product_cat-fragrance-world","13":"product_cat-ikdienas-smarzas-viriesiem","14":"product_cat-koksnes-aromati","15":"product_cat-smarzas-viriesiem","16":"product_cat-vasaras-smarzas","17":"product_cat-visas-smarzas","19":"first","20":"instock","21":"sale","22":"taxable","23":"shipping-taxable","24":"purchasable","25":"product-type-variable","26":"has-default-attributes"},"_links":{"self":[{"href":"https:\/\/aromour.lt\/lv\/wp-json\/wp\/v2\/product\/3392","targetHints":{"allow":["GET"]}}],"collection":[{"href":"https:\/\/aromour.lt\/lv\/wp-json\/wp\/v2\/product"}],"about":[{"href":"https:\/\/aromour.lt\/lv\/wp-json\/wp\/v2\/types\/product"}],"replies":[{"embeddable":true,"href":"https:\/\/aromour.lt\/lv\/wp-json\/wp\/v2\/comments?post=3392"}],"version-history":[{"count":0,"href":"https:\/\/aromour.lt\/lv\/wp-json\/wp\/v2\/product\/3392\/revisions"}],"wp:featuredmedia":[{"embeddable":true,"href":"https:\/\/aromour.lt\/lv\/wp-json\/wp\/v2\/media\/3393"}],"wp:attachment":[{"href":"https:\/\/aromour.lt\/lv\/wp-json\/wp\/v2\/media?parent=3392"}],"wp:term":[{"taxonomy":"product_brand","embeddable":true,"href":"https:\/\/aromour.lt\/lv\/wp-json\/wp\/v2\/product_brand?post=3392"},{"taxonomy":"product_cat","embeddable":true,"href":"https:\/\/aromour.lt\/lv\/wp-json\/wp\/v2\/product_cat?post=3392"},{"taxonomy":"product_tag","embeddable":true,"href":"https:\/\/aromour.lt\/lv\/wp-json\/wp\/v2\/product_tag?post=3392"}],"curies":[{"name":"wp","href":"https:\/\/api.w.org\/{rel}","templated":true}]}}