{"id":3397,"date":"2024-10-25T11:07:10","date_gmt":"2024-10-25T08:07:10","guid":{"rendered":"https:\/\/aromour.lt\/produktas\/fragrance-world-montera-instant-love-edp-100-ml\/"},"modified":"2024-10-25T11:07:10","modified_gmt":"2024-10-25T08:07:10","slug":"fragrance-world-montera-instant-love-edp-100-ml","status":"publish","type":"product","link":"https:\/\/aromour.lt\/lv\/produktas\/fragrance-world-montera-instant-love-edp-100-ml\/","title":{"rendered":"Fragrance World Montera Instant Love EDP 100 ml"},"content":{"rendered":"<p><strong>Fragrance World Montera Instant Love<\/strong> \u2013 grezns unisex arom\u0101ts, rad\u012bts tiem, kas nov\u0113rt\u0113 m\u012blest\u012bbas, kaisles un izcil\u012bbas saj\u016btu ikdien\u0101 vai \u012bpa\u0161os br\u012b\u017eos. \u0160is arom\u0101ts izce\u013cas ar savu bag\u0101t\u012bgo, siltu un j\u016bt\u012bgu raksturu, kas maigi ieskauj un atst\u0101j ilgsto\u0161u, neaizmirstamu arom\u0101ta p\u0113du.<\/p>\n<p><strong>Fragrance World Montera Instant Love<\/strong> \u2013 lieliska izv\u0113le gan v\u012brie\u0161iem, gan sieviet\u0113m, kas mekl\u0113 univers\u0101lu, ta\u010du izcilu arom\u0101tu, kas akcent\u0113tu individualit\u0101ti un dotu p\u0101rliec\u012bbu par sevi. \u0160is arom\u0101ts ide\u0101li piem\u0113rots \u012bpa\u0161iem mirk\u013ciem vai ikdienas lieto\u0161anai, kad v\u0113laties uzsv\u0113rt savu \u0161armu un rad\u012bt neaizmirstamu iespaidu.<\/p>\n","protected":false},"excerpt":{"rendered":"<p>Fragrance World Montera Instant Love \u2013 grezns unisex arom\u0101ts, rad\u012bts tiem, kas nov\u0113rt\u0113 m\u012blest\u012bbas, kaisles un izcil\u012bbas saj\u016btu ikdien\u0101 vai<\/p>\n","protected":false},"featured_media":3398,"comment_status":"open","ping_status":"closed","template":"","meta":[],"product_brand":[52],"product_cat":[232,198,199,220,200,206,207,204,208,210,212,213,216],"product_tag":[],"class_list":{"0":"post-3397","1":"product","2":"type-product","3":"status-publish","4":"has-post-thumbnail","6":"product_brand-fragrance-world","7":"product_cat-auglu-aromati","8":"product_cat-eau-de-parfum-edp","9":"product_cat-edp-smarzas-sievietem","10":"product_cat-edp-smarzas-viriesiem","11":"product_cat-fragrance-world","12":"product_cat-greznas-smarzas","13":"product_cat-greznas-smarzas-sievietem","14":"product_cat-koksnes-aromati","15":"product_cat-romantiskas-smarzas","16":"product_cat-saldas-smarzas","17":"product_cat-unisex-parfimi","18":"product_cat-vakara-parfimi","19":"product_cat-visas-smarzas","21":"first","22":"instock","23":"sale","24":"taxable","25":"shipping-taxable","26":"purchasable","27":"product-type-variable","28":"has-default-attributes"},"_links":{"self":[{"href":"https:\/\/aromour.lt\/lv\/wp-json\/wp\/v2\/product\/3397","targetHints":{"allow":["GET"]}}],"collection":[{"href":"https:\/\/aromour.lt\/lv\/wp-json\/wp\/v2\/product"}],"about":[{"href":"https:\/\/aromour.lt\/lv\/wp-json\/wp\/v2\/types\/product"}],"replies":[{"embeddable":true,"href":"https:\/\/aromour.lt\/lv\/wp-json\/wp\/v2\/comments?post=3397"}],"version-history":[{"count":0,"href":"https:\/\/aromour.lt\/lv\/wp-json\/wp\/v2\/product\/3397\/revisions"}],"wp:featuredmedia":[{"embeddable":true,"href":"https:\/\/aromour.lt\/lv\/wp-json\/wp\/v2\/media\/3398"}],"wp:attachment":[{"href":"https:\/\/aromour.lt\/lv\/wp-json\/wp\/v2\/media?parent=3397"}],"wp:term":[{"taxonomy":"product_brand","embeddable":true,"href":"https:\/\/aromour.lt\/lv\/wp-json\/wp\/v2\/product_brand?post=3397"},{"taxonomy":"product_cat","embeddable":true,"href":"https:\/\/aromour.lt\/lv\/wp-json\/wp\/v2\/product_cat?post=3397"},{"taxonomy":"product_tag","embeddable":true,"href":"https:\/\/aromour.lt\/lv\/wp-json\/wp\/v2\/product_tag?post=3397"}],"curies":[{"name":"wp","href":"https:\/\/api.w.org\/{rel}","templated":true}]}}