{"id":3402,"date":"2024-10-25T11:07:10","date_gmt":"2024-10-25T08:07:10","guid":{"rendered":"https:\/\/aromour.lt\/produktas\/fragrance-world-john-gustav-homme-classic-edp-100-ml\/"},"modified":"2024-10-25T11:07:10","modified_gmt":"2024-10-25T08:07:10","slug":"fragrance-world-john-gustav-homme-classic-edp-100-ml","status":"publish","type":"product","link":"https:\/\/aromour.lt\/lv\/produktas\/fragrance-world-john-gustav-homme-classic-edp-100-ml\/","title":{"rendered":"Fragrance World John Gustav Homme Classic EDP 100 ml"},"content":{"rendered":"<p><strong>Fragrance World John Gustav Homme Classic<\/strong> \u2013 elegants un rafin\u0113ts arom\u0101ts m\u016bsdien\u012bgam v\u012brietim, kur\u0161 nov\u0113rt\u0113 klasisko stilu, pa\u0161p\u0101rliecin\u0101t\u012bbu un smalku grezn\u012bbu ikdien\u0101 vai \u012bpa\u0161os pas\u0101kumos. \u0160\u012b smar\u017ea izce\u013cas ar harmoniski saska\u0146otu, siltu un v\u012bri\u0161\u0137\u012bgu raksturu, kas maigi apskauj un atst\u0101j ilgsto\u0161u iespaidu.<\/p>\n<p>Arom\u0101ts ir piem\u0113rots gan dienai, gan vakar\u0101, kad v\u0113las uzsv\u0113rt savu individualit\u0101ti un stilu. Sav\u0101 univers\u0101laj\u0101 un ilgsto\u0161aj\u0101 rakstur\u0101 tas bie\u017ei tiek izv\u0113l\u0113ts v\u012brie\u0161u vid\u016b, kuri mekl\u0113 izteiksm\u012bgu, bet neuzb\u0101z\u012bgu akcentu, kas sniedz p\u0101rliec\u012bbu par sevi un izcil\u012bbas saj\u016btu.<\/p>\n","protected":false},"excerpt":{"rendered":"<p>Fragrance World John Gustav Homme Classic \u2013 elegants un rafin\u0113ts arom\u0101ts m\u016bsdien\u012bgam v\u012brietim, kur\u0161 nov\u0113rt\u0113 klasisko stilu, pa\u0161p\u0101rliecin\u0101t\u012bbu un smalku<\/p>\n","protected":false},"featured_media":3403,"comment_status":"open","ping_status":"closed","template":"","meta":[],"product_brand":[52],"product_cat":[215,198,220,200,225,226,233,204,209,239,213,227,216,217],"product_tag":[],"class_list":{"0":"post-3402","1":"product","2":"type-product","3":"status-publish","4":"has-post-thumbnail","6":"product_brand-fragrance-world","7":"product_cat-biznesa-smarzas","8":"product_cat-eau-de-parfum-edp","9":"product_cat-edp-smarzas-viriesiem","10":"product_cat-fragrance-world","11":"product_cat-garsvielu-smarzas","12":"product_cat-garsvielu-smarzas-viriesiem","13":"product_cat-ikdienas-smarzas-viriesiem","14":"product_cat-koksnes-aromati","15":"product_cat-rudens-smarzas","16":"product_cat-smarzas-viriesiem","17":"product_cat-vakara-parfimi","18":"product_cat-vakara-smarzas-viriesiem","19":"product_cat-visas-smarzas","20":"product_cat-ziemas-smarzas","22":"first","23":"instock","24":"sale","25":"taxable","26":"shipping-taxable","27":"purchasable","28":"product-type-variable","29":"has-default-attributes"},"_links":{"self":[{"href":"https:\/\/aromour.lt\/lv\/wp-json\/wp\/v2\/product\/3402","targetHints":{"allow":["GET"]}}],"collection":[{"href":"https:\/\/aromour.lt\/lv\/wp-json\/wp\/v2\/product"}],"about":[{"href":"https:\/\/aromour.lt\/lv\/wp-json\/wp\/v2\/types\/product"}],"replies":[{"embeddable":true,"href":"https:\/\/aromour.lt\/lv\/wp-json\/wp\/v2\/comments?post=3402"}],"version-history":[{"count":0,"href":"https:\/\/aromour.lt\/lv\/wp-json\/wp\/v2\/product\/3402\/revisions"}],"wp:featuredmedia":[{"embeddable":true,"href":"https:\/\/aromour.lt\/lv\/wp-json\/wp\/v2\/media\/3403"}],"wp:attachment":[{"href":"https:\/\/aromour.lt\/lv\/wp-json\/wp\/v2\/media?parent=3402"}],"wp:term":[{"taxonomy":"product_brand","embeddable":true,"href":"https:\/\/aromour.lt\/lv\/wp-json\/wp\/v2\/product_brand?post=3402"},{"taxonomy":"product_cat","embeddable":true,"href":"https:\/\/aromour.lt\/lv\/wp-json\/wp\/v2\/product_cat?post=3402"},{"taxonomy":"product_tag","embeddable":true,"href":"https:\/\/aromour.lt\/lv\/wp-json\/wp\/v2\/product_tag?post=3402"}],"curies":[{"name":"wp","href":"https:\/\/api.w.org\/{rel}","templated":true}]}}