{"id":3407,"date":"2024-10-25T11:07:10","date_gmt":"2024-10-25T08:07:10","guid":{"rendered":"https:\/\/aromour.lt\/produktas\/fragrance-world-neroli-riviera-edp-80-ml\/"},"modified":"2025-11-18T00:15:36","modified_gmt":"2025-11-17T21:15:36","slug":"fragrance-world-neroli-riviera-edp-80-ml","status":"publish","type":"product","link":"https:\/\/aromour.lt\/lv\/produktas\/fragrance-world-neroli-riviera-edp-80-ml\/","title":{"rendered":"Fragrance World Neroli Riviera EDP 80 ml"},"content":{"rendered":"<p><strong>Fragrance World Neroli Riviera<\/strong> \u2013 tas ir atsvaidzino\u0161s, gai\u0161s un ener\u0123ijas pilns univers\u0101ls arom\u0101ts, iedvesmots no Vidusj\u016bras krasta grezn\u012bbas un saules apsp\u012bd\u0113tu citrusaug\u013cu kokosn\u0113m. \u0160\u012b smar\u017ea izce\u013cas ar spilgtu citrusaug\u013cu un z\u0101\u013cu raksturu, kas smalki p\u0101riet m\u012bkst\u0101 ziedu sird\u012b un silt\u0101, m\u0101j\u012bg\u0101 pamatn\u0113.<\/p>\n<p>Arom\u0101ts lieliski piem\u0113rots gan v\u012brie\u0161iem, gan sieviet\u0113m, kuri v\u0113las izcelt savu individualit\u0101ti, t\u012br\u012bbu un eleganci ikdien\u0101 vai \u012bpa\u0161os gad\u012bjumos. Neroli Riviera smar\u017ea bie\u017ei tiek raksturota k\u0101 atsvaidzino\u0161a, vasar\u012bga un \u013coti modern\u0101 \u2013 t\u0101 rada viegluma, br\u012bv\u012bbas un Vidusj\u016bras br\u012bze saj\u016btu.<\/p>\n<p>Smar\u017ea izce\u013cas ar ilgu notur\u012bbu, t\u012bru un smalku p\u0113das arom\u0101tu, kas aptver un sniedz p\u0101rliec\u012bbu par sevi. Pateicoties t\u0101s univers\u0101lajai un atsvaidzino\u0161ajai dabai, \u0161is arom\u0101ts \u012bpa\u0161i iecien\u012bts siltaj\u0101 sezon\u0101, ta\u010du labi der\u0113s ar\u012b ikdienas lieto\u0161anai visas sezonas garum\u0101.<\/p>\n","protected":false},"excerpt":{"rendered":"<p>Fragrance World Neroli Riviera \u2013 tas ir atsvaidzino\u0161s, gai\u0161s un ener\u0123ijas pilns univers\u0101ls arom\u0101ts, iedvesmots no Vidusj\u016bras krasta grezn\u012bbas un<\/p>\n","protected":false},"featured_media":3408,"comment_status":"open","ping_status":"closed","template":"","meta":[],"product_brand":[52],"product_cat":[229,232,240,237,198,199,220,203,230,233,205,212,214,216,201,202],"product_tag":[],"class_list":{"0":"post-3407","1":"product","2":"type-product","3":"status-publish","4":"has-post-thumbnail","6":"product_brand-fragrance-world","7":"product_cat-atsvaidzinosi-aromati","8":"product_cat-auglu-aromati","9":"product_cat-auglu-smarzas-sievietem","10":"product_cat-citrusu-smarzas","11":"product_cat-eau-de-parfum-edp","12":"product_cat-edp-smarzas-sievietem","13":"product_cat-edp-smarzas-viriesiem","14":"product_cat-ikdienas-parfimi","15":"product_cat-ikdienas-smarzas-sievietem","16":"product_cat-ikdienas-smarzas-viriesiem","17":"product_cat-pavasara-parfimi","18":"product_cat-unisex-parfimi","19":"product_cat-vasaras-smarzas","20":"product_cat-visas-smarzas","21":"product_cat-ziedu-aromati","22":"product_cat-ziedu-aromati-sievietem","24":"first","25":"instock","26":"sale","27":"taxable","28":"shipping-taxable","29":"purchasable","30":"product-type-variable","31":"has-default-attributes"},"_links":{"self":[{"href":"https:\/\/aromour.lt\/lv\/wp-json\/wp\/v2\/product\/3407","targetHints":{"allow":["GET"]}}],"collection":[{"href":"https:\/\/aromour.lt\/lv\/wp-json\/wp\/v2\/product"}],"about":[{"href":"https:\/\/aromour.lt\/lv\/wp-json\/wp\/v2\/types\/product"}],"replies":[{"embeddable":true,"href":"https:\/\/aromour.lt\/lv\/wp-json\/wp\/v2\/comments?post=3407"}],"version-history":[{"count":0,"href":"https:\/\/aromour.lt\/lv\/wp-json\/wp\/v2\/product\/3407\/revisions"}],"wp:featuredmedia":[{"embeddable":true,"href":"https:\/\/aromour.lt\/lv\/wp-json\/wp\/v2\/media\/3408"}],"wp:attachment":[{"href":"https:\/\/aromour.lt\/lv\/wp-json\/wp\/v2\/media?parent=3407"}],"wp:term":[{"taxonomy":"product_brand","embeddable":true,"href":"https:\/\/aromour.lt\/lv\/wp-json\/wp\/v2\/product_brand?post=3407"},{"taxonomy":"product_cat","embeddable":true,"href":"https:\/\/aromour.lt\/lv\/wp-json\/wp\/v2\/product_cat?post=3407"},{"taxonomy":"product_tag","embeddable":true,"href":"https:\/\/aromour.lt\/lv\/wp-json\/wp\/v2\/product_tag?post=3407"}],"curies":[{"name":"wp","href":"https:\/\/api.w.org\/{rel}","templated":true}]}}