{"id":3412,"date":"2024-10-25T11:07:10","date_gmt":"2024-10-25T08:07:10","guid":{"rendered":"https:\/\/aromour.lt\/produktas\/fragrance-world-sedley-edp-100-ml\/"},"modified":"2024-10-25T11:07:10","modified_gmt":"2024-10-25T08:07:10","slug":"fragrance-world-sedley-edp-100-ml","status":"publish","type":"product","link":"https:\/\/aromour.lt\/lv\/produktas\/fragrance-world-sedley-edp-100-ml\/","title":{"rendered":"Fragrance World Sedley EDP 100 ml"},"content":{"rendered":"<p><strong>Fragrance World Sedley<\/strong> \u2013 t\u0101 ir svaiga un ener\u0123iska smar\u017ea, rad\u012bta m\u016bsdien\u012bgam v\u012brietim, kur\u0161 nov\u0113rt\u0113 svaiguma, gar\u0161vielu un smalka koka akcentu harmoniju. \u0160\u012b smar\u017ea izce\u013cas ar citrus\u012bgu raksturu, smalki papildin\u0101tu ar maigiem koka nians\u0113jumiem, t\u0101d\u0113\u013c piem\u0113rota gan ikdienai, gan \u012bpa\u0161iem gad\u012bjumiem.<\/p>\n<p>Smar\u017ea atst\u0101j ilgsto\u0161u, siltu un juteklisku p\u0113das, kas smalki ietver un sniedz pa\u0161p\u0101rliecin\u0101t\u012bbu.<\/p>\n","protected":false},"excerpt":{"rendered":"<p>Fragrance World Sedley \u2013 t\u0101 ir svaiga un ener\u0123iska smar\u017ea, rad\u012bta m\u016bsdien\u012bgam v\u012brietim, kur\u0161 nov\u0113rt\u0113 svaiguma, gar\u0161vielu un smalka koka<\/p>\n","protected":false},"featured_media":3413,"comment_status":"open","ping_status":"closed","template":"","meta":[],"product_brand":[52],"product_cat":[229,237,198,220,200,203,233,204,205,224,211,214,216],"product_tag":[],"class_list":{"0":"post-3412","1":"product","2":"type-product","3":"status-publish","4":"has-post-thumbnail","6":"product_brand-fragrance-world","7":"product_cat-atsvaidzinosi-aromati","8":"product_cat-citrusu-smarzas","9":"product_cat-eau-de-parfum-edp","10":"product_cat-edp-smarzas-viriesiem","11":"product_cat-fragrance-world","12":"product_cat-ikdienas-parfimi","13":"product_cat-ikdienas-smarzas-viriesiem","14":"product_cat-koksnes-aromati","15":"product_cat-pavasara-parfimi","16":"product_cat-popularakie","17":"product_cat-top-10-parfimu","18":"product_cat-vasaras-smarzas","19":"product_cat-visas-smarzas","21":"first","22":"instock","23":"sale","24":"taxable","25":"shipping-taxable","26":"purchasable","27":"product-type-variable","28":"has-default-attributes"},"_links":{"self":[{"href":"https:\/\/aromour.lt\/lv\/wp-json\/wp\/v2\/product\/3412","targetHints":{"allow":["GET"]}}],"collection":[{"href":"https:\/\/aromour.lt\/lv\/wp-json\/wp\/v2\/product"}],"about":[{"href":"https:\/\/aromour.lt\/lv\/wp-json\/wp\/v2\/types\/product"}],"replies":[{"embeddable":true,"href":"https:\/\/aromour.lt\/lv\/wp-json\/wp\/v2\/comments?post=3412"}],"version-history":[{"count":0,"href":"https:\/\/aromour.lt\/lv\/wp-json\/wp\/v2\/product\/3412\/revisions"}],"wp:featuredmedia":[{"embeddable":true,"href":"https:\/\/aromour.lt\/lv\/wp-json\/wp\/v2\/media\/3413"}],"wp:attachment":[{"href":"https:\/\/aromour.lt\/lv\/wp-json\/wp\/v2\/media?parent=3412"}],"wp:term":[{"taxonomy":"product_brand","embeddable":true,"href":"https:\/\/aromour.lt\/lv\/wp-json\/wp\/v2\/product_brand?post=3412"},{"taxonomy":"product_cat","embeddable":true,"href":"https:\/\/aromour.lt\/lv\/wp-json\/wp\/v2\/product_cat?post=3412"},{"taxonomy":"product_tag","embeddable":true,"href":"https:\/\/aromour.lt\/lv\/wp-json\/wp\/v2\/product_tag?post=3412"}],"curies":[{"name":"wp","href":"https:\/\/api.w.org\/{rel}","templated":true}]}}