{"id":3417,"date":"2024-10-25T11:07:10","date_gmt":"2024-10-25T08:07:10","guid":{"rendered":"https:\/\/aromour.lt\/produktas\/fragrance-world-john-gustav-homme-le-parfum-edp-100-ml\/"},"modified":"2024-10-25T11:07:10","modified_gmt":"2024-10-25T08:07:10","slug":"fragrance-world-john-gustav-homme-le-parfum-edp-100-ml","status":"publish","type":"product","link":"https:\/\/aromour.lt\/lv\/produktas\/fragrance-world-john-gustav-homme-le-parfum-edp-100-ml\/","title":{"rendered":"Fragrance World John Gustav Homme Le parfum EDP 100 ml"},"content":{"rendered":"<p><strong>Fragrance World John Gustav Homme Le Parfum<\/strong> \u2013 arom\u0101tisks, pikants t\u0113jas smar\u017ea moderno v\u012brieti, kur\u0161 nov\u0113rt\u0113 eleganci, siltumu un smalku saldumu. \u0160\u012b smar\u017ea iedvesmota no popul\u0101ra ni\u0161as arom\u0101ta un izce\u013cas ar maigu, ta\u010du izteiksm\u012bgu raksturu, kas lieliski piem\u0113rots gan ikdienai, gan \u012bpa\u0161iem gad\u012bjumiem.<\/p>\n<p><strong>Fragrance World John Gustav Homme Le Parfum<\/strong> \u2013 lieliska izv\u0113le v\u012brie\u0161iem, kas mekl\u0113 univers\u0101lu, bet izteiksm\u012bgu smar\u017eu, kas uzsver individualit\u0101ti un dod p\u0101rliec\u012bbu par sevi.<\/p>\n","protected":false},"excerpt":{"rendered":"<p>Fragrance World John Gustav Homme Le Parfum \u2013 arom\u0101tisks, pikants t\u0113jas smar\u017ea moderno v\u012brieti, kur\u0161 nov\u0113rt\u0113 eleganci, siltumu un smalku<\/p>\n","protected":false},"featured_media":3418,"comment_status":"open","ping_status":"closed","template":"","meta":[],"product_brand":[52],"product_cat":[215,198,220,200,225,226,235,234,204,209,239,213,227,216,217],"product_tag":[],"class_list":{"0":"post-3417","1":"product","2":"type-product","3":"status-publish","4":"has-post-thumbnail","6":"product_brand-fragrance-world","7":"product_cat-biznesa-smarzas","8":"product_cat-eau-de-parfum-edp","9":"product_cat-edp-smarzas-viriesiem","10":"product_cat-fragrance-world","11":"product_cat-garsvielu-smarzas","12":"product_cat-garsvielu-smarzas-viriesiem","13":"product_cat-izcili-smarzas-viriesiem","14":"product_cat-jaunakas-smarzas","15":"product_cat-koksnes-aromati","16":"product_cat-rudens-smarzas","17":"product_cat-smarzas-viriesiem","18":"product_cat-vakara-parfimi","19":"product_cat-vakara-smarzas-viriesiem","20":"product_cat-visas-smarzas","21":"product_cat-ziemas-smarzas","23":"first","24":"instock","25":"sale","26":"taxable","27":"shipping-taxable","28":"purchasable","29":"product-type-variable","30":"has-default-attributes"},"_links":{"self":[{"href":"https:\/\/aromour.lt\/lv\/wp-json\/wp\/v2\/product\/3417","targetHints":{"allow":["GET"]}}],"collection":[{"href":"https:\/\/aromour.lt\/lv\/wp-json\/wp\/v2\/product"}],"about":[{"href":"https:\/\/aromour.lt\/lv\/wp-json\/wp\/v2\/types\/product"}],"replies":[{"embeddable":true,"href":"https:\/\/aromour.lt\/lv\/wp-json\/wp\/v2\/comments?post=3417"}],"version-history":[{"count":0,"href":"https:\/\/aromour.lt\/lv\/wp-json\/wp\/v2\/product\/3417\/revisions"}],"wp:featuredmedia":[{"embeddable":true,"href":"https:\/\/aromour.lt\/lv\/wp-json\/wp\/v2\/media\/3418"}],"wp:attachment":[{"href":"https:\/\/aromour.lt\/lv\/wp-json\/wp\/v2\/media?parent=3417"}],"wp:term":[{"taxonomy":"product_brand","embeddable":true,"href":"https:\/\/aromour.lt\/lv\/wp-json\/wp\/v2\/product_brand?post=3417"},{"taxonomy":"product_cat","embeddable":true,"href":"https:\/\/aromour.lt\/lv\/wp-json\/wp\/v2\/product_cat?post=3417"},{"taxonomy":"product_tag","embeddable":true,"href":"https:\/\/aromour.lt\/lv\/wp-json\/wp\/v2\/product_tag?post=3417"}],"curies":[{"name":"wp","href":"https:\/\/api.w.org\/{rel}","templated":true}]}}