{"id":3422,"date":"2024-10-25T11:07:10","date_gmt":"2024-10-25T08:07:10","guid":{"rendered":"https:\/\/aromour.lt\/produktas\/fragrance-world-picky-rose-edp-80-ml\/"},"modified":"2024-10-25T11:07:10","modified_gmt":"2024-10-25T08:07:10","slug":"fragrance-world-picky-rose-edp-80-ml","status":"publish","type":"product","link":"https:\/\/aromour.lt\/lv\/produktas\/fragrance-world-picky-rose-edp-80-ml\/","title":{"rendered":"Fragrance World Picky Rose EDP 80 ml"},"content":{"rendered":"<p><strong>Fragrance World Picky Rose<\/strong> \u2013 izcils unisex arom\u0101ts, rad\u012bts ro\u017eu m\u012b\u013cot\u0101jiem, kas mekl\u0113 grezn\u012bbu un izsmalcin\u0101t\u012bbu ikdien\u0101 vai \u012bpa\u0161os gad\u012bjumos. \u0160is arom\u0101ts izce\u013cas ar savu raksturu un izteiksm\u012bgumu.<\/p>\n<p>Arom\u0101ts ir intens\u012bvs un bag\u0101ts ar ro\u017eu akordi, kuros domin\u0113 retie Bulg\u0101rijas, Turcijas un maija ro\u017eu to\u0146i, smalki papildin\u0101ti ar gar\u0161vielu un siltu koka nians\u0113m. Picky Rose raksturo ilgsto\u0161a un sp\u0113c\u012bga smar\u017eu p\u0113da, un t\u0101 lieliski piem\u0113rota gan v\u012brie\u0161iem, gan sieviet\u0113m, kas v\u0113las uzsv\u0113rt savu individualit\u0101ti un eleganci.<\/p>\n<p>Smar\u017ea bie\u017ei tiek raksturota k\u0101 drosm\u012bga, j\u016bt\u012bga un izcili ilgnotur\u012bga \u2013 daudzi lietot\u0101ji slav\u0113 t\u0101s sp\u0113ku, izcil\u012bbu un sa\u0146emtos komplimentus. Stil\u012bgs, spilgts pudel\u012bte bag\u0101tin\u0101s jebkuru smar\u017eu kolekciju un b\u016bs lieliska izv\u0113le gan ikdienai, gan svin\u012bg\u0101m reiz\u0113m.<\/p>\n","protected":false},"excerpt":{"rendered":"<p>Fragrance World Picky Rose \u2013 izcils unisex arom\u0101ts, rad\u012bts ro\u017eu m\u012b\u013cot\u0101jiem, kas mekl\u0113 grezn\u012bbu un izsmalcin\u0101t\u012bbu ikdien\u0101 vai \u012bpa\u0161os gad\u012bjumos.<\/p>\n","protected":false},"featured_media":3424,"comment_status":"open","ping_status":"closed","template":"","meta":[],"product_brand":[52],"product_cat":[196,198,199,206,230,222,241,208,242,210,231,213,238,228,216,201,202],"product_tag":[],"class_list":{"0":"post-3422","1":"product","2":"type-product","3":"status-publish","4":"has-post-thumbnail","6":"product_brand-fragrance-world","7":"product_cat-ambros-smarzas","8":"product_cat-eau-de-parfum-edp","9":"product_cat-edp-smarzas-sievietem","10":"product_cat-greznas-smarzas","11":"product_cat-ikdienas-smarzas-sievietem","12":"product_cat-muskusa-smarzas","13":"product_cat-pec-sezonas","14":"product_cat-romantiskas-smarzas","15":"product_cat-rozu-aromati","16":"product_cat-saldas-smarzas","17":"product_cat-smarzas-sievietem","18":"product_cat-vakara-parfimi","19":"product_cat-vakara-smarzas-sievietem","20":"product_cat-vaniljas-smarzas","21":"product_cat-visas-smarzas","22":"product_cat-ziedu-aromati","23":"product_cat-ziedu-aromati-sievietem","25":"first","26":"instock","27":"sale","28":"taxable","29":"shipping-taxable","30":"purchasable","31":"product-type-variable","32":"has-default-attributes"},"_links":{"self":[{"href":"https:\/\/aromour.lt\/lv\/wp-json\/wp\/v2\/product\/3422","targetHints":{"allow":["GET"]}}],"collection":[{"href":"https:\/\/aromour.lt\/lv\/wp-json\/wp\/v2\/product"}],"about":[{"href":"https:\/\/aromour.lt\/lv\/wp-json\/wp\/v2\/types\/product"}],"replies":[{"embeddable":true,"href":"https:\/\/aromour.lt\/lv\/wp-json\/wp\/v2\/comments?post=3422"}],"version-history":[{"count":0,"href":"https:\/\/aromour.lt\/lv\/wp-json\/wp\/v2\/product\/3422\/revisions"}],"wp:featuredmedia":[{"embeddable":true,"href":"https:\/\/aromour.lt\/lv\/wp-json\/wp\/v2\/media\/3424"}],"wp:attachment":[{"href":"https:\/\/aromour.lt\/lv\/wp-json\/wp\/v2\/media?parent=3422"}],"wp:term":[{"taxonomy":"product_brand","embeddable":true,"href":"https:\/\/aromour.lt\/lv\/wp-json\/wp\/v2\/product_brand?post=3422"},{"taxonomy":"product_cat","embeddable":true,"href":"https:\/\/aromour.lt\/lv\/wp-json\/wp\/v2\/product_cat?post=3422"},{"taxonomy":"product_tag","embeddable":true,"href":"https:\/\/aromour.lt\/lv\/wp-json\/wp\/v2\/product_tag?post=3422"}],"curies":[{"name":"wp","href":"https:\/\/api.w.org\/{rel}","templated":true}]}}