{"id":3427,"date":"2024-10-25T11:07:10","date_gmt":"2024-10-25T08:07:10","guid":{"rendered":"https:\/\/aromour.lt\/produktas\/fragrance-world-cuir-leather-edp-100-ml\/"},"modified":"2024-10-25T11:07:10","modified_gmt":"2024-10-25T08:07:10","slug":"fragrance-world-cuir-leather-edp-100-ml","status":"publish","type":"product","link":"https:\/\/aromour.lt\/lv\/produktas\/fragrance-world-cuir-leather-edp-100-ml\/","title":{"rendered":"Fragrance World Cuir Leather EDP 100 ml"},"content":{"rendered":"<p><strong>Fragrance World Cuir Leather<\/strong> ir izcils, luksusa un izsmalcin\u0101t\u012bbas iedvesmots arom\u0101ts, rad\u012bts gan v\u012brie\u0161iem, gan sieviet\u0113m, kas mekl\u0113 eleganci un izcil\u012bbu ikdien\u0101 vai \u012bpa\u0161\u0101s reiz\u0113s. \u0160is arom\u0101ts izce\u013cas ar savu siltu, bag\u0101tu un j\u016bt\u012bgu raksturu, kas smalki ietver un atst\u0101j ilglaic\u012bgu iespaidu.<\/p>\n<p>Cuir Leather arom\u0101ts nodod greznu \u0101das saj\u016btu, kas asoci\u0113jas ar augst\u0101k\u0101s kvalit\u0101tes aksesu\u0101riem un unik\u0101lu stilu. Arom\u0101ts lieliski piem\u0113rots tiem, kas nov\u0113rt\u0113 m\u016bsdien\u012bgu, bet vienlaikus klasisku t\u0113lu \u2013 tas smalki izce\u013c individualit\u0101ti un dod pa\u0161apzi\u0146u. Pateicoties savai bag\u0101t\u012bbai un notur\u012bbai, \u0161is arom\u0101ts bie\u017ei tiek izv\u0113l\u0113ts vakaram vai \u012bpa\u0161iem gad\u012bjumiem, bet ar\u012b der ikdienas lieto\u0161anai, kad v\u0113las izcelties.<\/p>\n<p><strong>Fragrance World Cuir Leather<\/strong> ir arom\u0101ts, kas neatst\u0101j vienaldz\u012bgu un k\u013c\u016bst par izcilu j\u016bsu t\u0113la akcents. Tas lieliski der gan v\u012brie\u0161iem, gan sieviet\u0113m, kas v\u0113las uzsv\u0113rt savu stilu un izcil\u012bbu.<\/p>\n","protected":false},"excerpt":{"rendered":"<p>Fragrance World Cuir Leather ir izcils, luksusa un izsmalcin\u0101t\u012bbas iedvesmots arom\u0101ts, rad\u012bts gan v\u012brie\u0161iem, gan sieviet\u0113m, kas mekl\u0113 eleganci un<\/p>\n","protected":false},"featured_media":3429,"comment_status":"open","ping_status":"closed","template":"","meta":[],"product_brand":[52],"product_cat":[196,236,198,220,200,225,226,203,233,235,204,205,209,213,227,214,216,217],"product_tag":[],"class_list":{"0":"post-3427","1":"product","2":"type-product","3":"status-publish","4":"has-post-thumbnail","6":"product_brand-fragrance-world","7":"product_cat-ambros-smarzas","8":"product_cat-austrumu-aromati","9":"product_cat-eau-de-parfum-edp","10":"product_cat-edp-smarzas-viriesiem","11":"product_cat-fragrance-world","12":"product_cat-garsvielu-smarzas","13":"product_cat-garsvielu-smarzas-viriesiem","14":"product_cat-ikdienas-parfimi","15":"product_cat-ikdienas-smarzas-viriesiem","16":"product_cat-izcili-smarzas-viriesiem","17":"product_cat-koksnes-aromati","18":"product_cat-pavasara-parfimi","19":"product_cat-rudens-smarzas","20":"product_cat-vakara-parfimi","21":"product_cat-vakara-smarzas-viriesiem","22":"product_cat-vasaras-smarzas","23":"product_cat-visas-smarzas","24":"product_cat-ziemas-smarzas","26":"first","27":"instock","28":"sale","29":"taxable","30":"shipping-taxable","31":"purchasable","32":"product-type-variable","33":"has-default-attributes"},"_links":{"self":[{"href":"https:\/\/aromour.lt\/lv\/wp-json\/wp\/v2\/product\/3427","targetHints":{"allow":["GET"]}}],"collection":[{"href":"https:\/\/aromour.lt\/lv\/wp-json\/wp\/v2\/product"}],"about":[{"href":"https:\/\/aromour.lt\/lv\/wp-json\/wp\/v2\/types\/product"}],"replies":[{"embeddable":true,"href":"https:\/\/aromour.lt\/lv\/wp-json\/wp\/v2\/comments?post=3427"}],"version-history":[{"count":0,"href":"https:\/\/aromour.lt\/lv\/wp-json\/wp\/v2\/product\/3427\/revisions"}],"wp:featuredmedia":[{"embeddable":true,"href":"https:\/\/aromour.lt\/lv\/wp-json\/wp\/v2\/media\/3429"}],"wp:attachment":[{"href":"https:\/\/aromour.lt\/lv\/wp-json\/wp\/v2\/media?parent=3427"}],"wp:term":[{"taxonomy":"product_brand","embeddable":true,"href":"https:\/\/aromour.lt\/lv\/wp-json\/wp\/v2\/product_brand?post=3427"},{"taxonomy":"product_cat","embeddable":true,"href":"https:\/\/aromour.lt\/lv\/wp-json\/wp\/v2\/product_cat?post=3427"},{"taxonomy":"product_tag","embeddable":true,"href":"https:\/\/aromour.lt\/lv\/wp-json\/wp\/v2\/product_tag?post=3427"}],"curies":[{"name":"wp","href":"https:\/\/api.w.org\/{rel}","templated":true}]}}