{"id":3433,"date":"2024-10-25T11:07:10","date_gmt":"2024-10-25T08:07:10","guid":{"rendered":"https:\/\/aromour.lt\/produktas\/fragrance-world-cuero-pura-edp-70-ml\/"},"modified":"2024-10-25T11:07:10","modified_gmt":"2024-10-25T08:07:10","slug":"fragrance-world-cuero-pura-edp-70-ml","status":"publish","type":"product","link":"https:\/\/aromour.lt\/lv\/produktas\/fragrance-world-cuero-pura-edp-70-ml\/","title":{"rendered":"Fragrance World Cuero Pura EDP 70 ml"},"content":{"rendered":"<p><strong>Fragrance World Cuero Pura<\/strong> \u2013 tas ir izcils unisex arom\u0101ts, rad\u012bts tiem, kas nov\u0113rt\u0113 dzi\u013cu, j\u016bt\u012bgu un greznu smar\u017eu, kas iedvesmo atcer\u0113ties savu st\u0101stu un rad\u012bt jaunas pieredzes. \u0160\u012b smar\u017ea izce\u013cas ar intens\u012bvu \u0101das un smar\u017ekoci\u0146u raksturu, kas smalki aptver un atst\u0101j ilgsto\u0161u iespaidu.<\/p>\n<p>Arom\u0101ts izsaka greznu \u0101das saj\u016btu, papildin\u0101tu ar silt\u0101m, balzamisk\u0101m un gar\u0161vielu akcentiem, kas pie\u0161\u0137ir smar\u017eai dzi\u013cumu un nosl\u0113pumain\u012bbu. Smar\u017ea lieliski piem\u0113rota gan v\u012brie\u0161iem, gan sieviet\u0113m, kuri v\u0113las izcelt savu individualit\u0101ti, drosmi un izcil\u012bbu \u2013 tas ir lielisks izv\u0113le vakaram vai \u012bpa\u0161iem gad\u012bjumiem, bet der\u0113s ar\u012b ikdienas lieto\u0161anai, kad v\u0113las izceltu akcentu.<\/p>\n<p><strong>Fragrance World Cuero Pura EDP 70 ml<\/strong> \u2013 t\u0101 ir smar\u017ea, kas iedvesmo rado\u0161umam, pa\u0161p\u0101rliecin\u0101t\u012bbai un izcilam stilam. T\u0101 paredz\u0113ta tiem, kas m\u012bl pies\u0101tin\u0101tus, \u0101das arom\u0101tus, ta\u010du nov\u0113rt\u0113 ar\u012b smalku saldumu un siltumu, kas izpau\u017eas smar\u017eas pamatn\u0113.<\/p>\n","protected":false},"excerpt":{"rendered":"<p>Fragrance World Cuero Pura \u2013 tas ir izcils unisex arom\u0101ts, rad\u012bts tiem, kas nov\u0113rt\u0113 dzi\u013cu, j\u016bt\u012bgu un greznu smar\u017eu, kas<\/p>\n","protected":false},"featured_media":3434,"comment_status":"open","ping_status":"closed","template":"","meta":[],"product_brand":[52],"product_cat":[196,236,198,220,200,225,226,235,234,204,209,210,213,227,228,216,217],"product_tag":[],"class_list":{"0":"post-3433","1":"product","2":"type-product","3":"status-publish","4":"has-post-thumbnail","6":"product_brand-fragrance-world","7":"product_cat-ambros-smarzas","8":"product_cat-austrumu-aromati","9":"product_cat-eau-de-parfum-edp","10":"product_cat-edp-smarzas-viriesiem","11":"product_cat-fragrance-world","12":"product_cat-garsvielu-smarzas","13":"product_cat-garsvielu-smarzas-viriesiem","14":"product_cat-izcili-smarzas-viriesiem","15":"product_cat-jaunakas-smarzas","16":"product_cat-koksnes-aromati","17":"product_cat-rudens-smarzas","18":"product_cat-saldas-smarzas","19":"product_cat-vakara-parfimi","20":"product_cat-vakara-smarzas-viriesiem","21":"product_cat-vaniljas-smarzas","22":"product_cat-visas-smarzas","23":"product_cat-ziemas-smarzas","25":"first","26":"instock","27":"sale","28":"taxable","29":"shipping-taxable","30":"purchasable","31":"product-type-variable","32":"has-default-attributes"},"_links":{"self":[{"href":"https:\/\/aromour.lt\/lv\/wp-json\/wp\/v2\/product\/3433","targetHints":{"allow":["GET"]}}],"collection":[{"href":"https:\/\/aromour.lt\/lv\/wp-json\/wp\/v2\/product"}],"about":[{"href":"https:\/\/aromour.lt\/lv\/wp-json\/wp\/v2\/types\/product"}],"replies":[{"embeddable":true,"href":"https:\/\/aromour.lt\/lv\/wp-json\/wp\/v2\/comments?post=3433"}],"version-history":[{"count":0,"href":"https:\/\/aromour.lt\/lv\/wp-json\/wp\/v2\/product\/3433\/revisions"}],"wp:featuredmedia":[{"embeddable":true,"href":"https:\/\/aromour.lt\/lv\/wp-json\/wp\/v2\/media\/3434"}],"wp:attachment":[{"href":"https:\/\/aromour.lt\/lv\/wp-json\/wp\/v2\/media?parent=3433"}],"wp:term":[{"taxonomy":"product_brand","embeddable":true,"href":"https:\/\/aromour.lt\/lv\/wp-json\/wp\/v2\/product_brand?post=3433"},{"taxonomy":"product_cat","embeddable":true,"href":"https:\/\/aromour.lt\/lv\/wp-json\/wp\/v2\/product_cat?post=3433"},{"taxonomy":"product_tag","embeddable":true,"href":"https:\/\/aromour.lt\/lv\/wp-json\/wp\/v2\/product_tag?post=3433"}],"curies":[{"name":"wp","href":"https:\/\/api.w.org\/{rel}","templated":true}]}}