{"id":3438,"date":"2024-10-25T11:07:10","date_gmt":"2024-10-25T08:07:10","guid":{"rendered":"https:\/\/aromour.lt\/produktas\/fragrance-world-tuscany-leather-edp-80-ml\/"},"modified":"2024-10-25T11:07:10","modified_gmt":"2024-10-25T08:07:10","slug":"fragrance-world-tuscany-leather-edp-80-ml","status":"publish","type":"product","link":"https:\/\/aromour.lt\/lv\/produktas\/fragrance-world-tuscany-leather-edp-80-ml\/","title":{"rendered":"Fragrance World Tuscany Leather EDP 80 ml"},"content":{"rendered":"<p><strong>Fragrance World Tuscany Leather<\/strong> \u2013 tas ir izcils, grezns unisex arom\u0101ts, iedvesmots no slaven\u0101s Tom Ford Tuscan Leather smar\u017eas, kas apvieno \u0101das, gar\u0161vielu un smalku aug\u013cu notis modern\u0101 un rafin\u0113t\u0101 arom\u0101t\u0101. \u0160is arom\u0101ts izce\u013cas ar intens\u012bvu, siltu un juteklisku raksturu, kas piem\u0113rots gan v\u012brie\u0161iem, gan sieviet\u0113m, kuri mekl\u0113 izcil\u012bbu un pa\u0161p\u0101rliecin\u0101t\u012bbu.<\/p>\n<p>Arom\u0101ts v\u0113rt durvis uz bag\u0101t\u012bgu \u0101das un gar\u0161vielu pasauli, kur smalki sajaucas maigas ziedu un aug\u013cu notis. Jutekliska \u0101das nots, papildin\u0101ta ar avenes, \u0161afranas un gar\u0161vielu nians\u0113m, rada izcilu, siltu un nedaudz dz\u012bvnieciski smar\u017eojo\u0161u iespaidu, bet maiga ambra un koka nianses pie\u0161\u0137ir arom\u0101tam dzi\u013cumu un notur\u012bbu.<\/p>\n<p><strong>Fragrance World Tuscany Leather EDP 80 ml<\/strong> \u2013 lieliska izv\u0113le tiem, kas nov\u0113rt\u0113 grezn\u012bbu, modernumu un v\u0113las izcelties gan ikdien\u0101, gan \u012bpa\u0161os gad\u012bjumos. \u0160is arom\u0101ts lieliski piem\u0113rots rudenim vai ziemai, vakaram vai \u012bpa\u0161iem mirk\u013ciem, kad v\u0113laties atst\u0101t neaizmirstamu iespaidu.<\/p>\n","protected":false},"excerpt":{"rendered":"<p>Fragrance World Tuscany Leather \u2013 tas ir izcils, grezns unisex arom\u0101ts, iedvesmots no slaven\u0101s Tom Ford Tuscan Leather smar\u017eas, kas<\/p>\n","protected":false},"featured_media":3439,"comment_status":"open","ping_status":"closed","template":"","meta":[],"product_brand":[52],"product_cat":[196,236,198,220,200,225,235,204,224,209,210,211,213,227,216,217],"product_tag":[],"class_list":{"0":"post-3438","1":"product","2":"type-product","3":"status-publish","4":"has-post-thumbnail","6":"product_brand-fragrance-world","7":"product_cat-ambros-smarzas","8":"product_cat-austrumu-aromati","9":"product_cat-eau-de-parfum-edp","10":"product_cat-edp-smarzas-viriesiem","11":"product_cat-fragrance-world","12":"product_cat-garsvielu-smarzas","13":"product_cat-izcili-smarzas-viriesiem","14":"product_cat-koksnes-aromati","15":"product_cat-popularakie","16":"product_cat-rudens-smarzas","17":"product_cat-saldas-smarzas","18":"product_cat-top-10-parfimu","19":"product_cat-vakara-parfimi","20":"product_cat-vakara-smarzas-viriesiem","21":"product_cat-visas-smarzas","22":"product_cat-ziemas-smarzas","24":"first","25":"instock","26":"sale","27":"taxable","28":"shipping-taxable","29":"purchasable","30":"product-type-variable","31":"has-default-attributes"},"_links":{"self":[{"href":"https:\/\/aromour.lt\/lv\/wp-json\/wp\/v2\/product\/3438","targetHints":{"allow":["GET"]}}],"collection":[{"href":"https:\/\/aromour.lt\/lv\/wp-json\/wp\/v2\/product"}],"about":[{"href":"https:\/\/aromour.lt\/lv\/wp-json\/wp\/v2\/types\/product"}],"replies":[{"embeddable":true,"href":"https:\/\/aromour.lt\/lv\/wp-json\/wp\/v2\/comments?post=3438"}],"version-history":[{"count":0,"href":"https:\/\/aromour.lt\/lv\/wp-json\/wp\/v2\/product\/3438\/revisions"}],"wp:featuredmedia":[{"embeddable":true,"href":"https:\/\/aromour.lt\/lv\/wp-json\/wp\/v2\/media\/3439"}],"wp:attachment":[{"href":"https:\/\/aromour.lt\/lv\/wp-json\/wp\/v2\/media?parent=3438"}],"wp:term":[{"taxonomy":"product_brand","embeddable":true,"href":"https:\/\/aromour.lt\/lv\/wp-json\/wp\/v2\/product_brand?post=3438"},{"taxonomy":"product_cat","embeddable":true,"href":"https:\/\/aromour.lt\/lv\/wp-json\/wp\/v2\/product_cat?post=3438"},{"taxonomy":"product_tag","embeddable":true,"href":"https:\/\/aromour.lt\/lv\/wp-json\/wp\/v2\/product_tag?post=3438"}],"curies":[{"name":"wp","href":"https:\/\/api.w.org\/{rel}","templated":true}]}}