{"id":3443,"date":"2024-10-25T11:07:10","date_gmt":"2024-10-25T08:07:10","guid":{"rendered":"https:\/\/aromour.lt\/produktas\/fragrance-world-barakkat-satin-oud-edp-100-ml\/"},"modified":"2025-11-18T00:15:52","modified_gmt":"2025-11-17T21:15:52","slug":"fragrance-world-barakkat-satin-oud-edp-100-ml","status":"publish","type":"product","link":"https:\/\/aromour.lt\/lv\/produktas\/fragrance-world-barakkat-satin-oud-edp-100-ml\/","title":{"rendered":"Fragrance World Barakkat Satin Oud EDP 100 ml"},"content":{"rendered":"<p><strong>Fragrance World Barakkat Satin Oud<\/strong> \u2013 tas ir grezns un izteiksm\u012bgs arom\u0101ts tiem, kas nov\u0113rt\u0113 izcil\u012bbu un eleganci ikdien\u0101 un \u012bpa\u0161os br\u012b\u017eos. \u0160is arom\u0101ts izce\u013cas ar bag\u0101tu, siltu un nosl\u0113pumainu raksturu, kas maigi ap\u0146em un atst\u0101j neaizmirstamu iespaidu.<\/p>\n<p>Arom\u0101ts lieliski piem\u0113rots gan sieviet\u0113m, gan v\u012brie\u0161iem, kuri mekl\u0113 unik\u0101lu arom\u0101tu, kas uzsv\u0113rtu individualit\u0101ti un d\u0101v\u0101tu pa\u0161p\u0101rliecin\u0101t\u012bbu. Pateicoties t\u0101 bag\u0101t\u012bbai un ilgsto\u0161ai notur\u012bbai, \u0161is arom\u0101ts bie\u017ei tiek izv\u0113l\u0113ts vakariem vai \u012bpa\u0161iem gad\u012bjumiem, ta\u010du tas b\u016bs piem\u0113rots ar\u012b ikdienas lieto\u0161anai, kad gribas izcil\u012bbu.<\/p>\n","protected":false},"excerpt":{"rendered":"<p>Fragrance World Barakkat Satin Oud \u2013 tas ir grezns un izteiksm\u012bgs arom\u0101ts tiem, kas nov\u0113rt\u0113 izcil\u012bbu un eleganci ikdien\u0101 un<\/p>\n","protected":false},"featured_media":3444,"comment_status":"open","ping_status":"closed","template":"","meta":[],"product_brand":[52],"product_cat":[196,236,197,198,199,220,200,206,207,235,221,204,223,242,209,210,212,213,238,227,228,216,201,202,217],"product_tag":[],"class_list":{"0":"post-3443","1":"product","2":"type-product","3":"status-publish","4":"has-post-thumbnail","6":"product_brand-fragrance-world","7":"product_cat-ambros-smarzas","8":"product_cat-austrumu-aromati","9":"product_cat-barakkat-smarzas","10":"product_cat-eau-de-parfum-edp","11":"product_cat-edp-smarzas-sievietem","12":"product_cat-edp-smarzas-viriesiem","13":"product_cat-fragrance-world","14":"product_cat-greznas-smarzas","15":"product_cat-greznas-smarzas-sievietem","16":"product_cat-izcili-smarzas-viriesiem","17":"product_cat-koka-smarzas-viriesiem","18":"product_cat-koksnes-aromati","19":"product_cat-oud-smarzas","20":"product_cat-rozu-aromati","21":"product_cat-rudens-smarzas","22":"product_cat-saldas-smarzas","23":"product_cat-unisex-parfimi","24":"product_cat-vakara-parfimi","25":"product_cat-vakara-smarzas-sievietem","26":"product_cat-vakara-smarzas-viriesiem","27":"product_cat-vaniljas-smarzas","28":"product_cat-visas-smarzas","29":"product_cat-ziedu-aromati","30":"product_cat-ziedu-aromati-sievietem","31":"product_cat-ziemas-smarzas","33":"first","34":"instock","35":"sale","36":"taxable","37":"shipping-taxable","38":"purchasable","39":"product-type-variable","40":"has-default-attributes"},"_links":{"self":[{"href":"https:\/\/aromour.lt\/lv\/wp-json\/wp\/v2\/product\/3443","targetHints":{"allow":["GET"]}}],"collection":[{"href":"https:\/\/aromour.lt\/lv\/wp-json\/wp\/v2\/product"}],"about":[{"href":"https:\/\/aromour.lt\/lv\/wp-json\/wp\/v2\/types\/product"}],"replies":[{"embeddable":true,"href":"https:\/\/aromour.lt\/lv\/wp-json\/wp\/v2\/comments?post=3443"}],"version-history":[{"count":0,"href":"https:\/\/aromour.lt\/lv\/wp-json\/wp\/v2\/product\/3443\/revisions"}],"wp:featuredmedia":[{"embeddable":true,"href":"https:\/\/aromour.lt\/lv\/wp-json\/wp\/v2\/media\/3444"}],"wp:attachment":[{"href":"https:\/\/aromour.lt\/lv\/wp-json\/wp\/v2\/media?parent=3443"}],"wp:term":[{"taxonomy":"product_brand","embeddable":true,"href":"https:\/\/aromour.lt\/lv\/wp-json\/wp\/v2\/product_brand?post=3443"},{"taxonomy":"product_cat","embeddable":true,"href":"https:\/\/aromour.lt\/lv\/wp-json\/wp\/v2\/product_cat?post=3443"},{"taxonomy":"product_tag","embeddable":true,"href":"https:\/\/aromour.lt\/lv\/wp-json\/wp\/v2\/product_tag?post=3443"}],"curies":[{"name":"wp","href":"https:\/\/api.w.org\/{rel}","templated":true}]}}