{"id":3448,"date":"2024-10-25T11:07:10","date_gmt":"2024-10-25T08:07:10","guid":{"rendered":"https:\/\/aromour.lt\/produktas\/fragrance-world-barakkat-rouge-extrait-edp-100-ml\/"},"modified":"2024-10-25T11:07:10","modified_gmt":"2024-10-25T08:07:10","slug":"fragrance-world-barakkat-rouge-extrait-edp-100-ml","status":"publish","type":"product","link":"https:\/\/aromour.lt\/lv\/produktas\/fragrance-world-barakkat-rouge-extrait-edp-100-ml\/","title":{"rendered":"Fragrance World Barakkat Rouge Extrait EDP 100 ml"},"content":{"rendered":"<p><strong>Fragrance World Barakkat Rouge Extrait<\/strong> \u2013 t\u0101 ir grezna un intens\u012bva smar\u017ea tiem, kas mekl\u0113 iz\u0161\u0137iro\u0161u arom\u0101tu \u012bpa\u0161iem gad\u012bjumiem. \u0160\u012b extrait de parfum koncentr\u0101cija ir liel\u0101ka par ierasto EDP, t\u0101d\u0113\u013c smar\u017ea v\u0113l ilg\u0101k saglab\u0101jas uz \u0101das un dr\u0113b\u0113m, ir intens\u012bv\u0101ka un pies\u0101tin\u0101t\u0101ka kompoz\u012bcija.<\/p>\n<p>\u0160\u012b smar\u017ea lieliski piem\u0113rota vakaram vai \u012bpa\u0161iem gad\u012bjumiem, kad v\u0113las izcelties un atst\u0101t neaizmirstamu iespaidu. Liel\u0101s arom\u0101tu e\u013c\u013cas koncentr\u0101cijas d\u0113\u013c pietiek ar da\u017e\u0101m pil\u0113m, lai arom\u0101ts pavad\u012btu visu dienu vai pat ilg\u0101k.<\/p>\n","protected":false},"excerpt":{"rendered":"<p>Fragrance World Barakkat Rouge Extrait \u2013 t\u0101 ir grezna un intens\u012bva smar\u017ea tiem, kas mekl\u0113 iz\u0161\u0137iro\u0161u arom\u0101tu \u012bpa\u0161iem gad\u012bjumiem. \u0160\u012b<\/p>\n","protected":false},"featured_media":3449,"comment_status":"open","ping_status":"closed","template":"","meta":[],"product_brand":[52],"product_cat":[196,197,198,199,220,200,206,207,203,230,233,235,204,222,205,224,208,209,210,211,212,213,238,227,214,216,201,202,217],"product_tag":[],"class_list":{"0":"post-3448","1":"product","2":"type-product","3":"status-publish","4":"has-post-thumbnail","6":"product_brand-fragrance-world","7":"product_cat-ambros-smarzas","8":"product_cat-barakkat-smarzas","9":"product_cat-eau-de-parfum-edp","10":"product_cat-edp-smarzas-sievietem","11":"product_cat-edp-smarzas-viriesiem","12":"product_cat-fragrance-world","13":"product_cat-greznas-smarzas","14":"product_cat-greznas-smarzas-sievietem","15":"product_cat-ikdienas-parfimi","16":"product_cat-ikdienas-smarzas-sievietem","17":"product_cat-ikdienas-smarzas-viriesiem","18":"product_cat-izcili-smarzas-viriesiem","19":"product_cat-koksnes-aromati","20":"product_cat-muskusa-smarzas","21":"product_cat-pavasara-parfimi","22":"product_cat-popularakie","23":"product_cat-romantiskas-smarzas","24":"product_cat-rudens-smarzas","25":"product_cat-saldas-smarzas","26":"product_cat-top-10-parfimu","27":"product_cat-unisex-parfimi","28":"product_cat-vakara-parfimi","29":"product_cat-vakara-smarzas-sievietem","30":"product_cat-vakara-smarzas-viriesiem","31":"product_cat-vasaras-smarzas","32":"product_cat-visas-smarzas","33":"product_cat-ziedu-aromati","34":"product_cat-ziedu-aromati-sievietem","35":"product_cat-ziemas-smarzas","37":"first","38":"instock","39":"sale","40":"taxable","41":"shipping-taxable","42":"purchasable","43":"product-type-variable","44":"has-default-attributes"},"_links":{"self":[{"href":"https:\/\/aromour.lt\/lv\/wp-json\/wp\/v2\/product\/3448","targetHints":{"allow":["GET"]}}],"collection":[{"href":"https:\/\/aromour.lt\/lv\/wp-json\/wp\/v2\/product"}],"about":[{"href":"https:\/\/aromour.lt\/lv\/wp-json\/wp\/v2\/types\/product"}],"replies":[{"embeddable":true,"href":"https:\/\/aromour.lt\/lv\/wp-json\/wp\/v2\/comments?post=3448"}],"version-history":[{"count":0,"href":"https:\/\/aromour.lt\/lv\/wp-json\/wp\/v2\/product\/3448\/revisions"}],"wp:featuredmedia":[{"embeddable":true,"href":"https:\/\/aromour.lt\/lv\/wp-json\/wp\/v2\/media\/3449"}],"wp:attachment":[{"href":"https:\/\/aromour.lt\/lv\/wp-json\/wp\/v2\/media?parent=3448"}],"wp:term":[{"taxonomy":"product_brand","embeddable":true,"href":"https:\/\/aromour.lt\/lv\/wp-json\/wp\/v2\/product_brand?post=3448"},{"taxonomy":"product_cat","embeddable":true,"href":"https:\/\/aromour.lt\/lv\/wp-json\/wp\/v2\/product_cat?post=3448"},{"taxonomy":"product_tag","embeddable":true,"href":"https:\/\/aromour.lt\/lv\/wp-json\/wp\/v2\/product_tag?post=3448"}],"curies":[{"name":"wp","href":"https:\/\/api.w.org\/{rel}","templated":true}]}}