{"id":3453,"date":"2024-10-25T11:07:10","date_gmt":"2024-10-25T08:07:10","guid":{"rendered":"https:\/\/aromour.lt\/produktas\/fragrance-world-aqua-pura-edp-70-ml\/"},"modified":"2025-11-18T00:15:54","modified_gmt":"2025-11-17T21:15:54","slug":"fragrance-world-aqua-pura-edp-70-ml","status":"publish","type":"product","link":"https:\/\/aromour.lt\/lv\/produktas\/fragrance-world-aqua-pura-edp-70-ml\/","title":{"rendered":"Fragrance World Aqua Pura EDP 70 ml"},"content":{"rendered":"<p><strong>Fragrance World Aqua Pura<\/strong> \u2013 svaigs un ener\u0123isks arom\u0101ts, kas atg\u0101dina j\u016bras vi\u013c\u0146u svaigumu un t\u012br\u012bbu. \u0160o smar\u017eu raksturo citrusaug\u013cu un za\u013co notu kombin\u0101cija, kas sapl\u016bst ar lavandas un j\u016bras akordiem, sniedzot viegluma un svaiguma saj\u016btu. Pamat\u0101 ir maigais kedrs, pa\u010d\u016blija un ambra, kas pie\u0161\u0137ir arom\u0101tam dzi\u013cumu un notur\u012bbu.<\/p>\n<p>Lieliski piem\u0113rots tiem, kas mekl\u0113 smalku, ikdienas lieto\u0161anai piem\u0113rotu un svaigu smar\u017eu, kas izce\u013c t\u012br\u012bbu un ener\u0123iju.<\/p>\n","protected":false},"excerpt":{"rendered":"<p>Fragrance World Aqua Pura \u2013 svaigs un ener\u0123isks arom\u0101ts, kas atg\u0101dina j\u016bras vi\u013c\u0146u svaigumu un t\u012br\u012bbu. \u0160o smar\u017eu raksturo citrusaug\u013cu<\/p>\n","protected":false},"featured_media":3454,"comment_status":"open","ping_status":"closed","template":"","meta":[],"product_brand":[52],"product_cat":[196,229,240,237,198,199,220,200,203,230,233,221,204,222,205,224,211,212,214,216,201,202],"product_tag":[],"class_list":{"0":"post-3453","1":"product","2":"type-product","3":"status-publish","4":"has-post-thumbnail","6":"product_brand-fragrance-world","7":"product_cat-ambros-smarzas","8":"product_cat-atsvaidzinosi-aromati","9":"product_cat-auglu-smarzas-sievietem","10":"product_cat-citrusu-smarzas","11":"product_cat-eau-de-parfum-edp","12":"product_cat-edp-smarzas-sievietem","13":"product_cat-edp-smarzas-viriesiem","14":"product_cat-fragrance-world","15":"product_cat-ikdienas-parfimi","16":"product_cat-ikdienas-smarzas-sievietem","17":"product_cat-ikdienas-smarzas-viriesiem","18":"product_cat-koka-smarzas-viriesiem","19":"product_cat-koksnes-aromati","20":"product_cat-muskusa-smarzas","21":"product_cat-pavasara-parfimi","22":"product_cat-popularakie","23":"product_cat-top-10-parfimu","24":"product_cat-unisex-parfimi","25":"product_cat-vasaras-smarzas","26":"product_cat-visas-smarzas","27":"product_cat-ziedu-aromati","28":"product_cat-ziedu-aromati-sievietem","30":"first","31":"instock","32":"sale","33":"taxable","34":"shipping-taxable","35":"purchasable","36":"product-type-variable","37":"has-default-attributes"},"_links":{"self":[{"href":"https:\/\/aromour.lt\/lv\/wp-json\/wp\/v2\/product\/3453","targetHints":{"allow":["GET"]}}],"collection":[{"href":"https:\/\/aromour.lt\/lv\/wp-json\/wp\/v2\/product"}],"about":[{"href":"https:\/\/aromour.lt\/lv\/wp-json\/wp\/v2\/types\/product"}],"replies":[{"embeddable":true,"href":"https:\/\/aromour.lt\/lv\/wp-json\/wp\/v2\/comments?post=3453"}],"version-history":[{"count":0,"href":"https:\/\/aromour.lt\/lv\/wp-json\/wp\/v2\/product\/3453\/revisions"}],"wp:featuredmedia":[{"embeddable":true,"href":"https:\/\/aromour.lt\/lv\/wp-json\/wp\/v2\/media\/3454"}],"wp:attachment":[{"href":"https:\/\/aromour.lt\/lv\/wp-json\/wp\/v2\/media?parent=3453"}],"wp:term":[{"taxonomy":"product_brand","embeddable":true,"href":"https:\/\/aromour.lt\/lv\/wp-json\/wp\/v2\/product_brand?post=3453"},{"taxonomy":"product_cat","embeddable":true,"href":"https:\/\/aromour.lt\/lv\/wp-json\/wp\/v2\/product_cat?post=3453"},{"taxonomy":"product_tag","embeddable":true,"href":"https:\/\/aromour.lt\/lv\/wp-json\/wp\/v2\/product_tag?post=3453"}],"curies":[{"name":"wp","href":"https:\/\/api.w.org\/{rel}","templated":true}]}}