{"id":3458,"date":"2024-10-25T11:07:10","date_gmt":"2024-10-25T11:07:10","guid":{"rendered":"https:\/\/aromour.lt\/produktas\/fragrance-world-suave-edp-100-ml-ar-dezodorantu\/"},"modified":"2025-11-18T00:15:56","modified_gmt":"2025-11-17T21:15:56","slug":"fragrance-world-suave-edp-100-ml-ar-dezodorantu","status":"publish","type":"product","link":"https:\/\/aromour.lt\/lv\/produktas\/fragrance-world-suave-edp-100-ml-ar-dezodorantu\/","title":{"rendered":"Fragrance World Suave EDP 100 ml ar dezodorantu"},"content":{"rendered":"\t\t<div data-elementor-type=\"wp-post\" data-elementor-id=\"3458\" class=\"elementor elementor-3458 elementor-149\" data-elementor-post-type=\"product\">\n\t\t\t\t<div class=\"wd-negative-gap elementor-element elementor-element-e002886 e-flex e-con-boxed e-con e-parent\" data-id=\"e002886\" data-element_type=\"container\" data-e-type=\"container\">\n\t\t\t\t\t<div class=\"e-con-inner\">\n\t\t\t\t<div class=\"elementor-element elementor-element-a6bd20d elementor-widget elementor-widget-wd_text_block\" data-id=\"a6bd20d\" data-element_type=\"widget\" data-e-type=\"widget\" data-widget_type=\"wd_text_block.default\">\n\t\t\t\t<div class=\"elementor-widget-container\">\n\t\t\t\t\t\t\t<div class=\"wd-text-block reset-last-child text-left\">\n\t\t\t\n\t\t\t<p class=\"my-0\">Atkl\u0101jiet\u00a0<strong>Fragrance World Suave 100 ml ar bezmaksas dezodorantu<\/strong> \u2013 izcilu v\u012bri\u0161\u0137\u012bgu arom\u0101tu, iedvesmotu no le\u0123end\u0101r\u0101 Dior Sauvage arom\u0101ta. \u0160is arom\u0101ts izce\u013cas ar svaigumu, sp\u0113c\u012bgu raksturu un eleganci, t\u0101p\u0113c tas lieliski piem\u0113rots m\u016bsdien\u012bgam v\u012brietim, kur\u0161 nov\u0113rt\u0113 br\u012bv\u012bbu un pa\u0161p\u0101rliecin\u0101t\u012bbu. Suave raksturo citrusaug\u013cu, gar\u0161vielu un koka notu apvienojums, kas nodro\u0161ina ilgsto\u0161u un neaizmirstamu arom\u0101tu. Arom\u0101ts ide\u0101li piem\u0113rots gan ikdienai, gan \u012bpa\u0161iem gad\u012bjumiem, sniedzot ener\u0123ijas un mundruma saj\u016btu.<\/p><p class=\"my-0\"><strong>Fragrance World Suave<\/strong> \u2013 lieliska izv\u0113le tiem, kas mekl\u0113 kvalitat\u012bvu un ilgnotur\u012bgu arom\u0101tu par pieejamu cenu. Arom\u0101ts labi saglab\u0101jas uz \u0101das un dr\u0113b\u0113m, un t\u0101 kompoz\u012bcija patiks gan klasikas, gan m\u016bsdien\u012bgu arom\u0101tu cien\u012bt\u0101jiem.<\/p>\n\t\t\t\t\t<\/div>\n\t\t\t\t\t\t<\/div>\n\t\t\t\t<\/div>\n\t\t\t\t\t<\/div>\n\t\t\t\t<\/div>\n\t\t\t\t<\/div>\n\t\t","protected":false},"excerpt":{"rendered":"<p>Atkl\u0101jiet\u00a0Fragrance World Suave 100 ml ar bezmaksas dezodorantu \u2013 izcilu v\u012bri\u0161\u0137\u012bgu arom\u0101tu, iedvesmotu no le\u0123end\u0101r\u0101 Dior Sauvage arom\u0101ta. \u0160is arom\u0101ts<\/p>\n","protected":false},"featured_media":3459,"comment_status":"open","ping_status":"closed","template":"","meta":[],"product_brand":[52],"product_cat":[239,216],"product_tag":[],"class_list":{"0":"post-3458","1":"product","2":"type-product","3":"status-publish","4":"has-post-thumbnail","6":"product_brand-fragrance-world","7":"product_cat-smarzas-viriesiem","8":"product_cat-visas-smarzas","10":"first","11":"instock","12":"sale","13":"featured","14":"taxable","15":"shipping-taxable","16":"purchasable","17":"product-type-variable","18":"has-default-attributes"},"_links":{"self":[{"href":"https:\/\/aromour.lt\/lv\/wp-json\/wp\/v2\/product\/3458","targetHints":{"allow":["GET"]}}],"collection":[{"href":"https:\/\/aromour.lt\/lv\/wp-json\/wp\/v2\/product"}],"about":[{"href":"https:\/\/aromour.lt\/lv\/wp-json\/wp\/v2\/types\/product"}],"replies":[{"embeddable":true,"href":"https:\/\/aromour.lt\/lv\/wp-json\/wp\/v2\/comments?post=3458"}],"version-history":[{"count":0,"href":"https:\/\/aromour.lt\/lv\/wp-json\/wp\/v2\/product\/3458\/revisions"}],"wp:featuredmedia":[{"embeddable":true,"href":"https:\/\/aromour.lt\/lv\/wp-json\/wp\/v2\/media\/3459"}],"wp:attachment":[{"href":"https:\/\/aromour.lt\/lv\/wp-json\/wp\/v2\/media?parent=3458"}],"wp:term":[{"taxonomy":"product_brand","embeddable":true,"href":"https:\/\/aromour.lt\/lv\/wp-json\/wp\/v2\/product_brand?post=3458"},{"taxonomy":"product_cat","embeddable":true,"href":"https:\/\/aromour.lt\/lv\/wp-json\/wp\/v2\/product_cat?post=3458"},{"taxonomy":"product_tag","embeddable":true,"href":"https:\/\/aromour.lt\/lv\/wp-json\/wp\/v2\/product_tag?post=3458"}],"curies":[{"name":"wp","href":"https:\/\/api.w.org\/{rel}","templated":true}]}}