{"id":3464,"date":"2024-10-25T11:07:10","date_gmt":"2024-10-25T08:07:10","guid":{"rendered":"https:\/\/aromour.lt\/produktas\/fragrance-world-kristal-edp-100-ml\/"},"modified":"2024-10-25T11:07:10","modified_gmt":"2024-10-25T08:07:10","slug":"fragrance-world-kristal-edp-100-ml","status":"publish","type":"product","link":"https:\/\/aromour.lt\/lv\/produktas\/fragrance-world-kristal-edp-100-ml\/","title":{"rendered":"Fragrance World Kristal EDP 100 ml"},"content":{"rendered":"<p><strong>Fragrance World Kristal<\/strong> \u2013 univers\u0101ls, aug\u013cu un ziedu arom\u0101tu kopums, dom\u0101ts gan sieviet\u0113m, gan v\u012brie\u0161iem, kas mekl\u0113 izsmalcin\u0101tu, bet smalku arom\u0101tu ikdienas lieto\u0161anai vai \u012bpa\u0161iem gad\u012bjumiem. \u0160is arom\u0101ts izce\u013cas ar eleganci un modernumu \u2013 smalki ap\u0146em, atst\u0101jot ilgi saglab\u0101jo\u0161u iespaidu.<\/p>\n<p>Arom\u0101ts ir ide\u0101ls tiem, kas nov\u0113rt\u0113 harmonisku, ilgi saglab\u0101jo\u0161u un neuzb\u0101z\u012bgu arom\u0101tu. Pateicoties univers\u0101lajam raksturam, Kristal var k\u013c\u016bt par lielisku izv\u0113li gan ikdienai, gan vakaram vai \u012bpa\u0161iem gad\u012bjumiem.<\/p>\n","protected":false},"excerpt":{"rendered":"<p>Fragrance World Kristal \u2013 univers\u0101ls, aug\u013cu un ziedu arom\u0101tu kopums, dom\u0101ts gan sieviet\u0113m, gan v\u012brie\u0161iem, kas mekl\u0113 izsmalcin\u0101tu, bet smalku<\/p>\n","protected":false},"featured_media":3465,"comment_status":"open","ping_status":"closed","template":"","meta":[],"product_brand":[52],"product_cat":[232,198,199,220,200,206,207,203,230,233,235,222,210,212,228,214,216,201],"product_tag":[],"class_list":{"0":"post-3464","1":"product","2":"type-product","3":"status-publish","4":"has-post-thumbnail","6":"product_brand-fragrance-world","7":"product_cat-auglu-aromati","8":"product_cat-eau-de-parfum-edp","9":"product_cat-edp-smarzas-sievietem","10":"product_cat-edp-smarzas-viriesiem","11":"product_cat-fragrance-world","12":"product_cat-greznas-smarzas","13":"product_cat-greznas-smarzas-sievietem","14":"product_cat-ikdienas-parfimi","15":"product_cat-ikdienas-smarzas-sievietem","16":"product_cat-ikdienas-smarzas-viriesiem","17":"product_cat-izcili-smarzas-viriesiem","18":"product_cat-muskusa-smarzas","19":"product_cat-saldas-smarzas","20":"product_cat-unisex-parfimi","21":"product_cat-vaniljas-smarzas","22":"product_cat-vasaras-smarzas","23":"product_cat-visas-smarzas","24":"product_cat-ziedu-aromati","26":"first","27":"instock","28":"sale","29":"taxable","30":"shipping-taxable","31":"purchasable","32":"product-type-variable","33":"has-default-attributes"},"_links":{"self":[{"href":"https:\/\/aromour.lt\/lv\/wp-json\/wp\/v2\/product\/3464","targetHints":{"allow":["GET"]}}],"collection":[{"href":"https:\/\/aromour.lt\/lv\/wp-json\/wp\/v2\/product"}],"about":[{"href":"https:\/\/aromour.lt\/lv\/wp-json\/wp\/v2\/types\/product"}],"replies":[{"embeddable":true,"href":"https:\/\/aromour.lt\/lv\/wp-json\/wp\/v2\/comments?post=3464"}],"version-history":[{"count":0,"href":"https:\/\/aromour.lt\/lv\/wp-json\/wp\/v2\/product\/3464\/revisions"}],"wp:featuredmedia":[{"embeddable":true,"href":"https:\/\/aromour.lt\/lv\/wp-json\/wp\/v2\/media\/3465"}],"wp:attachment":[{"href":"https:\/\/aromour.lt\/lv\/wp-json\/wp\/v2\/media?parent=3464"}],"wp:term":[{"taxonomy":"product_brand","embeddable":true,"href":"https:\/\/aromour.lt\/lv\/wp-json\/wp\/v2\/product_brand?post=3464"},{"taxonomy":"product_cat","embeddable":true,"href":"https:\/\/aromour.lt\/lv\/wp-json\/wp\/v2\/product_cat?post=3464"},{"taxonomy":"product_tag","embeddable":true,"href":"https:\/\/aromour.lt\/lv\/wp-json\/wp\/v2\/product_tag?post=3464"}],"curies":[{"name":"wp","href":"https:\/\/api.w.org\/{rel}","templated":true}]}}