{"id":3469,"date":"2024-10-25T11:07:10","date_gmt":"2024-10-25T08:07:10","guid":{"rendered":"https:\/\/aromour.lt\/produktas\/fragrance-world-shalina-royal-essence-edp-100-ml\/"},"modified":"2024-10-25T11:07:10","modified_gmt":"2024-10-25T08:07:10","slug":"fragrance-world-shalina-royal-essence-edp-100-ml","status":"publish","type":"product","link":"https:\/\/aromour.lt\/lv\/produktas\/fragrance-world-shalina-royal-essence-edp-100-ml\/","title":{"rendered":"Fragrance World Shalina Royal Essence EDP 100 ml"},"content":{"rendered":"<p><strong>Fragrance World Shalina Royal Essence<\/strong> \u2013 tas ir \u012bpa\u0161i sievi\u0161\u0137\u012bgs, d\u0101rgs arom\u0101ts, iedvesmots no slaven\u0101 ni\u0161as arom\u0101ta, kur\u0161 apbur ar savu eleganci, svaigumu un smalku saldumu. \u0160is arom\u0101ts lieliski piem\u0113rots tiem, kas mekl\u0113 izsmalcin\u0101t\u012bbu, sievi\u0161\u0137\u012bbu un maigumu, bet taj\u0101 pa\u0161\u0101 laik\u0101 v\u0113las saglab\u0101t izteiksm\u012bgu, ilgi saglab\u0101jo\u0161u iespaidu.<\/p>\n<p>Arom\u0101ts raksturojas ar svaigu, maigu un j\u016bt\u012bgu raksturu, kas smalki aptver un atst\u0101j ilgsto\u0161u p\u0113du. Arom\u0101tu bie\u017ei raksturo k\u0101 vasar\u012bgu, ziedu un aug\u013cu kombin\u0101ciju, kas lieliski piem\u0113rota gan ikdienai, gan \u012bpa\u0161iem br\u012b\u017eiem. Pateicoties t\u0101 daudzveid\u012bbai un izsmalcin\u0101t\u012bbai, Shalina Royal Essence ir iecien\u012bts daudzu sievie\u0161u vid\u016b, kuras nov\u0113rt\u0113 kvalit\u0101ti un tuvumu ori\u0123in\u0101lam.<\/p>\n","protected":false},"excerpt":{"rendered":"<p>Fragrance World Shalina Royal Essence \u2013 tas ir \u012bpa\u0161i sievi\u0161\u0137\u012bgs, d\u0101rgs arom\u0101ts, iedvesmots no slaven\u0101 ni\u0161as arom\u0101ta, kur\u0161 apbur ar<\/p>\n","protected":false},"featured_media":3471,"comment_status":"open","ping_status":"closed","template":"","meta":[],"product_brand":[52],"product_cat":[196,232,198,199,200,206,207,234,205,208,210,239,213,238,214,216,201,202],"product_tag":[],"class_list":{"0":"post-3469","1":"product","2":"type-product","3":"status-publish","4":"has-post-thumbnail","6":"product_brand-fragrance-world","7":"product_cat-ambros-smarzas","8":"product_cat-auglu-aromati","9":"product_cat-eau-de-parfum-edp","10":"product_cat-edp-smarzas-sievietem","11":"product_cat-fragrance-world","12":"product_cat-greznas-smarzas","13":"product_cat-greznas-smarzas-sievietem","14":"product_cat-jaunakas-smarzas","15":"product_cat-pavasara-parfimi","16":"product_cat-romantiskas-smarzas","17":"product_cat-saldas-smarzas","18":"product_cat-smarzas-viriesiem","19":"product_cat-vakara-parfimi","20":"product_cat-vakara-smarzas-sievietem","21":"product_cat-vasaras-smarzas","22":"product_cat-visas-smarzas","23":"product_cat-ziedu-aromati","24":"product_cat-ziedu-aromati-sievietem","26":"first","27":"instock","28":"sale","29":"taxable","30":"shipping-taxable","31":"purchasable","32":"product-type-variable","33":"has-default-attributes"},"_links":{"self":[{"href":"https:\/\/aromour.lt\/lv\/wp-json\/wp\/v2\/product\/3469","targetHints":{"allow":["GET"]}}],"collection":[{"href":"https:\/\/aromour.lt\/lv\/wp-json\/wp\/v2\/product"}],"about":[{"href":"https:\/\/aromour.lt\/lv\/wp-json\/wp\/v2\/types\/product"}],"replies":[{"embeddable":true,"href":"https:\/\/aromour.lt\/lv\/wp-json\/wp\/v2\/comments?post=3469"}],"version-history":[{"count":0,"href":"https:\/\/aromour.lt\/lv\/wp-json\/wp\/v2\/product\/3469\/revisions"}],"wp:featuredmedia":[{"embeddable":true,"href":"https:\/\/aromour.lt\/lv\/wp-json\/wp\/v2\/media\/3471"}],"wp:attachment":[{"href":"https:\/\/aromour.lt\/lv\/wp-json\/wp\/v2\/media?parent=3469"}],"wp:term":[{"taxonomy":"product_brand","embeddable":true,"href":"https:\/\/aromour.lt\/lv\/wp-json\/wp\/v2\/product_brand?post=3469"},{"taxonomy":"product_cat","embeddable":true,"href":"https:\/\/aromour.lt\/lv\/wp-json\/wp\/v2\/product_cat?post=3469"},{"taxonomy":"product_tag","embeddable":true,"href":"https:\/\/aromour.lt\/lv\/wp-json\/wp\/v2\/product_tag?post=3469"}],"curies":[{"name":"wp","href":"https:\/\/api.w.org\/{rel}","templated":true}]}}