{"id":3474,"date":"2024-10-25T11:07:10","date_gmt":"2024-10-25T08:07:10","guid":{"rendered":"https:\/\/aromour.lt\/produktas\/fragrance-world-french-portrait-edp-100-ml\/"},"modified":"2024-10-25T11:07:10","modified_gmt":"2024-10-25T08:07:10","slug":"fragrance-world-french-portrait-edp-100-ml","status":"publish","type":"product","link":"https:\/\/aromour.lt\/lv\/produktas\/fragrance-world-french-portrait-edp-100-ml\/","title":{"rendered":"Fragrance World French Portrait EDP 100 ml"},"content":{"rendered":"<p><strong>Fragrance World French Portrait<\/strong> \u2013 izcils un grezns arom\u0101ts, kas iedvesmots slavena ni\u0161as smar\u017eas \u201ePortrait of a Lady\u201c. \u0160is smar\u017eas variants ir paredz\u0113ts tiem, kas nov\u0113rt\u0113 eleganci, dzi\u013cumu un izteiksm\u012bgu raksturu \u2013 lieliski piem\u0113rots gan ikdienai, gan \u012bpa\u0161iem gad\u012bjumiem, kad v\u0113las uzsv\u0113rt savu individualit\u0101ti un rafin\u0113tu gaumi.<\/p>\n<p>Arom\u0101ts izce\u013cas ar modernu ro\u017eu un gar\u0161vielu kombin\u0101ciju, kas maigi ieskauj un atst\u0101j ilgsto\u0161u, bag\u0101t\u012bgu arom\u0101ta p\u0113du. Smar\u017eas tiek uzskat\u012btas par ni\u0161as arom\u0101tu, \u013coti tuvu ori\u0123in\u0101lam, ta\u010du raksturs ir nedaudz viegl\u0101ks un ne p\u0101r\u0101k salds, t\u0101d\u0113\u013c piem\u0113rots nobriedu\u0161\u0101m sieviet\u0113m vai tiem, kas mekl\u0113 izsmalcin\u0101tu, bet ne uzm\u0101c\u012bgu arom\u0101tu.<\/p>\n<p>French Portrait bie\u017ei tiek raksturots k\u0101 dzi\u013c\u0161, mistisks un elegants \u2013 taj\u0101 domin\u0113 ro\u017eu, pa\u010d\u016blijas un v\u012braka to\u0146i, kas rada grezn\u012bbas un nosl\u0113puma saj\u016btu. Arom\u0101ts ir izcils ar lielisku notur\u012bbu un sp\u0113c\u012bgu p\u0113du, t\u0101d\u0113\u013c sa\u0146em daudz komplimentu un tiek augsti nov\u0113rt\u0113ts par tuvumu ori\u0123in\u0101lam.<\/p>\n","protected":false},"excerpt":{"rendered":"<p>Fragrance World French Portrait \u2013 izcils un grezns arom\u0101ts, kas iedvesmots slavena ni\u0161as smar\u017eas \u201ePortrait of a Lady\u201c. \u0160is smar\u017eas<\/p>\n","protected":false},"featured_media":3475,"comment_status":"open","ping_status":"closed","template":"","meta":[],"product_brand":[52],"product_cat":[232,198,199,200,230,234,205,208,231,214,216,201,202],"product_tag":[],"class_list":{"0":"post-3474","1":"product","2":"type-product","3":"status-publish","4":"has-post-thumbnail","6":"product_brand-fragrance-world","7":"product_cat-auglu-aromati","8":"product_cat-eau-de-parfum-edp","9":"product_cat-edp-smarzas-sievietem","10":"product_cat-fragrance-world","11":"product_cat-ikdienas-smarzas-sievietem","12":"product_cat-jaunakas-smarzas","13":"product_cat-pavasara-parfimi","14":"product_cat-romantiskas-smarzas","15":"product_cat-smarzas-sievietem","16":"product_cat-vasaras-smarzas","17":"product_cat-visas-smarzas","18":"product_cat-ziedu-aromati","19":"product_cat-ziedu-aromati-sievietem","21":"first","22":"instock","23":"sale","24":"taxable","25":"shipping-taxable","26":"purchasable","27":"product-type-variable","28":"has-default-attributes"},"_links":{"self":[{"href":"https:\/\/aromour.lt\/lv\/wp-json\/wp\/v2\/product\/3474","targetHints":{"allow":["GET"]}}],"collection":[{"href":"https:\/\/aromour.lt\/lv\/wp-json\/wp\/v2\/product"}],"about":[{"href":"https:\/\/aromour.lt\/lv\/wp-json\/wp\/v2\/types\/product"}],"replies":[{"embeddable":true,"href":"https:\/\/aromour.lt\/lv\/wp-json\/wp\/v2\/comments?post=3474"}],"version-history":[{"count":0,"href":"https:\/\/aromour.lt\/lv\/wp-json\/wp\/v2\/product\/3474\/revisions"}],"wp:featuredmedia":[{"embeddable":true,"href":"https:\/\/aromour.lt\/lv\/wp-json\/wp\/v2\/media\/3475"}],"wp:attachment":[{"href":"https:\/\/aromour.lt\/lv\/wp-json\/wp\/v2\/media?parent=3474"}],"wp:term":[{"taxonomy":"product_brand","embeddable":true,"href":"https:\/\/aromour.lt\/lv\/wp-json\/wp\/v2\/product_brand?post=3474"},{"taxonomy":"product_cat","embeddable":true,"href":"https:\/\/aromour.lt\/lv\/wp-json\/wp\/v2\/product_cat?post=3474"},{"taxonomy":"product_tag","embeddable":true,"href":"https:\/\/aromour.lt\/lv\/wp-json\/wp\/v2\/product_tag?post=3474"}],"curies":[{"name":"wp","href":"https:\/\/api.w.org\/{rel}","templated":true}]}}