{"id":3479,"date":"2024-10-25T11:07:10","date_gmt":"2024-10-25T08:07:10","guid":{"rendered":"https:\/\/aromour.lt\/produktas\/fragrance-world-imperium-edp-100-ml\/"},"modified":"2024-10-25T11:07:10","modified_gmt":"2024-10-25T08:07:10","slug":"fragrance-world-imperium-edp-100-ml","status":"publish","type":"product","link":"https:\/\/aromour.lt\/lv\/produktas\/fragrance-world-imperium-edp-100-ml\/","title":{"rendered":"Fragrance World Imperium EDP 100 ml"},"content":{"rendered":"<p><strong>Fragrance World Imperium<\/strong> \u2013 tas ir izcils, rafin\u0113ts unisex arom\u0101ts tiem, kas nov\u0113rt\u0113 eleganci, notur\u012bbu un izcilu raksturu ikdien\u0101 vai \u012bpa\u0161os gad\u012bjumos. \u0160\u012b smar\u017ea izce\u013cas ar savu bag\u0101t\u012bgo, sildo\u0161o un modernu iespaidu, kas maigi apskauj un atst\u0101j ilgsto\u0161u arom\u0101ta p\u0113du, kas sniedz pa\u0161apzi\u0146as un grezn\u012bbas saj\u016btu.<\/p>\n<p>Imperium arom\u0101ts lieliski piem\u0113rots gan v\u012brie\u0161iem, gan sieviet\u0113m, kuri v\u0113las izcelt savu individualit\u0101ti un stilu. Pateicoties t\u0101 univers\u0101lit\u0101tei un notur\u012bbai, \u0161o arom\u0101tu bie\u017ei izv\u0113las vakariem vai \u012bpa\u0161\u0101m reiz\u0113m, ta\u010du tas lieliski der ar\u012b ikdienas lieto\u0161anai, kad v\u0113las izcelt \u012bpa\u0161u akcentu.<\/p>\n","protected":false},"excerpt":{"rendered":"<p>Fragrance World Imperium \u2013 tas ir izcils, rafin\u0113ts unisex arom\u0101ts tiem, kas nov\u0113rt\u0113 eleganci, notur\u012bbu un izcilu raksturu ikdien\u0101 vai<\/p>\n","protected":false},"featured_media":3480,"comment_status":"open","ping_status":"closed","template":"","meta":[],"product_brand":[52],"product_cat":[229,215,237,198,220,200,226,203,204,211,214,216],"product_tag":[],"class_list":{"0":"post-3479","1":"product","2":"type-product","3":"status-publish","4":"has-post-thumbnail","6":"product_brand-fragrance-world","7":"product_cat-atsvaidzinosi-aromati","8":"product_cat-biznesa-smarzas","9":"product_cat-citrusu-smarzas","10":"product_cat-eau-de-parfum-edp","11":"product_cat-edp-smarzas-viriesiem","12":"product_cat-fragrance-world","13":"product_cat-garsvielu-smarzas-viriesiem","14":"product_cat-ikdienas-parfimi","15":"product_cat-koksnes-aromati","16":"product_cat-top-10-parfimu","17":"product_cat-vasaras-smarzas","18":"product_cat-visas-smarzas","20":"first","21":"instock","22":"sale","23":"taxable","24":"shipping-taxable","25":"purchasable","26":"product-type-variable","27":"has-default-attributes"},"_links":{"self":[{"href":"https:\/\/aromour.lt\/lv\/wp-json\/wp\/v2\/product\/3479","targetHints":{"allow":["GET"]}}],"collection":[{"href":"https:\/\/aromour.lt\/lv\/wp-json\/wp\/v2\/product"}],"about":[{"href":"https:\/\/aromour.lt\/lv\/wp-json\/wp\/v2\/types\/product"}],"replies":[{"embeddable":true,"href":"https:\/\/aromour.lt\/lv\/wp-json\/wp\/v2\/comments?post=3479"}],"version-history":[{"count":0,"href":"https:\/\/aromour.lt\/lv\/wp-json\/wp\/v2\/product\/3479\/revisions"}],"wp:featuredmedia":[{"embeddable":true,"href":"https:\/\/aromour.lt\/lv\/wp-json\/wp\/v2\/media\/3480"}],"wp:attachment":[{"href":"https:\/\/aromour.lt\/lv\/wp-json\/wp\/v2\/media?parent=3479"}],"wp:term":[{"taxonomy":"product_brand","embeddable":true,"href":"https:\/\/aromour.lt\/lv\/wp-json\/wp\/v2\/product_brand?post=3479"},{"taxonomy":"product_cat","embeddable":true,"href":"https:\/\/aromour.lt\/lv\/wp-json\/wp\/v2\/product_cat?post=3479"},{"taxonomy":"product_tag","embeddable":true,"href":"https:\/\/aromour.lt\/lv\/wp-json\/wp\/v2\/product_tag?post=3479"}],"curies":[{"name":"wp","href":"https:\/\/api.w.org\/{rel}","templated":true}]}}