{"id":3484,"date":"2024-10-25T11:07:10","date_gmt":"2024-10-25T08:07:10","guid":{"rendered":"https:\/\/aromour.lt\/produktas\/fragrance-world-azzure-homme-edp-100-ml\/"},"modified":"2024-10-25T11:07:10","modified_gmt":"2024-10-25T08:07:10","slug":"fragrance-world-azzure-homme-edp-100-ml","status":"publish","type":"product","link":"https:\/\/aromour.lt\/lv\/produktas\/fragrance-world-azzure-homme-edp-100-ml\/","title":{"rendered":"Fragrance World Azzure Homme EDP 100 ml"},"content":{"rendered":"<p><strong>Fragrance World Azzure Homme<\/strong> \u2013 tas ir izcils, klasisk\u0101 Eiropas stil\u0101 rad\u012bts arom\u0101ts m\u016bsdien\u012bgam v\u012brietim, kur\u0161 nov\u0113rt\u0113 eleganci, svaigumu un izteiksm\u012bgu raksturu. \u0160\u012b smar\u017ea iedvesmota no slaven\u0101 Azzaro pour Homme arom\u0101ta, t\u0101p\u0113c raksturo citrusaug\u013cu, lavandas un gar\u0161vielu kombin\u0101cija, kas smalki p\u0101riet siltos koka un \u0101das akordos, pie\u0161\u0137irot smar\u017eai dzi\u013cumu un izsmalcin\u0101t\u012bbu.<\/p>\n<p>Arom\u0101ts atver durvis uz svaigu un ener\u0123isku pasauli, kur domin\u0113 citrusaug\u013ci, lavanda, n\u0101tres un baziliks. Sird\u012b atkl\u0101jas bag\u0101t\u012bgas koka, pa\u010d\u016blijas un vetiverijas nianses, kas pie\u0161\u0137ir smar\u017eai v\u012bri\u0161\u0137\u012bbu un izcelsmi. Pamatu veido \u0101da, ambra, muskuss un tonka pupi\u0146as, kas nodro\u0161ina ilgi notur\u012bgu, siltu un j\u016bt\u012bgu p\u0113dpalikumu.<\/p>\n<p><strong>Fragrance World Azzure Homme<\/strong> \u2013 lieliska izv\u0113le v\u012brie\u0161iem, kas mekl\u0113 univers\u0101lu, ta\u010du izcilu smar\u017eu, kas piest\u0101v gan dienai, gan vakaram. \u0160is arom\u0101ts uzsver v\u012bri\u0161\u0137\u012bbu, pa\u0161p\u0101rliecin\u0101t\u012bbu un smalku grezn\u012bbu, t\u0101p\u0113c lieliski piem\u0113rots gan ikdienas lieto\u0161anai, gan \u012bpa\u0161iem gad\u012bjumiem.<\/p>\n","protected":false},"excerpt":{"rendered":"<p>Fragrance World Azzure Homme \u2013 tas ir izcils, klasisk\u0101 Eiropas stil\u0101 rad\u012bts arom\u0101ts m\u016bsdien\u012bgam v\u012brietim, kur\u0161 nov\u0113rt\u0113 eleganci, svaigumu un<\/p>\n","protected":false},"featured_media":3485,"comment_status":"open","ping_status":"closed","template":"","meta":[],"product_brand":[],"product_cat":[229,215,237,198,220,200,233,234,204,239,214,216],"product_tag":[],"class_list":{"0":"post-3484","1":"product","2":"type-product","3":"status-publish","4":"has-post-thumbnail","6":"product_cat-atsvaidzinosi-aromati","7":"product_cat-biznesa-smarzas","8":"product_cat-citrusu-smarzas","9":"product_cat-eau-de-parfum-edp","10":"product_cat-edp-smarzas-viriesiem","11":"product_cat-fragrance-world","12":"product_cat-ikdienas-smarzas-viriesiem","13":"product_cat-jaunakas-smarzas","14":"product_cat-koksnes-aromati","15":"product_cat-smarzas-viriesiem","16":"product_cat-vasaras-smarzas","17":"product_cat-visas-smarzas","19":"first","20":"instock","21":"sale","22":"taxable","23":"shipping-taxable","24":"purchasable","25":"product-type-variable","26":"has-default-attributes"},"_links":{"self":[{"href":"https:\/\/aromour.lt\/lv\/wp-json\/wp\/v2\/product\/3484","targetHints":{"allow":["GET"]}}],"collection":[{"href":"https:\/\/aromour.lt\/lv\/wp-json\/wp\/v2\/product"}],"about":[{"href":"https:\/\/aromour.lt\/lv\/wp-json\/wp\/v2\/types\/product"}],"replies":[{"embeddable":true,"href":"https:\/\/aromour.lt\/lv\/wp-json\/wp\/v2\/comments?post=3484"}],"version-history":[{"count":0,"href":"https:\/\/aromour.lt\/lv\/wp-json\/wp\/v2\/product\/3484\/revisions"}],"wp:featuredmedia":[{"embeddable":true,"href":"https:\/\/aromour.lt\/lv\/wp-json\/wp\/v2\/media\/3485"}],"wp:attachment":[{"href":"https:\/\/aromour.lt\/lv\/wp-json\/wp\/v2\/media?parent=3484"}],"wp:term":[{"taxonomy":"product_brand","embeddable":true,"href":"https:\/\/aromour.lt\/lv\/wp-json\/wp\/v2\/product_brand?post=3484"},{"taxonomy":"product_cat","embeddable":true,"href":"https:\/\/aromour.lt\/lv\/wp-json\/wp\/v2\/product_cat?post=3484"},{"taxonomy":"product_tag","embeddable":true,"href":"https:\/\/aromour.lt\/lv\/wp-json\/wp\/v2\/product_tag?post=3484"}],"curies":[{"name":"wp","href":"https:\/\/api.w.org\/{rel}","templated":true}]}}