{"id":3489,"date":"2024-10-25T11:07:10","date_gmt":"2024-10-25T08:07:10","guid":{"rendered":"https:\/\/aromour.lt\/produktas\/fragrance-world-oud-wonder-edp-80-ml\/"},"modified":"2024-10-25T11:07:10","modified_gmt":"2024-10-25T08:07:10","slug":"fragrance-world-oud-wonder-edp-80-ml","status":"publish","type":"product","link":"https:\/\/aromour.lt\/lv\/produktas\/fragrance-world-oud-wonder-edp-80-ml\/","title":{"rendered":"Fragrance World Oud Wonder EDP 80 ml"},"content":{"rendered":"<p><strong>Fragrance World Oud Wonder<\/strong> \u2013 tas ir izcils unisex arom\u0101ts, iedvesmots no slaven\u0101 Tom Ford Oud Wood smar\u017eas, kas apvieno grezn\u012bbu, nosl\u0113pumain\u012bbu un rafin\u0113t\u012bbu vien\u0101 unik\u0101l\u0101 arom\u0101t\u0101. \u0160is arom\u0101ts pieder Austrumu koka smar\u017eu grupai un izce\u013cas ar bag\u0101t\u012bgu, siltu un d\u016bmainu raksturu, kas smalki apk\u013cauj un atst\u0101j ilgsto\u0161u iespaidu.<\/p>\n<p>Oud Wonder smar\u017ea izce\u013cas ar eksotisku, neparedzamu skan\u0113jumu \u2013 katra sast\u0101vda\u013ca atkl\u0101jas cit\u0101d\u0101k, atkar\u012bb\u0101 no noska\u0146ojuma un apk\u0101rt\u0113j\u0101s vides. Smar\u017ea lieliski piem\u0113rota gan v\u012brie\u0161iem, gan sieviet\u0113m, kas v\u0113las uzsv\u0113rt savu individualit\u0101ti, pa\u0161p\u0101rliecin\u0101t\u012bbu un izcilu stilu. \u0160is arom\u0101ts ide\u0101li piem\u0113rots gan dienai, gan vakaram, kad v\u0113las atst\u0101t neaizmirstamu iespaidu.<\/p>\n","protected":false},"excerpt":{"rendered":"<p>Fragrance World Oud Wonder \u2013 tas ir izcils unisex arom\u0101ts, iedvesmots no slaven\u0101 Tom Ford Oud Wood smar\u017eas, kas apvieno<\/p>\n","protected":false},"featured_media":3490,"comment_status":"open","ping_status":"closed","template":"","meta":[],"product_brand":[52],"product_cat":[236,198,220,200,225,226,235,204,223,224,209,211,213,227,216,217],"product_tag":[],"class_list":{"0":"post-3489","1":"product","2":"type-product","3":"status-publish","4":"has-post-thumbnail","6":"product_brand-fragrance-world","7":"product_cat-austrumu-aromati","8":"product_cat-eau-de-parfum-edp","9":"product_cat-edp-smarzas-viriesiem","10":"product_cat-fragrance-world","11":"product_cat-garsvielu-smarzas","12":"product_cat-garsvielu-smarzas-viriesiem","13":"product_cat-izcili-smarzas-viriesiem","14":"product_cat-koksnes-aromati","15":"product_cat-oud-smarzas","16":"product_cat-popularakie","17":"product_cat-rudens-smarzas","18":"product_cat-top-10-parfimu","19":"product_cat-vakara-parfimi","20":"product_cat-vakara-smarzas-viriesiem","21":"product_cat-visas-smarzas","22":"product_cat-ziemas-smarzas","24":"first","25":"instock","26":"sale","27":"taxable","28":"shipping-taxable","29":"purchasable","30":"product-type-variable","31":"has-default-attributes"},"_links":{"self":[{"href":"https:\/\/aromour.lt\/lv\/wp-json\/wp\/v2\/product\/3489","targetHints":{"allow":["GET"]}}],"collection":[{"href":"https:\/\/aromour.lt\/lv\/wp-json\/wp\/v2\/product"}],"about":[{"href":"https:\/\/aromour.lt\/lv\/wp-json\/wp\/v2\/types\/product"}],"replies":[{"embeddable":true,"href":"https:\/\/aromour.lt\/lv\/wp-json\/wp\/v2\/comments?post=3489"}],"version-history":[{"count":0,"href":"https:\/\/aromour.lt\/lv\/wp-json\/wp\/v2\/product\/3489\/revisions"}],"wp:featuredmedia":[{"embeddable":true,"href":"https:\/\/aromour.lt\/lv\/wp-json\/wp\/v2\/media\/3490"}],"wp:attachment":[{"href":"https:\/\/aromour.lt\/lv\/wp-json\/wp\/v2\/media?parent=3489"}],"wp:term":[{"taxonomy":"product_brand","embeddable":true,"href":"https:\/\/aromour.lt\/lv\/wp-json\/wp\/v2\/product_brand?post=3489"},{"taxonomy":"product_cat","embeddable":true,"href":"https:\/\/aromour.lt\/lv\/wp-json\/wp\/v2\/product_cat?post=3489"},{"taxonomy":"product_tag","embeddable":true,"href":"https:\/\/aromour.lt\/lv\/wp-json\/wp\/v2\/product_tag?post=3489"}],"curies":[{"name":"wp","href":"https:\/\/api.w.org\/{rel}","templated":true}]}}