{"id":3494,"date":"2024-10-25T11:07:10","date_gmt":"2024-10-25T08:07:10","guid":{"rendered":"https:\/\/aromour.lt\/produktas\/fragrance-world-carlisle-edp-100-ml\/"},"modified":"2024-10-25T11:07:10","modified_gmt":"2024-10-25T08:07:10","slug":"fragrance-world-carlisle-edp-100-ml","status":"publish","type":"product","link":"https:\/\/aromour.lt\/lv\/produktas\/fragrance-world-carlisle-edp-100-ml\/","title":{"rendered":"Fragrance World Carlisle EDP 100 ml"},"content":{"rendered":"<p><strong>Fragrance World Carlisle<\/strong> \u2013 izsmalcin\u0101ts un rafin\u0113ts unisex arom\u0101ts tiem, kas nov\u0113rt\u0113 eleganci, siltumu un izcilu raksturu ikdien\u0101 vai \u012bpa\u0161os br\u012b\u017eos. \u0160\u012b smar\u017ea izce\u013cas ar harmoniski sabalans\u0113tu, bag\u0101t\u012bgu un siltu iespaidu, kas maigi apk\u013cauj un atst\u0101j ilgsto\u0161u \u0161leifu, radot p\u0101rliec\u012bbas un grezn\u012bbas saj\u016btu.<\/p>\n<p>Carlisle arom\u0101ts lieliski piem\u0113rots gan v\u012brie\u0161iem, gan sieviet\u0113m, kuri v\u0113las izcelt savu individualit\u0101ti un stilu. Pateicoties t\u0101 daudzpus\u012bbai un notur\u012bbai, \u0161o arom\u0101tu bie\u017ei izv\u0113las vakaram vai \u012bpa\u0161iem gad\u012bjumiem, ta\u010du tas lieliski noder ar\u012b ikdienai, kad v\u0113las izcilu akcentu. Arom\u0101ts raksturo siltu, saldu un viegli pikantu raksturu, kas rada m\u0101j\u012bguma un elegances saj\u016btu.<\/p>\n","protected":false},"excerpt":{"rendered":"<p>Fragrance World Carlisle \u2013 izsmalcin\u0101ts un rafin\u0113ts unisex arom\u0101ts tiem, kas nov\u0113rt\u0113 eleganci, siltumu un izcilu raksturu ikdien\u0101 vai \u012bpa\u0161os<\/p>\n","protected":false},"featured_media":3495,"comment_status":"open","ping_status":"closed","template":"","meta":[],"product_brand":[52],"product_cat":[232,236,198,220,200,225,235,221,204,205,224,239,213,214,216],"product_tag":[],"class_list":{"0":"post-3494","1":"product","2":"type-product","3":"status-publish","4":"has-post-thumbnail","6":"product_brand-fragrance-world","7":"product_cat-auglu-aromati","8":"product_cat-austrumu-aromati","9":"product_cat-eau-de-parfum-edp","10":"product_cat-edp-smarzas-viriesiem","11":"product_cat-fragrance-world","12":"product_cat-garsvielu-smarzas","13":"product_cat-izcili-smarzas-viriesiem","14":"product_cat-koka-smarzas-viriesiem","15":"product_cat-koksnes-aromati","16":"product_cat-pavasara-parfimi","17":"product_cat-popularakie","18":"product_cat-smarzas-viriesiem","19":"product_cat-vakara-parfimi","20":"product_cat-vasaras-smarzas","21":"product_cat-visas-smarzas","23":"first","24":"instock","25":"sale","26":"taxable","27":"shipping-taxable","28":"purchasable","29":"product-type-variable","30":"has-default-attributes"},"_links":{"self":[{"href":"https:\/\/aromour.lt\/lv\/wp-json\/wp\/v2\/product\/3494","targetHints":{"allow":["GET"]}}],"collection":[{"href":"https:\/\/aromour.lt\/lv\/wp-json\/wp\/v2\/product"}],"about":[{"href":"https:\/\/aromour.lt\/lv\/wp-json\/wp\/v2\/types\/product"}],"replies":[{"embeddable":true,"href":"https:\/\/aromour.lt\/lv\/wp-json\/wp\/v2\/comments?post=3494"}],"version-history":[{"count":0,"href":"https:\/\/aromour.lt\/lv\/wp-json\/wp\/v2\/product\/3494\/revisions"}],"wp:featuredmedia":[{"embeddable":true,"href":"https:\/\/aromour.lt\/lv\/wp-json\/wp\/v2\/media\/3495"}],"wp:attachment":[{"href":"https:\/\/aromour.lt\/lv\/wp-json\/wp\/v2\/media?parent=3494"}],"wp:term":[{"taxonomy":"product_brand","embeddable":true,"href":"https:\/\/aromour.lt\/lv\/wp-json\/wp\/v2\/product_brand?post=3494"},{"taxonomy":"product_cat","embeddable":true,"href":"https:\/\/aromour.lt\/lv\/wp-json\/wp\/v2\/product_cat?post=3494"},{"taxonomy":"product_tag","embeddable":true,"href":"https:\/\/aromour.lt\/lv\/wp-json\/wp\/v2\/product_tag?post=3494"}],"curies":[{"name":"wp","href":"https:\/\/api.w.org\/{rel}","templated":true}]}}