{"id":3499,"date":"2024-10-25T11:07:10","date_gmt":"2024-10-25T08:07:10","guid":{"rendered":"https:\/\/aromour.lt\/produktas\/fragrance-world-cherry-buzz-edp-80-ml\/"},"modified":"2024-10-25T11:07:10","modified_gmt":"2024-10-25T08:07:10","slug":"fragrance-world-cherry-buzz-edp-80-ml","status":"publish","type":"product","link":"https:\/\/aromour.lt\/lv\/produktas\/fragrance-world-cherry-buzz-edp-80-ml\/","title":{"rendered":"Fragrance World Cherry Buzz EDP 80 ml"},"content":{"rendered":"<p><strong>Fragrance World Cherry Buzz<\/strong> \u2013 tas ir izcils uniseks arom\u0101ts, rad\u012bts tiem, kas m\u012bl spilgtas, saldas un vienlaikus pikantas smar\u017eas. \u0160\u012b smar\u017ea izce\u013cas ar savu dinamisku un valdzin\u0101tu raksturu, kas lieliski piest\u0101v gan ikdienai, gan \u012bpa\u0161iem gad\u012bjumiem, kad v\u0113las atst\u0101t ilgsto\u0161u iespaidu un uzsv\u0113rt individualit\u0101ti. Arom\u0101ts atver durvis \u0137ir\u0161u un ingvera svaigumam, ko smalki papildina eleganta ziedu dzi\u013cums. Kad smar\u017ea nostabiliz\u0113jas, j\u016btama silt\u0101 un j\u016bt\u012bg\u0101 b\u0101ze ar gar\u0161vielu noti un muskusa pieska\u0146u. \u0160o notu kombin\u0101cija rada br\u012bni\u0161\u0137\u012bgu att\u012bst\u012bbu un ilgu notur\u012bbu, kas patiks tiem, kas mekl\u0113 izcil\u012bbu un modernumu.<\/p>\n","protected":false},"excerpt":{"rendered":"<p>Fragrance World Cherry Buzz \u2013 tas ir izcils uniseks arom\u0101ts, rad\u012bts tiem, kas m\u012bl spilgtas, saldas un vienlaikus pikantas smar\u017eas.<\/p>\n","protected":false},"featured_media":3500,"comment_status":"open","ping_status":"closed","template":"","meta":[],"product_brand":[52],"product_cat":[232,198,199,200,207,205,224,208,209,210,231,211,238,214,216,201,217],"product_tag":[],"class_list":{"0":"post-3499","1":"product","2":"type-product","3":"status-publish","4":"has-post-thumbnail","6":"product_brand-fragrance-world","7":"product_cat-auglu-aromati","8":"product_cat-eau-de-parfum-edp","9":"product_cat-edp-smarzas-sievietem","10":"product_cat-fragrance-world","11":"product_cat-greznas-smarzas-sievietem","12":"product_cat-pavasara-parfimi","13":"product_cat-popularakie","14":"product_cat-romantiskas-smarzas","15":"product_cat-rudens-smarzas","16":"product_cat-saldas-smarzas","17":"product_cat-smarzas-sievietem","18":"product_cat-top-10-parfimu","19":"product_cat-vakara-smarzas-sievietem","20":"product_cat-vasaras-smarzas","21":"product_cat-visas-smarzas","22":"product_cat-ziedu-aromati","23":"product_cat-ziemas-smarzas","25":"first","26":"instock","27":"sale","28":"taxable","29":"shipping-taxable","30":"purchasable","31":"product-type-variable","32":"has-default-attributes"},"_links":{"self":[{"href":"https:\/\/aromour.lt\/lv\/wp-json\/wp\/v2\/product\/3499","targetHints":{"allow":["GET"]}}],"collection":[{"href":"https:\/\/aromour.lt\/lv\/wp-json\/wp\/v2\/product"}],"about":[{"href":"https:\/\/aromour.lt\/lv\/wp-json\/wp\/v2\/types\/product"}],"replies":[{"embeddable":true,"href":"https:\/\/aromour.lt\/lv\/wp-json\/wp\/v2\/comments?post=3499"}],"version-history":[{"count":0,"href":"https:\/\/aromour.lt\/lv\/wp-json\/wp\/v2\/product\/3499\/revisions"}],"wp:featuredmedia":[{"embeddable":true,"href":"https:\/\/aromour.lt\/lv\/wp-json\/wp\/v2\/media\/3500"}],"wp:attachment":[{"href":"https:\/\/aromour.lt\/lv\/wp-json\/wp\/v2\/media?parent=3499"}],"wp:term":[{"taxonomy":"product_brand","embeddable":true,"href":"https:\/\/aromour.lt\/lv\/wp-json\/wp\/v2\/product_brand?post=3499"},{"taxonomy":"product_cat","embeddable":true,"href":"https:\/\/aromour.lt\/lv\/wp-json\/wp\/v2\/product_cat?post=3499"},{"taxonomy":"product_tag","embeddable":true,"href":"https:\/\/aromour.lt\/lv\/wp-json\/wp\/v2\/product_tag?post=3499"}],"curies":[{"name":"wp","href":"https:\/\/api.w.org\/{rel}","templated":true}]}}