{"id":3504,"date":"2024-10-25T11:07:10","date_gmt":"2024-10-25T08:07:10","guid":{"rendered":"https:\/\/aromour.lt\/produktas\/fragrance-world-gabrale-canale-edp-100-ml\/"},"modified":"2024-10-25T11:07:10","modified_gmt":"2024-10-25T08:07:10","slug":"fragrance-world-gabrale-canale-edp-100-ml","status":"publish","type":"product","link":"https:\/\/aromour.lt\/lv\/produktas\/fragrance-world-gabrale-canale-edp-100-ml\/","title":{"rendered":"Fragrance World Gabrale Canale EDP 100 ml"},"content":{"rendered":"<p><strong>Fragrance World Gabrale Canale<\/strong> \u2013 tas ir izcils, modernais arom\u0101ts, rad\u012bts tiem, kas nov\u0113rt\u0113 br\u012bv\u012bbu, eleganci un smalku sievi\u0161\u0137\u012bbu. \u0160is arom\u0101ts iedvesmots no slaven\u0101 Chanel Gabrielle arom\u0101ta un izce\u013cas ar savu vieglu, saulainu un nedaudz rota\u013c\u012bgu raksturu, kas maigi aptver un atst\u0101j neaizmirstamu iespaidu.<\/p>\n<p>Arom\u0101ts ir paredz\u0113ts sieviet\u0113m, kuras m\u012bl maigumu, bezgal\u012bgu m\u012blest\u012bbu, bet vienlaikus nov\u0113rt\u0113 patst\u0101v\u012bbu un rado\u0161umu. Gabrale Canale smar\u017ea apbur ar savu gai\u0161umu, izsmalcin\u0101t\u012bbu un vieglu rota\u013c\u012bguma piesk\u0101rienu, kas dod pa\u0161p\u0101rliecin\u0101t\u012bbas un izcil\u012bbas saj\u016btu. Tas ir arom\u0101ts, kas piesaista uzman\u012bbu un valdzin\u0101t apk\u0101rt\u0113jos, uzsverot individualit\u0101ti un rado\u0161u person\u012bbu.<\/p>\n","protected":false},"excerpt":{"rendered":"<p>Fragrance World Gabrale Canale \u2013 tas ir izcils, modernais arom\u0101ts, rad\u012bts tiem, kas nov\u0113rt\u0113 br\u012bv\u012bbu, eleganci un smalku sievi\u0161\u0137\u012bbu. \u0160is<\/p>\n","protected":false},"featured_media":3505,"comment_status":"open","ping_status":"closed","template":"","meta":[],"product_brand":[52],"product_cat":[229,232,198,199,200,230,214,216,201],"product_tag":[],"class_list":{"0":"post-3504","1":"product","2":"type-product","3":"status-publish","4":"has-post-thumbnail","6":"product_brand-fragrance-world","7":"product_cat-atsvaidzinosi-aromati","8":"product_cat-auglu-aromati","9":"product_cat-eau-de-parfum-edp","10":"product_cat-edp-smarzas-sievietem","11":"product_cat-fragrance-world","12":"product_cat-ikdienas-smarzas-sievietem","13":"product_cat-vasaras-smarzas","14":"product_cat-visas-smarzas","15":"product_cat-ziedu-aromati","17":"first","18":"instock","19":"sale","20":"taxable","21":"shipping-taxable","22":"purchasable","23":"product-type-variable","24":"has-default-attributes"},"_links":{"self":[{"href":"https:\/\/aromour.lt\/lv\/wp-json\/wp\/v2\/product\/3504","targetHints":{"allow":["GET"]}}],"collection":[{"href":"https:\/\/aromour.lt\/lv\/wp-json\/wp\/v2\/product"}],"about":[{"href":"https:\/\/aromour.lt\/lv\/wp-json\/wp\/v2\/types\/product"}],"replies":[{"embeddable":true,"href":"https:\/\/aromour.lt\/lv\/wp-json\/wp\/v2\/comments?post=3504"}],"version-history":[{"count":0,"href":"https:\/\/aromour.lt\/lv\/wp-json\/wp\/v2\/product\/3504\/revisions"}],"wp:featuredmedia":[{"embeddable":true,"href":"https:\/\/aromour.lt\/lv\/wp-json\/wp\/v2\/media\/3505"}],"wp:attachment":[{"href":"https:\/\/aromour.lt\/lv\/wp-json\/wp\/v2\/media?parent=3504"}],"wp:term":[{"taxonomy":"product_brand","embeddable":true,"href":"https:\/\/aromour.lt\/lv\/wp-json\/wp\/v2\/product_brand?post=3504"},{"taxonomy":"product_cat","embeddable":true,"href":"https:\/\/aromour.lt\/lv\/wp-json\/wp\/v2\/product_cat?post=3504"},{"taxonomy":"product_tag","embeddable":true,"href":"https:\/\/aromour.lt\/lv\/wp-json\/wp\/v2\/product_tag?post=3504"}],"curies":[{"name":"wp","href":"https:\/\/api.w.org\/{rel}","templated":true}]}}