{"id":3509,"date":"2024-10-25T11:07:10","date_gmt":"2024-10-25T08:07:10","guid":{"rendered":"https:\/\/aromour.lt\/produktas\/fragrance-world-black-afgano-edp-60-ml\/"},"modified":"2024-10-25T11:07:10","modified_gmt":"2024-10-25T08:07:10","slug":"fragrance-world-black-afgano-edp-60-ml","status":"publish","type":"product","link":"https:\/\/aromour.lt\/lv\/produktas\/fragrance-world-black-afgano-edp-60-ml\/","title":{"rendered":"Fragrance World Black Afgano EDP 60 ml"},"content":{"rendered":"<p><strong>Fragrance World Black Afgano<\/strong> \u2013 tas ir izcils, ni\u0161as unisex arom\u0101ts tiem, kas mekl\u0113 dzi\u013cu, nosl\u0113pumainu un hipnotiz\u0113jo\u0161u smar\u017eu, iedvesmots no le\u0123end\u0101r\u0101 Black Afgano. \u0160is arom\u0101ts izce\u013cas ar bag\u0101t\u012bgu, tum\u0161u un intens\u012bvu raksturu, kas smalki ieskauj un atst\u0101j ilgsto\u0161u iespaidu \u2013 no pirmaj\u0101m mirkl\u012bm l\u012bdz vakaram.<\/p>\n<p>Arom\u0101ts paredz\u0113ts gan v\u012brie\u0161iem, gan sieviet\u0113m, kas nov\u0113rt\u0113 grezn\u012bbu, izcil\u012bbu un sp\u0113c\u012bgu ener\u0123iju. Black Afgano smar\u017ea bie\u017ei tiek aprakst\u012bta k\u0101 tum\u0161a, kaisl\u012bga, pat nedaudz provokat\u012bva \u2013 t\u0101 modina saj\u016btas un pie\u0161\u0137ir nosl\u0113pumain\u012bbas auru. Smar\u017ea asoci\u0113jas ar nakts piedz\u012bvojumiem, br\u012bv\u012bbu un iek\u0161\u0113jo sp\u0113ku, t\u0101d\u0113\u013c lieliski piem\u0113rota vakaram vai \u012bpa\u0161iem notikumiem, kad v\u0113las izcelties un atst\u0101t neaizmirstamu iespaidu.<\/p>\n<p>\u0160is arom\u0101ts izce\u013cas ar ilgsto\u0161u, bag\u0101t\u012bgu p\u0113du un greznu, melnu smar\u017eu kr\u0101su \u2013 t\u0101d\u0113\u013c ieteicams smidzin\u0101t tikai uz \u0101das, lai izvair\u012btos no audumu kr\u0101sas izl\u012bdzin\u0101\u0161an\u0101s. Smar\u017eu bie\u017ei sal\u012bdzina ar ori\u0123in\u0101lo Black Afgano, un daudzi lietot\u0101ji slav\u0113 t\u0101 izcil\u012bbu, sp\u0113ku un sp\u0113ju rad\u012bt sp\u0113c\u012bgas emocijas.<\/p>\n","protected":false},"excerpt":{"rendered":"<p>Fragrance World Black Afgano \u2013 tas ir izcils, ni\u0161as unisex arom\u0101ts tiem, kas mekl\u0113 dzi\u013cu, nosl\u0113pumainu un hipnotiz\u0113jo\u0161u smar\u017eu, iedvesmots<\/p>\n","protected":false},"featured_media":3510,"comment_status":"open","ping_status":"closed","template":"","meta":[],"product_brand":[52],"product_cat":[236,198,220,200,235,204,224,211,213,227,216,217],"product_tag":[],"class_list":{"0":"post-3509","1":"product","2":"type-product","3":"status-publish","4":"has-post-thumbnail","6":"product_brand-fragrance-world","7":"product_cat-austrumu-aromati","8":"product_cat-eau-de-parfum-edp","9":"product_cat-edp-smarzas-viriesiem","10":"product_cat-fragrance-world","11":"product_cat-izcili-smarzas-viriesiem","12":"product_cat-koksnes-aromati","13":"product_cat-popularakie","14":"product_cat-top-10-parfimu","15":"product_cat-vakara-parfimi","16":"product_cat-vakara-smarzas-viriesiem","17":"product_cat-visas-smarzas","18":"product_cat-ziemas-smarzas","20":"first","21":"instock","22":"sale","23":"taxable","24":"shipping-taxable","25":"purchasable","26":"product-type-variable","27":"has-default-attributes"},"_links":{"self":[{"href":"https:\/\/aromour.lt\/lv\/wp-json\/wp\/v2\/product\/3509","targetHints":{"allow":["GET"]}}],"collection":[{"href":"https:\/\/aromour.lt\/lv\/wp-json\/wp\/v2\/product"}],"about":[{"href":"https:\/\/aromour.lt\/lv\/wp-json\/wp\/v2\/types\/product"}],"replies":[{"embeddable":true,"href":"https:\/\/aromour.lt\/lv\/wp-json\/wp\/v2\/comments?post=3509"}],"version-history":[{"count":0,"href":"https:\/\/aromour.lt\/lv\/wp-json\/wp\/v2\/product\/3509\/revisions"}],"wp:featuredmedia":[{"embeddable":true,"href":"https:\/\/aromour.lt\/lv\/wp-json\/wp\/v2\/media\/3510"}],"wp:attachment":[{"href":"https:\/\/aromour.lt\/lv\/wp-json\/wp\/v2\/media?parent=3509"}],"wp:term":[{"taxonomy":"product_brand","embeddable":true,"href":"https:\/\/aromour.lt\/lv\/wp-json\/wp\/v2\/product_brand?post=3509"},{"taxonomy":"product_cat","embeddable":true,"href":"https:\/\/aromour.lt\/lv\/wp-json\/wp\/v2\/product_cat?post=3509"},{"taxonomy":"product_tag","embeddable":true,"href":"https:\/\/aromour.lt\/lv\/wp-json\/wp\/v2\/product_tag?post=3509"}],"curies":[{"name":"wp","href":"https:\/\/api.w.org\/{rel}","templated":true}]}}