{"id":3514,"date":"2024-10-25T11:07:10","date_gmt":"2024-10-25T08:07:10","guid":{"rendered":"https:\/\/aromour.lt\/produktas\/fragrance-world-midori-edp-100-ml\/"},"modified":"2024-10-25T11:07:10","modified_gmt":"2024-10-25T08:07:10","slug":"fragrance-world-midori-edp-100-ml","status":"publish","type":"product","link":"https:\/\/aromour.lt\/lv\/produktas\/fragrance-world-midori-edp-100-ml\/","title":{"rendered":"Fragrance World Midori EDP 100 ml"},"content":{"rendered":"<p><strong>Fragrance World Midori EDP<\/strong> \u2013 t\u0101 ir izcil\u0101 unisex smar\u017ea, kas iedvesmota no za\u013cumiem un svaiguma, rad\u012bta tiem, kas nov\u0113rt\u0113 m\u016bsdien\u012bgu, ener\u0123isku un dab\u012bgu arom\u0101tu ikdien\u0101 vai \u012bpa\u0161os gad\u012bjumos. \u0160is arom\u0101ts izce\u013cas ar svaigu, za\u013cu un nedaudz pikantu raksturu, kas maigi ap\u0146em un atst\u0101j ilgsto\u0161u iespaidu.<\/p>\n<p>Midori arom\u0101ts lieliski piem\u0113rots gan v\u012brie\u0161iem, gan sieviet\u0113m, kuri v\u0113las izcelt savu individualit\u0101ti, t\u012br\u012bbu un ener\u0123iju. Arom\u0101ts bie\u017ei tiek raksturots k\u0101 svaigs, citrus\u012bgs, ar za\u013co lapu, koksnes un maigu gar\u0161augu not\u012bm, kas pie\u0161\u0137ir tam modernu un izce\u013co\u0161u raksturu. Sava univers\u0101luma un notur\u012bbas d\u0113\u013c \u0161is arom\u0101ts b\u016bs lieliski piem\u0113rots gan ikdienas lieto\u0161anai, gan vakaram vai \u012bpa\u0161iem gad\u012bjumiem.<\/p>\n","protected":false},"excerpt":{"rendered":"<p>Fragrance World Midori EDP \u2013 t\u0101 ir izcil\u0101 unisex smar\u017ea, kas iedvesmota no za\u013cumiem un svaiguma, rad\u012bta tiem, kas nov\u0113rt\u0113<\/p>\n","protected":false},"featured_media":3515,"comment_status":"open","ping_status":"closed","template":"","meta":[],"product_brand":[],"product_cat":[229,236,237,198,220,200,226,203,235,221,204,227,214,216],"product_tag":[],"class_list":{"0":"post-3514","1":"product","2":"type-product","3":"status-publish","4":"has-post-thumbnail","6":"product_cat-atsvaidzinosi-aromati","7":"product_cat-austrumu-aromati","8":"product_cat-citrusu-smarzas","9":"product_cat-eau-de-parfum-edp","10":"product_cat-edp-smarzas-viriesiem","11":"product_cat-fragrance-world","12":"product_cat-garsvielu-smarzas-viriesiem","13":"product_cat-ikdienas-parfimi","14":"product_cat-izcili-smarzas-viriesiem","15":"product_cat-koka-smarzas-viriesiem","16":"product_cat-koksnes-aromati","17":"product_cat-vakara-smarzas-viriesiem","18":"product_cat-vasaras-smarzas","19":"product_cat-visas-smarzas","21":"first","22":"instock","23":"sale","24":"taxable","25":"shipping-taxable","26":"purchasable","27":"product-type-variable","28":"has-default-attributes"},"_links":{"self":[{"href":"https:\/\/aromour.lt\/lv\/wp-json\/wp\/v2\/product\/3514","targetHints":{"allow":["GET"]}}],"collection":[{"href":"https:\/\/aromour.lt\/lv\/wp-json\/wp\/v2\/product"}],"about":[{"href":"https:\/\/aromour.lt\/lv\/wp-json\/wp\/v2\/types\/product"}],"replies":[{"embeddable":true,"href":"https:\/\/aromour.lt\/lv\/wp-json\/wp\/v2\/comments?post=3514"}],"version-history":[{"count":0,"href":"https:\/\/aromour.lt\/lv\/wp-json\/wp\/v2\/product\/3514\/revisions"}],"wp:featuredmedia":[{"embeddable":true,"href":"https:\/\/aromour.lt\/lv\/wp-json\/wp\/v2\/media\/3515"}],"wp:attachment":[{"href":"https:\/\/aromour.lt\/lv\/wp-json\/wp\/v2\/media?parent=3514"}],"wp:term":[{"taxonomy":"product_brand","embeddable":true,"href":"https:\/\/aromour.lt\/lv\/wp-json\/wp\/v2\/product_brand?post=3514"},{"taxonomy":"product_cat","embeddable":true,"href":"https:\/\/aromour.lt\/lv\/wp-json\/wp\/v2\/product_cat?post=3514"},{"taxonomy":"product_tag","embeddable":true,"href":"https:\/\/aromour.lt\/lv\/wp-json\/wp\/v2\/product_tag?post=3514"}],"curies":[{"name":"wp","href":"https:\/\/api.w.org\/{rel}","templated":true}]}}