{"id":3519,"date":"2024-10-25T11:07:10","date_gmt":"2024-10-25T08:07:10","guid":{"rendered":"https:\/\/aromour.lt\/produktas\/fragrance-world-intro-aftermath-edp-80-ml\/"},"modified":"2024-10-25T11:07:10","modified_gmt":"2024-10-25T08:07:10","slug":"fragrance-world-intro-aftermath-edp-80-ml","status":"publish","type":"product","link":"https:\/\/aromour.lt\/lv\/produktas\/fragrance-world-intro-aftermath-edp-80-ml\/","title":{"rendered":"Fragrance World Intro Aftermath EDP 80 ml"},"content":{"rendered":"<p><strong>Fragrance World Intro Aftermath<\/strong> \u2013 izcils unisex arom\u0101ts, rad\u012bts tiem, kas m\u012bl izbaud\u012bt dz\u012bvi un nov\u0113rt\u0113 katru mirkli kop\u0101 ar draugiem, kol\u0113\u0123iem vai tuvajiem cilv\u0113kiem. \u0160im arom\u0101tam ir dzi\u013c\u0161, pretrun\u012bgs un \u013coti j\u016bt\u012bgs raksturs, kas smalki apskauj un atst\u0101j ilgi notur\u012bgu iespaidu.<\/p>\n<p>Arom\u0101ts izce\u013cas ar siltu austrumu un tabakas noti, kas rada nosl\u0113pumainu un valdzino\u0161u arom\u0101tu. Smar\u017ea lieliski piem\u0113rota gan v\u012brie\u0161iem, gan sieviet\u0113m, kas v\u0113las izcelt savu individualit\u0101ti un iedvesmot apk\u0101rt\u0113jos. T\u0101 ir \u013coti notur\u012bga un intens\u012bva smar\u017ea, kas rosina izt\u0113li un neatst\u0101j vienaldz\u012bgus.<\/p>\n","protected":false},"excerpt":{"rendered":"<p>Fragrance World Intro Aftermath \u2013 izcils unisex arom\u0101ts, rad\u012bts tiem, kas m\u012bl izbaud\u012bt dz\u012bvi un nov\u0113rt\u0113 katru mirkli kop\u0101 ar<\/p>\n","protected":false},"featured_media":3520,"comment_status":"open","ping_status":"closed","template":"","meta":[],"product_brand":[52],"product_cat":[198,220,200,225,226,204,209,239,212,213,227,216,217],"product_tag":[],"class_list":{"0":"post-3519","1":"product","2":"type-product","3":"status-publish","4":"has-post-thumbnail","6":"product_brand-fragrance-world","7":"product_cat-eau-de-parfum-edp","8":"product_cat-edp-smarzas-viriesiem","9":"product_cat-fragrance-world","10":"product_cat-garsvielu-smarzas","11":"product_cat-garsvielu-smarzas-viriesiem","12":"product_cat-koksnes-aromati","13":"product_cat-rudens-smarzas","14":"product_cat-smarzas-viriesiem","15":"product_cat-unisex-parfimi","16":"product_cat-vakara-parfimi","17":"product_cat-vakara-smarzas-viriesiem","18":"product_cat-visas-smarzas","19":"product_cat-ziemas-smarzas","21":"first","22":"instock","23":"sale","24":"taxable","25":"shipping-taxable","26":"purchasable","27":"product-type-variable","28":"has-default-attributes"},"_links":{"self":[{"href":"https:\/\/aromour.lt\/lv\/wp-json\/wp\/v2\/product\/3519","targetHints":{"allow":["GET"]}}],"collection":[{"href":"https:\/\/aromour.lt\/lv\/wp-json\/wp\/v2\/product"}],"about":[{"href":"https:\/\/aromour.lt\/lv\/wp-json\/wp\/v2\/types\/product"}],"replies":[{"embeddable":true,"href":"https:\/\/aromour.lt\/lv\/wp-json\/wp\/v2\/comments?post=3519"}],"version-history":[{"count":0,"href":"https:\/\/aromour.lt\/lv\/wp-json\/wp\/v2\/product\/3519\/revisions"}],"wp:featuredmedia":[{"embeddable":true,"href":"https:\/\/aromour.lt\/lv\/wp-json\/wp\/v2\/media\/3520"}],"wp:attachment":[{"href":"https:\/\/aromour.lt\/lv\/wp-json\/wp\/v2\/media?parent=3519"}],"wp:term":[{"taxonomy":"product_brand","embeddable":true,"href":"https:\/\/aromour.lt\/lv\/wp-json\/wp\/v2\/product_brand?post=3519"},{"taxonomy":"product_cat","embeddable":true,"href":"https:\/\/aromour.lt\/lv\/wp-json\/wp\/v2\/product_cat?post=3519"},{"taxonomy":"product_tag","embeddable":true,"href":"https:\/\/aromour.lt\/lv\/wp-json\/wp\/v2\/product_tag?post=3519"}],"curies":[{"name":"wp","href":"https:\/\/api.w.org\/{rel}","templated":true}]}}