{"id":3524,"date":"2024-10-25T11:07:10","date_gmt":"2024-10-25T08:07:10","guid":{"rendered":"https:\/\/aromour.lt\/produktas\/fragrance-world-star-men-nebula-edp-100-ml\/"},"modified":"2024-10-25T11:07:10","modified_gmt":"2024-10-25T08:07:10","slug":"fragrance-world-star-men-nebula-edp-100-ml","status":"publish","type":"product","link":"https:\/\/aromour.lt\/lv\/produktas\/fragrance-world-star-men-nebula-edp-100-ml\/","title":{"rendered":"Fragrance World Star Men Nebula EDP 100 ml"},"content":{"rendered":"<p><strong>Fragrance World Star Men Nebula<\/strong> \u2013 izcila, m\u016bsdien\u012bga smar\u017ea, rad\u012bta modernam, nosl\u0113pumainam un stipram v\u012brietim, kur\u0161 nov\u0113rt\u0113 eleganci un izsmalcin\u0101t\u012bbu. \u0160\u012b smar\u017ea izce\u013cas ar bag\u0101t\u012bgu, austrumu un koka raksturu, kas smalki apskauj un atst\u0101j ilgsto\u0161u iespaidu.<\/p>\n<p>Smar\u017ea atver durvis uz aug\u013cu un citrusaug\u013cu svaigumu, ko papildina unik\u0101las saldo un gar\u0161vielu akcentu, kas pie\u0161\u0137ir smar\u017eai ener\u0123iju un gaismas saj\u016btu. Sird\u012b atkl\u0101jas izcils viskija un iesala savienojums, kas smar\u017eai pie\u0161\u0137ir nosl\u0113pumain\u012bbu un izcelt\u012bbu, bet silto koka un kafijas nianses rada m\u0101j\u012bgu, gard\u0113\u017eu iespaidu. Pamat\u0101 ir d\u016bmaini, vani\u013cas, ambrozes un muskusa to\u0146i, kas nodro\u0161ina ilgsto\u0161u, siltu un j\u016bt\u012bgu arom\u0101tisku m\u0101koni.<\/p>\n<p><strong>Fragrance World Star Men Nebula<\/strong> \u2013 lieliska izv\u0113le v\u012brie\u0161iem, kas mekl\u0113 izcilu, nosl\u0113pumainu un izsmalcin\u0101tu smar\u017eu, kas uzsv\u0113rtu individualit\u0101ti un sniegtu pa\u0161p\u0101rliecin\u0101t\u012bbu gan ikdien\u0101, gan \u012bpa\u0161os gad\u012bjumos.<\/p>\n","protected":false},"excerpt":{"rendered":"<p>Fragrance World Star Men Nebula \u2013 izcila, m\u016bsdien\u012bga smar\u017ea, rad\u012bta modernam, nosl\u0113pumainam un stipram v\u012brietim, kur\u0161 nov\u0113rt\u0113 eleganci un izsmalcin\u0101t\u012bbu.<\/p>\n","protected":false},"featured_media":3525,"comment_status":"open","ping_status":"closed","template":"","meta":[],"product_brand":[52],"product_cat":[215,198,220,200,225,233,204,205,239,214,216],"product_tag":[],"class_list":{"0":"post-3524","1":"product","2":"type-product","3":"status-publish","4":"has-post-thumbnail","6":"product_brand-fragrance-world","7":"product_cat-biznesa-smarzas","8":"product_cat-eau-de-parfum-edp","9":"product_cat-edp-smarzas-viriesiem","10":"product_cat-fragrance-world","11":"product_cat-garsvielu-smarzas","12":"product_cat-ikdienas-smarzas-viriesiem","13":"product_cat-koksnes-aromati","14":"product_cat-pavasara-parfimi","15":"product_cat-smarzas-viriesiem","16":"product_cat-vasaras-smarzas","17":"product_cat-visas-smarzas","19":"first","20":"instock","21":"sale","22":"taxable","23":"shipping-taxable","24":"purchasable","25":"product-type-variable","26":"has-default-attributes"},"_links":{"self":[{"href":"https:\/\/aromour.lt\/lv\/wp-json\/wp\/v2\/product\/3524","targetHints":{"allow":["GET"]}}],"collection":[{"href":"https:\/\/aromour.lt\/lv\/wp-json\/wp\/v2\/product"}],"about":[{"href":"https:\/\/aromour.lt\/lv\/wp-json\/wp\/v2\/types\/product"}],"replies":[{"embeddable":true,"href":"https:\/\/aromour.lt\/lv\/wp-json\/wp\/v2\/comments?post=3524"}],"version-history":[{"count":0,"href":"https:\/\/aromour.lt\/lv\/wp-json\/wp\/v2\/product\/3524\/revisions"}],"wp:featuredmedia":[{"embeddable":true,"href":"https:\/\/aromour.lt\/lv\/wp-json\/wp\/v2\/media\/3525"}],"wp:attachment":[{"href":"https:\/\/aromour.lt\/lv\/wp-json\/wp\/v2\/media?parent=3524"}],"wp:term":[{"taxonomy":"product_brand","embeddable":true,"href":"https:\/\/aromour.lt\/lv\/wp-json\/wp\/v2\/product_brand?post=3524"},{"taxonomy":"product_cat","embeddable":true,"href":"https:\/\/aromour.lt\/lv\/wp-json\/wp\/v2\/product_cat?post=3524"},{"taxonomy":"product_tag","embeddable":true,"href":"https:\/\/aromour.lt\/lv\/wp-json\/wp\/v2\/product_tag?post=3524"}],"curies":[{"name":"wp","href":"https:\/\/api.w.org\/{rel}","templated":true}]}}