{"id":3529,"date":"2024-10-25T11:07:10","date_gmt":"2024-10-25T08:07:10","guid":{"rendered":"https:\/\/aromour.lt\/produktas\/fragrance-world-caliber-declaration-edp-100-ml\/"},"modified":"2024-10-25T11:07:10","modified_gmt":"2024-10-25T08:07:10","slug":"fragrance-world-caliber-declaration-edp-100-ml","status":"publish","type":"product","link":"https:\/\/aromour.lt\/lv\/produktas\/fragrance-world-caliber-declaration-edp-100-ml\/","title":{"rendered":"Fragrance World Caliber Declaration EDP 100 ml"},"content":{"rendered":"<p><strong>Fragrance World Caliber Declaration<\/strong> \u2013 tas ir izsmalcin\u0101ts, rafin\u0113ts arom\u0101ts m\u016bsdien\u012bgam v\u012brietim, kur\u0161 augstu v\u0113rt\u0113 eleganci, pa\u0161p\u0101rliecin\u0101t\u012bbu un smalku grezn\u012bbas saj\u016btu. \u0160\u012b smar\u017ea ir iedvesmota no slaven\u0101 Cartier Declaration arom\u0101ta, t\u0101p\u0113c izce\u013cas ar intens\u012bvu, v\u012bri\u0161\u0137\u012bgu raksturu un izteiksm\u012bgu, ilgsto\u0161u arom\u0101ta p\u0113du.<\/p>\n<p>Arom\u0101ts atver durvis uz ener\u0123ijas un svaiguma pasauli, kur sapl\u016bst citrusaug\u013cu, gar\u0161vielu un koksnes akordi, smalki papildin\u0101ti ar silt\u0101m, arom\u0101tisk\u0101m nians\u0113m. Smar\u017ea lieliski piem\u0113rota gan ikdienai, gan \u012bpa\u0161iem sv\u0113tkiem, kad v\u0113las izcelt savu individualit\u0101ti un stilu.<\/p>\n<p><strong>Fragrance World Caliber Declaration<\/strong> \u2013 lieliska izv\u0113le v\u012brie\u0161iem, kas mekl\u0113 univers\u0101lu, ta\u010du izsmalcin\u0101tu arom\u0101tu, kas sniedz pa\u0161p\u0101rliecin\u0101t\u012bbu un atst\u0101j neaizmirstamu iespaidu.<\/p>\n","protected":false},"excerpt":{"rendered":"<p>Fragrance World Caliber Declaration \u2013 tas ir izsmalcin\u0101ts, rafin\u0113ts arom\u0101ts m\u016bsdien\u012bgam v\u012brietim, kur\u0161 augstu v\u0113rt\u0113 eleganci, pa\u0161p\u0101rliecin\u0101t\u012bbu un smalku grezn\u012bbas<\/p>\n","protected":false},"featured_media":3530,"comment_status":"open","ping_status":"closed","template":"","meta":[],"product_brand":[52],"product_cat":[215,198,220,200,225,233,204,239,216],"product_tag":[],"class_list":{"0":"post-3529","1":"product","2":"type-product","3":"status-publish","4":"has-post-thumbnail","6":"product_brand-fragrance-world","7":"product_cat-biznesa-smarzas","8":"product_cat-eau-de-parfum-edp","9":"product_cat-edp-smarzas-viriesiem","10":"product_cat-fragrance-world","11":"product_cat-garsvielu-smarzas","12":"product_cat-ikdienas-smarzas-viriesiem","13":"product_cat-koksnes-aromati","14":"product_cat-smarzas-viriesiem","15":"product_cat-visas-smarzas","17":"first","18":"instock","19":"sale","20":"taxable","21":"shipping-taxable","22":"purchasable","23":"product-type-variable","24":"has-default-attributes"},"_links":{"self":[{"href":"https:\/\/aromour.lt\/lv\/wp-json\/wp\/v2\/product\/3529","targetHints":{"allow":["GET"]}}],"collection":[{"href":"https:\/\/aromour.lt\/lv\/wp-json\/wp\/v2\/product"}],"about":[{"href":"https:\/\/aromour.lt\/lv\/wp-json\/wp\/v2\/types\/product"}],"replies":[{"embeddable":true,"href":"https:\/\/aromour.lt\/lv\/wp-json\/wp\/v2\/comments?post=3529"}],"version-history":[{"count":0,"href":"https:\/\/aromour.lt\/lv\/wp-json\/wp\/v2\/product\/3529\/revisions"}],"wp:featuredmedia":[{"embeddable":true,"href":"https:\/\/aromour.lt\/lv\/wp-json\/wp\/v2\/media\/3530"}],"wp:attachment":[{"href":"https:\/\/aromour.lt\/lv\/wp-json\/wp\/v2\/media?parent=3529"}],"wp:term":[{"taxonomy":"product_brand","embeddable":true,"href":"https:\/\/aromour.lt\/lv\/wp-json\/wp\/v2\/product_brand?post=3529"},{"taxonomy":"product_cat","embeddable":true,"href":"https:\/\/aromour.lt\/lv\/wp-json\/wp\/v2\/product_cat?post=3529"},{"taxonomy":"product_tag","embeddable":true,"href":"https:\/\/aromour.lt\/lv\/wp-json\/wp\/v2\/product_tag?post=3529"}],"curies":[{"name":"wp","href":"https:\/\/api.w.org\/{rel}","templated":true}]}}