{"id":3534,"date":"2024-10-25T11:07:10","date_gmt":"2024-10-25T08:07:10","guid":{"rendered":"https:\/\/aromour.lt\/produktas\/fragrance-world-rose-explosion-edp-80-ml\/"},"modified":"2025-11-27T17:16:42","modified_gmt":"2025-11-27T14:16:42","slug":"fragrance-world-rose-explosion-edp-80-ml","status":"publish","type":"product","link":"https:\/\/aromour.lt\/lv\/produktas\/fragrance-world-rose-explosion-edp-80-ml\/","title":{"rendered":"Fragrance World Rose Explosion EDP 80 ml"},"content":{"rendered":"<p><strong>Fragrance World Rose Explosion<\/strong> \u2013 tas ir intens\u012bvs, grezns un sare\u017e\u0123\u012bts uniseks arom\u0101ts tiem, kas nov\u0113rt\u0113 izcil\u012bbu, eleganci un j\u016bt\u012bgumu ikdien\u0101 vai \u012bpa\u0161os br\u012b\u017eos. \u0160is arom\u0101ts izce\u013cas ar ziedu un austrumu akordu apvienojumu, kas maigi ap\u0146em un atst\u0101j ilgsto\u0161u, z\u012bdainu iespaidu uz \u0101das.<\/p>\n<p>Rose Explosion arom\u0101ts atver durvis uz svaigu un dz\u012bv\u012bgu pasauli, kas \u0101tri p\u0101riet uz bag\u0101tu, j\u016bt\u012bgu sirdi, kur\u0101 domin\u0113 ro\u017eu akordi \u2013 tie simboliz\u0113 kaisli, sp\u0113ku un izsmalcin\u0101t\u012bbu. Arom\u0101ts ap\u0146em ar maigu grezn\u012bbas auru, kas saglab\u0101jas visu dienu un sniedz \u012bpa\u0161u pa\u0161p\u0101rliecin\u0101t\u012bbas saj\u016btu.<\/p>\n<p>\u0160is arom\u0101ts lieliski piem\u0113rots gan v\u012brie\u0161iem, gan sieviet\u0113m, kas v\u0113las uzsv\u0113rt savu individualit\u0101ti, izcil\u012bbu un smalko gaumi. Pateicoties intensit\u0101tei un ilgsto\u0161ajam m\u0101konim, Rose Explosion bie\u017ei izv\u0113las vakariem vai \u012bpa\u0161iem gad\u012bjumiem, bet tas b\u016bs lieliski piem\u0113rots ar\u012b ikdienas lieto\u0161anai, kad v\u0113las grezn\u012bbu un izcil\u012bbu.<\/p>\n","protected":false},"excerpt":{"rendered":"<p>Fragrance World Rose Explosion \u2013 tas ir intens\u012bvs, grezns un sare\u017e\u0123\u012bts uniseks arom\u0101ts tiem, kas nov\u0113rt\u0113 izcil\u012bbu, eleganci un j\u016bt\u012bgumu<\/p>\n","protected":false},"featured_media":3535,"comment_status":"open","ping_status":"closed","template":"","meta":[],"product_brand":[52],"product_cat":[198,207,208,242,210,231,239,238,216,201,202],"product_tag":[],"class_list":{"0":"post-3534","1":"product","2":"type-product","3":"status-publish","4":"has-post-thumbnail","6":"product_brand-fragrance-world","7":"product_cat-eau-de-parfum-edp","8":"product_cat-greznas-smarzas-sievietem","9":"product_cat-romantiskas-smarzas","10":"product_cat-rozu-aromati","11":"product_cat-saldas-smarzas","12":"product_cat-smarzas-sievietem","13":"product_cat-smarzas-viriesiem","14":"product_cat-vakara-smarzas-sievietem","15":"product_cat-visas-smarzas","16":"product_cat-ziedu-aromati","17":"product_cat-ziedu-aromati-sievietem","19":"first","20":"instock","21":"sale","22":"taxable","23":"shipping-taxable","24":"purchasable","25":"product-type-variable","26":"has-default-attributes"},"_links":{"self":[{"href":"https:\/\/aromour.lt\/lv\/wp-json\/wp\/v2\/product\/3534","targetHints":{"allow":["GET"]}}],"collection":[{"href":"https:\/\/aromour.lt\/lv\/wp-json\/wp\/v2\/product"}],"about":[{"href":"https:\/\/aromour.lt\/lv\/wp-json\/wp\/v2\/types\/product"}],"replies":[{"embeddable":true,"href":"https:\/\/aromour.lt\/lv\/wp-json\/wp\/v2\/comments?post=3534"}],"version-history":[{"count":0,"href":"https:\/\/aromour.lt\/lv\/wp-json\/wp\/v2\/product\/3534\/revisions"}],"wp:featuredmedia":[{"embeddable":true,"href":"https:\/\/aromour.lt\/lv\/wp-json\/wp\/v2\/media\/3535"}],"wp:attachment":[{"href":"https:\/\/aromour.lt\/lv\/wp-json\/wp\/v2\/media?parent=3534"}],"wp:term":[{"taxonomy":"product_brand","embeddable":true,"href":"https:\/\/aromour.lt\/lv\/wp-json\/wp\/v2\/product_brand?post=3534"},{"taxonomy":"product_cat","embeddable":true,"href":"https:\/\/aromour.lt\/lv\/wp-json\/wp\/v2\/product_cat?post=3534"},{"taxonomy":"product_tag","embeddable":true,"href":"https:\/\/aromour.lt\/lv\/wp-json\/wp\/v2\/product_tag?post=3534"}],"curies":[{"name":"wp","href":"https:\/\/api.w.org\/{rel}","templated":true}]}}