{"id":3539,"date":"2024-10-25T11:07:10","date_gmt":"2024-10-25T08:07:10","guid":{"rendered":"https:\/\/aromour.lt\/produktas\/fragrance-world-soleil-dombre-edp-100-ml\/"},"modified":"2024-10-25T11:07:10","modified_gmt":"2024-10-25T08:07:10","slug":"fragrance-world-soleil-dombre-edp-100-ml","status":"publish","type":"product","link":"https:\/\/aromour.lt\/lv\/produktas\/fragrance-world-soleil-dombre-edp-100-ml\/","title":{"rendered":"Fragrance World Soleil D&#8217;ombre EDP 100 ml"},"content":{"rendered":"<p><strong>Fragrance World Soleil D&#8217;ombre<\/strong> \u2013 tas ir izcils unisex arom\u0101ts, iedvesmots no slaven\u0101 Ombre Nomade arom\u0101ta, kas aicina doties smar\u017eu ce\u013cojum\u0101 pa tuksne\u0161a sirdi. \u0160is arom\u0101ts izce\u013cas ar austrumu, koka un d\u016bmu raksturu, smalki papildin\u0101ts ar ave\u0146u saldumu.<\/p>\n<p>Arom\u0101ts rad\u012bts tiem, kas nov\u0113rt\u0113 retas un greznas smar\u017eu kompoz\u012bcijas \u2013 galven\u0101 uzman\u012bba piev\u0113rsta ouda koka m\u012btiskajai b\u016bt\u012bbai, kuru papildina viegli j\u016btama d\u016bmu p\u0113da un maiga ave\u0146u nianse. \u0160is arom\u0101ts lieliski piem\u0113rots gan v\u012brie\u0161iem, gan sieviet\u0113m, kuri v\u0113las izcelt savu individualit\u0101ti, nosl\u0113pumain\u012bbu un izcil\u012bbu \u012bpa\u0161os gad\u012bjumos vai ikdien\u0101.<\/p>\n<p>Soleil D&#8217;ombre izce\u013cas ar ilgi notur\u012bgu, bag\u0101t\u012bgu un j\u016bt\u012bgu p\u0113du, kas smalki ietver un atst\u0101j neaizmirstamu iespaidu. Tas ir arom\u0101ts, kas aicina atkl\u0101t tuksne\u0161a nosl\u0113pumus un baud\u012bt grezn\u012bbas mirk\u013cus katru dienu.<\/p>\n","protected":false},"excerpt":{"rendered":"<p>Fragrance World Soleil D&#8217;ombre \u2013 tas ir izcils unisex arom\u0101ts, iedvesmots no slaven\u0101 Ombre Nomade arom\u0101ta, kas aicina doties smar\u017eu<\/p>\n","protected":false},"featured_media":3540,"comment_status":"open","ping_status":"closed","template":"","meta":[],"product_brand":[52],"product_cat":[236,198,220,200,235,204,224,209,213,216,217],"product_tag":[],"class_list":{"0":"post-3539","1":"product","2":"type-product","3":"status-publish","4":"has-post-thumbnail","6":"product_brand-fragrance-world","7":"product_cat-austrumu-aromati","8":"product_cat-eau-de-parfum-edp","9":"product_cat-edp-smarzas-viriesiem","10":"product_cat-fragrance-world","11":"product_cat-izcili-smarzas-viriesiem","12":"product_cat-koksnes-aromati","13":"product_cat-popularakie","14":"product_cat-rudens-smarzas","15":"product_cat-vakara-parfimi","16":"product_cat-visas-smarzas","17":"product_cat-ziemas-smarzas","19":"first","20":"instock","21":"sale","22":"taxable","23":"shipping-taxable","24":"purchasable","25":"product-type-variable","26":"has-default-attributes"},"_links":{"self":[{"href":"https:\/\/aromour.lt\/lv\/wp-json\/wp\/v2\/product\/3539","targetHints":{"allow":["GET"]}}],"collection":[{"href":"https:\/\/aromour.lt\/lv\/wp-json\/wp\/v2\/product"}],"about":[{"href":"https:\/\/aromour.lt\/lv\/wp-json\/wp\/v2\/types\/product"}],"replies":[{"embeddable":true,"href":"https:\/\/aromour.lt\/lv\/wp-json\/wp\/v2\/comments?post=3539"}],"version-history":[{"count":0,"href":"https:\/\/aromour.lt\/lv\/wp-json\/wp\/v2\/product\/3539\/revisions"}],"wp:featuredmedia":[{"embeddable":true,"href":"https:\/\/aromour.lt\/lv\/wp-json\/wp\/v2\/media\/3540"}],"wp:attachment":[{"href":"https:\/\/aromour.lt\/lv\/wp-json\/wp\/v2\/media?parent=3539"}],"wp:term":[{"taxonomy":"product_brand","embeddable":true,"href":"https:\/\/aromour.lt\/lv\/wp-json\/wp\/v2\/product_brand?post=3539"},{"taxonomy":"product_cat","embeddable":true,"href":"https:\/\/aromour.lt\/lv\/wp-json\/wp\/v2\/product_cat?post=3539"},{"taxonomy":"product_tag","embeddable":true,"href":"https:\/\/aromour.lt\/lv\/wp-json\/wp\/v2\/product_tag?post=3539"}],"curies":[{"name":"wp","href":"https:\/\/api.w.org\/{rel}","templated":true}]}}